{"id":11590,"date":"2024-12-27T15:25:55","date_gmt":"2024-12-27T15:25:55","guid":{"rendered":"https:\/\/parapharmaciecalifornietah.ma\/?post_type=product&#038;p=11590"},"modified":"2024-12-27T15:25:55","modified_gmt":"2024-12-27T15:25:55","slug":"sanogyl-dentifrice-blancheur-75ml","status":"publish","type":"product","link":"https:\/\/calita.ma\/fr\/produit\/sanogyl-dentifrice-blancheur-75ml\/","title":{"rendered":"SANOGYL DENTIFRICE BLANCHEUR 75ML"},"content":{"rendered":"<p>La blancheur est particuli\u00e8re \u00e0 chacun et d\u00e9pend de la couleur naturelle de l\u2019\u00e9mail. Cependant, au fil du\u00a0 temps, la plaque dentaire se d\u00e9veloppe et certains \u00e9l\u00e9ments ext\u00e9rieurs comme le th\u00e9, le caf\u00e9 ou la cigarette tachent jour apr\u00e8s jour vos dents. Elles perdent alors leur blancheur naturelle.<\/p>\n<p><b>Dents jaunes ou ternes<br \/>\nPlaque dentaire<\/b><\/p>\n<p>Pour restaurer en douceur la blancheur de vos dents nous avons con\u00e7u Sanogyl Blancheur et Soin.<\/p>","protected":false},"excerpt":{"rendered":"<p>La blancheur est particuli\u00e8re \u00e0 chacun et d\u00e9pend de la couleur naturelle de l\u2019\u00e9mail. Cependant, au fil du\u00a0 temps, la plaque dentaire se d\u00e9veloppe et&#8230;<\/p>","protected":false},"featured_media":11591,"comment_status":"open","ping_status":"closed","template":"","meta":[],"etheme_brands":[{"term_id":516,"name":"SANOGYL","slug":"sanogyl","term_group":0,"term_taxonomy_id":516,"taxonomy":"brand","description":"","parent":0,"count":10,"filter":"raw"}],"product_brand":[],"product_cat":[123,125,113],"product_tag":[],"class_list":{"0":"post-11590","1":"product","2":"type-product","3":"status-publish","4":"has-post-thumbnail","6":"brand-sanogyl","7":"product_cat-dentaire","8":"product_cat-dentifrices-dentaire","9":"product_cat-hygiene","11":"first","12":"instock","13":"sale","14":"shipping-taxable","15":"purchasable","16":"product-type-simple"},"_links":{"self":[{"href":"https:\/\/calita.ma\/fr\/wp-json\/wp\/v2\/product\/11590","targetHints":{"allow":["GET"]}}],"collection":[{"href":"https:\/\/calita.ma\/fr\/wp-json\/wp\/v2\/product"}],"about":[{"href":"https:\/\/calita.ma\/fr\/wp-json\/wp\/v2\/types\/product"}],"replies":[{"embeddable":true,"href":"https:\/\/calita.ma\/fr\/wp-json\/wp\/v2\/comments?post=11590"}],"version-history":[{"count":1,"href":"https:\/\/calita.ma\/fr\/wp-json\/wp\/v2\/product\/11590\/revisions"}],"predecessor-version":[{"id":11592,"href":"https:\/\/calita.ma\/fr\/wp-json\/wp\/v2\/product\/11590\/revisions\/11592"}],"wp:featuredmedia":[{"embeddable":true,"href":"https:\/\/calita.ma\/fr\/wp-json\/wp\/v2\/media\/11591"}],"wp:attachment":[{"href":"https:\/\/calita.ma\/fr\/wp-json\/wp\/v2\/media?parent=11590"}],"wp:term":[{"taxonomy":"brand","embeddable":true,"href":"https:\/\/calita.ma\/fr\/wp-json\/wp\/v2\/etheme_brands?post=11590"},{"taxonomy":"product_brand","embeddable":true,"href":"https:\/\/calita.ma\/fr\/wp-json\/wp\/v2\/product_brand?post=11590"},{"taxonomy":"product_cat","embeddable":true,"href":"https:\/\/calita.ma\/fr\/wp-json\/wp\/v2\/product_cat?post=11590"},{"taxonomy":"product_tag","embeddable":true,"href":"https:\/\/calita.ma\/fr\/wp-json\/wp\/v2\/product_tag?post=11590"}],"curies":[{"name":"wp","href":"https:\/\/api.w.org\/{rel}","templated":true}]}}