{"id":11243,"date":"2024-12-24T10:12:55","date_gmt":"2024-12-24T10:12:55","guid":{"rendered":"https:\/\/parapharmaciecalifornietah.ma\/?post_type=product&#038;p=11243"},"modified":"2024-12-24T10:12:55","modified_gmt":"2024-12-24T10:12:55","slug":"daylong-extreme-lotion-solaire-spf50-50ml","status":"publish","type":"product","link":"https:\/\/calita.ma\/fr\/produit\/daylong-extreme-lotion-solaire-spf50-50ml\/","title":{"rendered":"DAYLONG EXTREME LOTION SOLAIRE SPF50+ 50ML"},"content":{"rendered":"<p style=\"font-weight: 400;\"><b><strong>Daylong<\/strong><\/b>\u2122<b><strong>\u00a0extr\u00eame SPF 50+\u00a0<\/strong><\/b>est un lait de protection solaire liposomal qui offre une tr\u00e8s haute protection longue dur\u00e9e aux peaux les plus sensibles au soleil.<\/p>\n<p style=\"font-weight: 400;\"><b><strong>Indications<\/strong><\/b><\/p>\n<ul style=\"font-weight: 400;\">\n<li>Peaux tr\u00e8s claires (phototypes I et II)<\/li>\n<li>Ensoleillement extr\u00eame (haute montagne, tropique)<\/li>\n<li>Intol\u00e9rance ou allergie au soleil<\/li>\n<li>Pr\u00e9vention des taches de pigmentation (grossesse, photosensibilisation)<\/li>\n<li>Cicatrices et post traitement laser<\/li>\n<li>Visage et corps<\/li>\n<\/ul>\n<p style=\"font-weight: 400;\"><b><strong>Propri\u00e9t\u00e9s<\/strong><\/b><\/p>\n<ul style=\"font-weight: 400;\">\n<li>Tr\u00e8s haute protection SPF 50+ avec filtres photostables \u00e0 large spectre contre les UVA\/UVB<\/li>\n<li>Formulation liposomale unique acheminant les filtres solaires l\u00e0 o\u00f9 ils doivent agir, au c\u0153ur de la couche superficielle de l\u2019\u00e9piderme, pour une protection longue dur\u00e9e<\/li>\n<li>Aide \u00e0 prevenir les dommages cellulaires et le vieillissement cutan\u00e9 pr\u00e9matur\u00e9 induits par les UVA, UVB et infra-rouges (IR)<\/li>\n<li>Hydrate et nourrit la peau gr\u00e2ce \u00e0 l&#8217;aloe vera et la vitamine E.<\/li>\n<li>Haute tol\u00e9rance : hypoallerg\u00e9nique, sans parfum, sans paraben, sans octocryl\u00e8ne (filtre solaire allergisant), non com\u00e9dog\u00e8ne. Test\u00e9 sous contr\u00f4le dermatologique<\/li>\n<\/ul>\n<p style=\"font-weight: 400;\"><b><strong>Plaisir et confort d\u2019utilisation exceptionnel gr\u00e2ce \u00e0 la technologie liposomale<\/strong><\/b><\/p>\n<ul style=\"font-weight: 400;\">\n<li>Texture velout\u00e9e lait, non grasse, sans effet collant<\/li>\n<li>Facile \u00e0 \u00e9taler : p\u00e9n\u00e9tration rapide avec une r\u00e9partition homog\u00e8ne<\/li>\n<li>Extr\u00eamement r\u00e9sistant \u00e0 l&#8217;eau et \u00e0 la transpiration pour une protection longue tenue<\/li>\n<li>Sans traces blanches<\/li>\n<li>Ne pique pas les yeux<\/li>\n<li>Id\u00e9al pour les activit\u00e9s sportives et aquatiques<\/li>\n<\/ul>\n<p style=\"font-weight: 400;\"><b><strong>Conseils d\u2019utilisation<\/strong><\/b><\/p>\n<ul style=\"font-weight: 400;\">\n<li>Appliquer le photoprotecteur en couche suffisante environ 20 minutes avant l&#8217;exposition, bien laisser p\u00e9n\u00e9trer le produit. Eviter tout contact avec les yeux.<\/li>\n<li>L&#8217;application de trop faibles quantit\u00e9s de produit r\u00e9duit consid\u00e9rablement l&#8217;efficacit\u00e9 de la protection. Renouveler l&#8217;application afin de maintenir la protection solaire, en particulier apr\u00e8s avoir transpir\u00e9, nag\u00e9 ou vous \u00eatre essuy\u00e9.<\/li>\n<li>Rechercher l\u2019ombre et \u00e9vitez l\u2019exposition en milieu de journ\u00e9e.<\/li>\n<\/ul>\n<p style=\"font-weight: 400;\"><b><strong>Ingr\u00e9dients<\/strong><\/b><\/p>\n<p style=\"font-weight: 400;\">Eau, salicylate d&#8217;\u00e9thylhexyle, m\u00e9thyl\u00e8ne bis-benzotriazolyl t\u00e9tramethylbutylph\u00e9nol (nano), bis-\u00e9thylhexyloxyph\u00e9nol m\u00e9thoxyph\u00e9nyl triazine, di\u00e9thylhexyl butamido triazone, butyl m\u00e9thoxydibenzoylm\u00e9thane, C12-15 alkyl benzoate, dibutyl adipate, pentyl\u00e8ne glycol, alcool, sorbitol, dim\u00e9thicone, phosphate de c\u00e9tyle, alcool c\u00e9tylique, tri\u00e9thanolamine, tocoph\u00e9rol, d\u00e9cyle glucoside, l\u00e9cithine, polym\u00e8re r\u00e9ticul\u00e9 acide acrylique\/VP, propyl\u00e8ne glycol, gomme xanthane, poudre de jus de feuille d&#8217;Aloe Barbadensis<\/p>","protected":false},"excerpt":{"rendered":"<p>Daylong\u2122\u00a0extr\u00eame SPF 50+\u00a0est un lait de protection solaire liposomal qui offre une tr\u00e8s haute protection longue dur\u00e9e aux peaux les plus sensibles au soleil. Indications&#8230;<\/p>","protected":false},"featured_media":11244,"comment_status":"open","ping_status":"closed","template":"","meta":[],"etheme_brands":[{"term_id":512,"name":"DAYLONG","slug":"daylong","term_group":0,"term_taxonomy_id":512,"taxonomy":"brand","description":"","parent":0,"count":5,"filter":"raw"}],"product_brand":[],"product_cat":[373,348,347,412,371,355],"product_tag":[],"class_list":{"0":"post-11243","1":"product","2":"type-product","3":"status-publish","4":"has-post-thumbnail","6":"brand-daylong","7":"product_cat-creme1","8":"product_cat-indication","9":"product_cat-solaire1","10":"product_cat-solaires-invisibles","11":"product_cat-texture1","12":"product_cat-visage1","14":"first","15":"instock","16":"sale","17":"shipping-taxable","18":"purchasable","19":"product-type-simple"},"_links":{"self":[{"href":"https:\/\/calita.ma\/fr\/wp-json\/wp\/v2\/product\/11243","targetHints":{"allow":["GET"]}}],"collection":[{"href":"https:\/\/calita.ma\/fr\/wp-json\/wp\/v2\/product"}],"about":[{"href":"https:\/\/calita.ma\/fr\/wp-json\/wp\/v2\/types\/product"}],"replies":[{"embeddable":true,"href":"https:\/\/calita.ma\/fr\/wp-json\/wp\/v2\/comments?post=11243"}],"version-history":[{"count":1,"href":"https:\/\/calita.ma\/fr\/wp-json\/wp\/v2\/product\/11243\/revisions"}],"predecessor-version":[{"id":11245,"href":"https:\/\/calita.ma\/fr\/wp-json\/wp\/v2\/product\/11243\/revisions\/11245"}],"wp:featuredmedia":[{"embeddable":true,"href":"https:\/\/calita.ma\/fr\/wp-json\/wp\/v2\/media\/11244"}],"wp:attachment":[{"href":"https:\/\/calita.ma\/fr\/wp-json\/wp\/v2\/media?parent=11243"}],"wp:term":[{"taxonomy":"brand","embeddable":true,"href":"https:\/\/calita.ma\/fr\/wp-json\/wp\/v2\/etheme_brands?post=11243"},{"taxonomy":"product_brand","embeddable":true,"href":"https:\/\/calita.ma\/fr\/wp-json\/wp\/v2\/product_brand?post=11243"},{"taxonomy":"product_cat","embeddable":true,"href":"https:\/\/calita.ma\/fr\/wp-json\/wp\/v2\/product_cat?post=11243"},{"taxonomy":"product_tag","embeddable":true,"href":"https:\/\/calita.ma\/fr\/wp-json\/wp\/v2\/product_tag?post=11243"}],"curies":[{"name":"wp","href":"https:\/\/api.w.org\/{rel}","templated":true}]}}