{"id":11200,"date":"2024-12-22T13:09:18","date_gmt":"2024-12-22T13:09:18","guid":{"rendered":"https:\/\/parapharmaciecalifornietah.ma\/?post_type=product&#038;p=11200"},"modified":"2024-12-22T13:09:18","modified_gmt":"2024-12-22T13:09:18","slug":"roge-cavailles-gel-surgras-bain-et-douche-amande-verte-1l","status":"publish","type":"product","link":"https:\/\/calita.ma\/fr\/produit\/roge-cavailles-gel-surgras-bain-et-douche-amande-verte-1l\/","title":{"rendered":"ROGE CAVAILLES GEL SURGRAS BAIN ET DOUCHE AMANDE VERTE 1L"},"content":{"rendered":"<p style=\"font-weight: 400;\">ROG\u00c9 CAVAILL\u00c9S Gel bain et douche Surgras actif Prot\u00e8ge et nourrit activement Sans savon, sans paraben 1L Bien prot\u00e9g\u00e9e, votre peau reste douce et hydrat\u00e9e ! Pour prendre soin de votre peau sensible, le Gel bain et douche est enrichi en Surgras actif. Avec ce complexe exclusif, il nettoie en douceur et assure plus de protection pour encore plus d&#8217;hydratation. Utilis\u00e9 au quotidien, il prot\u00e8ge activement votre peau contre le dess\u00e8chement en renfor\u00e7ant ses m\u00e9canismes naturels de protection et la nourrit avec ses actifs relipidants aux propri\u00e9t\u00e9s reconstituantes. Sous la douche ou dans le bain, sa mousse onctueuse vous enveloppe d&#8217;un voile d\u00e9licatement parfum\u00e9 \u00e0 l&#8217;amande verte. Le Gel Bain et Douche surgras actif est sp\u00e9cifiquement formul\u00e9 pour nettoyer et prot\u00e9ger au quotidien les peaux d\u00e9licates et sensibles de toute la famille.<\/p>\n<p style=\"font-weight: 400;\"><b><strong>Conseils d&#8217;utilisation<\/strong><\/b><\/p>\n<p style=\"font-weight: 400;\">Sous la douche ou dans le bain, appliquez le Gel bain et douche Surgras actif sur votre peau pr\u00e9alablement mouill\u00e9e puis faites mousser. Onctueuse et facile \u00e0 rincer, sa mousse d\u00e9pose sur votre peau un d\u00e9licat parfum.<\/p>\n<p style=\"font-weight: 400;\"><b><strong>Composition<\/strong><\/b><\/p>\n<p style=\"font-weight: 400;\">Formule INCI : Aqua, Magnesium Laureth Sulfate, Cocamidopropyl Betaine, Glycerin, Propylene Glycol, PEG-6 Caprylic\/Capric Glycerides, Olive Oil PEG-7 Esters, PEG-75 Lanolin, Parfum, Hydrolyzed Collagen, Citric Acid, Tetrasodium EDTA, Sodium Benzoate, CI 42051, CI 19140. Hypoallerg\u00e9nique. pH physiologique. Sans savon. Sans paraben. Test\u00e9 cliniquement par des dermatologues. La liste des ingr\u00e9dients peut \u00eatre soumise \u00e0 des variations, nous vous conseillons de toujours v\u00e9rifier la liste figurant sur le produit achet\u00e9.<\/p>","protected":false},"excerpt":{"rendered":"<p>ROG\u00c9 CAVAILL\u00c9S Gel bain et douche Surgras actif Prot\u00e8ge et nourrit activement Sans savon, sans paraben 1L Bien prot\u00e9g\u00e9e, votre peau reste douce et hydrat\u00e9e&#8230;<\/p>","protected":false},"featured_media":11201,"comment_status":"open","ping_status":"closed","template":"","meta":[],"etheme_brands":[{"term_id":441,"name":"ROGE CAVAILL\u00c8S","slug":"roge-cavailles","term_group":0,"term_taxonomy_id":441,"taxonomy":"brand","description":"","parent":0,"count":69,"filter":"raw"}],"product_brand":[],"product_cat":[191,430,192],"product_tag":[],"class_list":{"0":"post-11200","1":"product","2":"type-product","3":"status-publish","4":"has-post-thumbnail","6":"brand-roge-cavailles","7":"product_cat-corps","8":"product_cat-nettoyant-soins-corps","9":"product_cat-soins-corps","11":"first","12":"instock","13":"sale","14":"shipping-taxable","15":"purchasable","16":"product-type-simple"},"_links":{"self":[{"href":"https:\/\/calita.ma\/fr\/wp-json\/wp\/v2\/product\/11200","targetHints":{"allow":["GET"]}}],"collection":[{"href":"https:\/\/calita.ma\/fr\/wp-json\/wp\/v2\/product"}],"about":[{"href":"https:\/\/calita.ma\/fr\/wp-json\/wp\/v2\/types\/product"}],"replies":[{"embeddable":true,"href":"https:\/\/calita.ma\/fr\/wp-json\/wp\/v2\/comments?post=11200"}],"version-history":[{"count":1,"href":"https:\/\/calita.ma\/fr\/wp-json\/wp\/v2\/product\/11200\/revisions"}],"predecessor-version":[{"id":11202,"href":"https:\/\/calita.ma\/fr\/wp-json\/wp\/v2\/product\/11200\/revisions\/11202"}],"wp:featuredmedia":[{"embeddable":true,"href":"https:\/\/calita.ma\/fr\/wp-json\/wp\/v2\/media\/11201"}],"wp:attachment":[{"href":"https:\/\/calita.ma\/fr\/wp-json\/wp\/v2\/media?parent=11200"}],"wp:term":[{"taxonomy":"brand","embeddable":true,"href":"https:\/\/calita.ma\/fr\/wp-json\/wp\/v2\/etheme_brands?post=11200"},{"taxonomy":"product_brand","embeddable":true,"href":"https:\/\/calita.ma\/fr\/wp-json\/wp\/v2\/product_brand?post=11200"},{"taxonomy":"product_cat","embeddable":true,"href":"https:\/\/calita.ma\/fr\/wp-json\/wp\/v2\/product_cat?post=11200"},{"taxonomy":"product_tag","embeddable":true,"href":"https:\/\/calita.ma\/fr\/wp-json\/wp\/v2\/product_tag?post=11200"}],"curies":[{"name":"wp","href":"https:\/\/api.w.org\/{rel}","templated":true}]}}