{"id":11111,"date":"2024-12-22T08:43:22","date_gmt":"2024-12-22T08:43:22","guid":{"rendered":"https:\/\/parapharmaciecalifornietah.ma\/?post_type=product&#038;p=11111"},"modified":"2024-12-22T08:43:22","modified_gmt":"2024-12-22T08:43:22","slug":"dodie-brosse-e-peigne-brins-en-soies-dorigine-naturelle","status":"publish","type":"product","link":"https:\/\/calita.ma\/fr\/produit\/dodie-brosse-e-peigne-brins-en-soies-dorigine-naturelle\/","title":{"rendered":"DODIE BROSSE E PEIGNE BRINS EN SOIES D&#8217;ORIGINE NATURELLE"},"content":{"rendered":"<p>Fabriqu\u00e9e en France et sp\u00e9cialement con\u00e7ue pour coiffer en douceur les cheveux fragiles de b\u00e9b\u00e9.<br \/>\nGr\u00e2ce \u00e0 ses brins souples et doux en soies d\u2019origine naturelle, elle respecte les cheveux d\u00e9licats de b\u00e9b\u00e9.<\/p>","protected":false},"excerpt":{"rendered":"<p>Fabriqu\u00e9e en France et sp\u00e9cialement con\u00e7ue pour coiffer en douceur les cheveux fragiles de b\u00e9b\u00e9. Gr\u00e2ce \u00e0 ses brins souples et doux en soies d\u2019origine&#8230;<\/p>","protected":false},"featured_media":11112,"comment_status":"open","ping_status":"closed","template":"","meta":[],"etheme_brands":[{"term_id":508,"name":"DODIE","slug":"dodie","term_group":0,"term_taxonomy_id":508,"taxonomy":"brand","description":"","parent":0,"count":38,"filter":"raw"}],"product_brand":[],"product_cat":[285,450,286],"product_tag":[],"class_list":{"0":"post-11111","1":"product","2":"type-product","3":"status-publish","4":"has-post-thumbnail","6":"brand-dodie","7":"product_cat-bebe-maman","8":"product_cat-bebe-nourrissons","9":"product_cat-hygiene-bebe-maman","11":"first","12":"instock","13":"sale","14":"shipping-taxable","15":"purchasable","16":"product-type-simple"},"_links":{"self":[{"href":"https:\/\/calita.ma\/fr\/wp-json\/wp\/v2\/product\/11111","targetHints":{"allow":["GET"]}}],"collection":[{"href":"https:\/\/calita.ma\/fr\/wp-json\/wp\/v2\/product"}],"about":[{"href":"https:\/\/calita.ma\/fr\/wp-json\/wp\/v2\/types\/product"}],"replies":[{"embeddable":true,"href":"https:\/\/calita.ma\/fr\/wp-json\/wp\/v2\/comments?post=11111"}],"version-history":[{"count":1,"href":"https:\/\/calita.ma\/fr\/wp-json\/wp\/v2\/product\/11111\/revisions"}],"predecessor-version":[{"id":11113,"href":"https:\/\/calita.ma\/fr\/wp-json\/wp\/v2\/product\/11111\/revisions\/11113"}],"wp:featuredmedia":[{"embeddable":true,"href":"https:\/\/calita.ma\/fr\/wp-json\/wp\/v2\/media\/11112"}],"wp:attachment":[{"href":"https:\/\/calita.ma\/fr\/wp-json\/wp\/v2\/media?parent=11111"}],"wp:term":[{"taxonomy":"brand","embeddable":true,"href":"https:\/\/calita.ma\/fr\/wp-json\/wp\/v2\/etheme_brands?post=11111"},{"taxonomy":"product_brand","embeddable":true,"href":"https:\/\/calita.ma\/fr\/wp-json\/wp\/v2\/product_brand?post=11111"},{"taxonomy":"product_cat","embeddable":true,"href":"https:\/\/calita.ma\/fr\/wp-json\/wp\/v2\/product_cat?post=11111"},{"taxonomy":"product_tag","embeddable":true,"href":"https:\/\/calita.ma\/fr\/wp-json\/wp\/v2\/product_tag?post=11111"}],"curies":[{"name":"wp","href":"https:\/\/api.w.org\/{rel}","templated":true}]}}