{"id":11073,"date":"2024-12-21T13:58:41","date_gmt":"2024-12-21T13:58:41","guid":{"rendered":"https:\/\/parapharmaciecalifornietah.ma\/?post_type=product&#038;p=11073"},"modified":"2024-12-21T13:58:41","modified_gmt":"2024-12-21T13:58:41","slug":"dodie-sucette-anatomique-mickey-6mois-b2","status":"publish","type":"product","link":"https:\/\/calita.ma\/fr\/produit\/dodie-sucette-anatomique-mickey-6mois-b2\/","title":{"rendered":"DODIE SUCETTE ANATOMIQUE MICKEY +6MOIS B2"},"content":{"rendered":"<p>La sucette, pour b\u00e9b\u00e9 de plus de 6 mois, pr\u00e9sent\u00e9e par la marque Dodie respecte la physiologie et le m\u00e9canisme automatique de succion d&#8217;un b\u00e9b\u00e9.<\/p>\n<p>&nbsp;<\/p>\n<p>Disponible en duo de 2 sucettes.<\/p>","protected":false},"excerpt":{"rendered":"<p>La sucette, pour b\u00e9b\u00e9 de plus de 6 mois, pr\u00e9sent\u00e9e par la marque Dodie respecte la physiologie et le m\u00e9canisme automatique de succion d&#8217;un b\u00e9b\u00e9&#8230;.<\/p>","protected":false},"featured_media":11075,"comment_status":"open","ping_status":"closed","template":"","meta":[],"etheme_brands":[{"term_id":508,"name":"DODIE","slug":"dodie","term_group":0,"term_taxonomy_id":508,"taxonomy":"brand","description":"","parent":0,"count":38,"filter":"raw"}],"product_brand":[],"product_cat":[285,450,295,301],"product_tag":[],"class_list":{"0":"post-11073","1":"product","2":"type-product","3":"status-publish","4":"has-post-thumbnail","6":"brand-dodie","7":"product_cat-bebe-maman","8":"product_cat-bebe-nourrissons","9":"product_cat-repas","10":"product_cat-sucettes","12":"first","13":"instock","14":"sale","15":"shipping-taxable","16":"purchasable","17":"product-type-simple"},"_links":{"self":[{"href":"https:\/\/calita.ma\/fr\/wp-json\/wp\/v2\/product\/11073","targetHints":{"allow":["GET"]}}],"collection":[{"href":"https:\/\/calita.ma\/fr\/wp-json\/wp\/v2\/product"}],"about":[{"href":"https:\/\/calita.ma\/fr\/wp-json\/wp\/v2\/types\/product"}],"replies":[{"embeddable":true,"href":"https:\/\/calita.ma\/fr\/wp-json\/wp\/v2\/comments?post=11073"}],"version-history":[{"count":1,"href":"https:\/\/calita.ma\/fr\/wp-json\/wp\/v2\/product\/11073\/revisions"}],"predecessor-version":[{"id":11076,"href":"https:\/\/calita.ma\/fr\/wp-json\/wp\/v2\/product\/11073\/revisions\/11076"}],"wp:featuredmedia":[{"embeddable":true,"href":"https:\/\/calita.ma\/fr\/wp-json\/wp\/v2\/media\/11075"}],"wp:attachment":[{"href":"https:\/\/calita.ma\/fr\/wp-json\/wp\/v2\/media?parent=11073"}],"wp:term":[{"taxonomy":"brand","embeddable":true,"href":"https:\/\/calita.ma\/fr\/wp-json\/wp\/v2\/etheme_brands?post=11073"},{"taxonomy":"product_brand","embeddable":true,"href":"https:\/\/calita.ma\/fr\/wp-json\/wp\/v2\/product_brand?post=11073"},{"taxonomy":"product_cat","embeddable":true,"href":"https:\/\/calita.ma\/fr\/wp-json\/wp\/v2\/product_cat?post=11073"},{"taxonomy":"product_tag","embeddable":true,"href":"https:\/\/calita.ma\/fr\/wp-json\/wp\/v2\/product_tag?post=11073"}],"curies":[{"name":"wp","href":"https:\/\/api.w.org\/{rel}","templated":true}]}}