{"id":11070,"date":"2024-12-21T13:47:58","date_gmt":"2024-12-21T13:47:58","guid":{"rendered":"https:\/\/parapharmaciecalifornietah.ma\/?post_type=product&#038;p=11070"},"modified":"2024-12-21T13:47:58","modified_gmt":"2024-12-21T13:47:58","slug":"dodie-sucette-physiologique-nuit-etoiles-fusee-je-reve-de-papa-je-reve-de-maman-6mois","status":"publish","type":"product","link":"https:\/\/calita.ma\/fr\/produit\/dodie-sucette-physiologique-nuit-etoiles-fusee-je-reve-de-papa-je-reve-de-maman-6mois\/","title":{"rendered":"DODIE SUCETTE PHYSIOLOGIQUE NUIT ETOILES FUSEE JE REVE DE PAPA JE REVE DE MAMAN +6MOIS"},"content":{"rendered":"<p>C\u2019est l\u2019expertise de plusieurs ann\u00e9es de recherches pour concevoir<br \/>\nDodie Sucette Physiologique Silicone Nuit Lune +6m P40 qui r\u00e9pond aux besoins physiologiques de b\u00e9b\u00e9 en lui apportant bien-\u00eatre et confort.<br \/>\nLa conception ergonomique (biseaut\u00e9e) de la sucette conf\u00e8re une prise en bouche naturelle et permet un bon positionnement en \u00e9vitant tous risques d\u2019irritation qui pourraient agresser la peau fragile de b\u00e9b\u00e9.<br \/>\nLa collerette en tritan se r\u00e9v\u00e8le confortable et permet de fluidifier l\u2019air gr\u00e2ce \u00e0 ses trous d\u2019a\u00e9ration. La t\u00e9terelle tr\u00e8s fine et aplatie respecte le d\u00e9veloppement naturel du palais de b\u00e9b\u00e9.<br \/>\n<strong>Indications :<\/strong><br \/>\nConvient aux b\u00e9b\u00e9s d\u00e8s 6 mois<\/p>\n<p><strong>Conseils d\u2019utilisation :<\/strong><br \/>\nIl est recommand\u00e9 de st\u00e9riliser la sucette avant sa premi\u00e8re utilisation en la faisant bouillir dans l\u2019eau pendant 5 minutes.<\/p>\n<p>Avant chaque utilisation, prendre soin de nettoyer la sucette \u00e0 l\u2019eau savonneuse, rincer et st\u00e9riliser.<\/p>\n<p><strong>Composition :<\/strong><br \/>\nSans bisph\u00e9nol A, Silicone.<\/p>\n<p><strong>Conditionnement :<\/strong><br \/>\n1 unit\u00e9<\/p>","protected":false},"excerpt":{"rendered":"<p>C\u2019est l\u2019expertise de plusieurs ann\u00e9es de recherches pour concevoir Dodie Sucette Physiologique Silicone Nuit Lune +6m P40 qui r\u00e9pond aux besoins physiologiques de b\u00e9b\u00e9 en&#8230;<\/p>","protected":false},"featured_media":11071,"comment_status":"open","ping_status":"closed","template":"","meta":[],"etheme_brands":[{"term_id":508,"name":"DODIE","slug":"dodie","term_group":0,"term_taxonomy_id":508,"taxonomy":"brand","description":"","parent":0,"count":38,"filter":"raw"}],"product_brand":[],"product_cat":[285,450,295,301],"product_tag":[],"class_list":{"0":"post-11070","1":"product","2":"type-product","3":"status-publish","4":"has-post-thumbnail","6":"brand-dodie","7":"product_cat-bebe-maman","8":"product_cat-bebe-nourrissons","9":"product_cat-repas","10":"product_cat-sucettes","12":"first","13":"instock","14":"sale","15":"shipping-taxable","16":"purchasable","17":"product-type-simple"},"_links":{"self":[{"href":"https:\/\/calita.ma\/fr\/wp-json\/wp\/v2\/product\/11070","targetHints":{"allow":["GET"]}}],"collection":[{"href":"https:\/\/calita.ma\/fr\/wp-json\/wp\/v2\/product"}],"about":[{"href":"https:\/\/calita.ma\/fr\/wp-json\/wp\/v2\/types\/product"}],"replies":[{"embeddable":true,"href":"https:\/\/calita.ma\/fr\/wp-json\/wp\/v2\/comments?post=11070"}],"version-history":[{"count":1,"href":"https:\/\/calita.ma\/fr\/wp-json\/wp\/v2\/product\/11070\/revisions"}],"predecessor-version":[{"id":11072,"href":"https:\/\/calita.ma\/fr\/wp-json\/wp\/v2\/product\/11070\/revisions\/11072"}],"wp:featuredmedia":[{"embeddable":true,"href":"https:\/\/calita.ma\/fr\/wp-json\/wp\/v2\/media\/11071"}],"wp:attachment":[{"href":"https:\/\/calita.ma\/fr\/wp-json\/wp\/v2\/media?parent=11070"}],"wp:term":[{"taxonomy":"brand","embeddable":true,"href":"https:\/\/calita.ma\/fr\/wp-json\/wp\/v2\/etheme_brands?post=11070"},{"taxonomy":"product_brand","embeddable":true,"href":"https:\/\/calita.ma\/fr\/wp-json\/wp\/v2\/product_brand?post=11070"},{"taxonomy":"product_cat","embeddable":true,"href":"https:\/\/calita.ma\/fr\/wp-json\/wp\/v2\/product_cat?post=11070"},{"taxonomy":"product_tag","embeddable":true,"href":"https:\/\/calita.ma\/fr\/wp-json\/wp\/v2\/product_tag?post=11070"}],"curies":[{"name":"wp","href":"https:\/\/api.w.org\/{rel}","templated":true}]}}