{"id":11066,"date":"2024-12-21T13:24:34","date_gmt":"2024-12-21T13:24:34","guid":{"rendered":"https:\/\/parapharmaciecalifornietah.ma\/?post_type=product&#038;p=11066"},"modified":"2024-12-21T13:24:34","modified_gmt":"2024-12-21T13:24:34","slug":"dodie-tetine-biomimetisme-d3-6m","status":"publish","type":"product","link":"https:\/\/calita.ma\/fr\/produit\/dodie-tetine-biomimetisme-d3-6m\/","title":{"rendered":"DODIE TETINE BIOMIMETISME D3 6+M"},"content":{"rendered":"<p><strong>T\u00e9tine multi perfor\u00e9e anti-colique +6 mois\u00a0Biomim\u00e9tisme Dodie<\/strong>, v\u00e9ritable innovation, elle\u00a0favorise une\u00a0t\u00e9t\u00e9e naturelle et confortable, comme au sein.<\/p>\n<p>Elle\u00a0se caract\u00e9rise par ses\u00a0multi-perforations\u00a0qui ont pour but de reproduire les canaux lactif\u00e8res du sein maternel. Par ailleurs, elle dispose d&#8217;une\u00a0t\u00e9terelle extra-souple con\u00e7ue pour s&#8217;\u00e9tirer et mimer le mouvement du mamelon.<\/p>\n<p>Sa surface est douce et nervur\u00e9e afin de faciliter le positionnement dans la bouche de b\u00e9b\u00e9. Cette\u00a0t\u00e9tine\u00a0poss\u00e8de une\u00a0double valve anti-colique\u00a0brevet\u00e9e qui va emp\u00eacher l&#8217;absorption d&#8217;air pendant la prise du biberon, r\u00e9duisant ainsi les risques d&#8217;inconfort digestif.<\/p>\n<p>Fabriqu\u00e9 en France.<\/p>\n<div class=\"sub_desc mb-3\">\n<p class=\"title mb-1 fw-bold\"><strong>Propri\u00e9t\u00e9s<\/strong><\/p>\n<p>T\u00e9tine +6 mois \u00e0 d\u00e9bit rapide.<\/p><\/div>\n<div class=\"sub_desc mb-3\">\n<p class=\"title mb-1 fw-bold\">Conseils d utilisation<\/p>\n<p>Avant utilisation, st\u00e9riliser les t\u00e9tines dans\u00a0l&#8217;eau bouillante.<\/p><\/div>\n<div class=\"sub_desc mb-3\">\n<div id=\"compo\" class=\"anchor\"><\/div>\n<p class=\"title mb-1 fw-bold\"><strong>Composition<\/strong><\/p>\n<p>Silicone.<\/p><\/div>","protected":false},"excerpt":{"rendered":"<p>T\u00e9tine multi perfor\u00e9e anti-colique +6 mois\u00a0Biomim\u00e9tisme Dodie, v\u00e9ritable innovation, elle\u00a0favorise une\u00a0t\u00e9t\u00e9e naturelle et confortable, comme au sein. Elle\u00a0se caract\u00e9rise par ses\u00a0multi-perforations\u00a0qui ont pour but de&#8230;<\/p>","protected":false},"featured_media":11067,"comment_status":"open","ping_status":"closed","template":"","meta":[],"etheme_brands":[{"term_id":508,"name":"DODIE","slug":"dodie","term_group":0,"term_taxonomy_id":508,"taxonomy":"brand","description":"","parent":0,"count":38,"filter":"raw"}],"product_brand":[],"product_cat":[285,450,295,302],"product_tag":[],"class_list":{"0":"post-11066","1":"product","2":"type-product","3":"status-publish","4":"has-post-thumbnail","6":"brand-dodie","7":"product_cat-bebe-maman","8":"product_cat-bebe-nourrissons","9":"product_cat-repas","10":"product_cat-tetine","12":"first","13":"instock","14":"sale","15":"shipping-taxable","16":"purchasable","17":"product-type-simple"},"_links":{"self":[{"href":"https:\/\/calita.ma\/fr\/wp-json\/wp\/v2\/product\/11066","targetHints":{"allow":["GET"]}}],"collection":[{"href":"https:\/\/calita.ma\/fr\/wp-json\/wp\/v2\/product"}],"about":[{"href":"https:\/\/calita.ma\/fr\/wp-json\/wp\/v2\/types\/product"}],"replies":[{"embeddable":true,"href":"https:\/\/calita.ma\/fr\/wp-json\/wp\/v2\/comments?post=11066"}],"version-history":[{"count":1,"href":"https:\/\/calita.ma\/fr\/wp-json\/wp\/v2\/product\/11066\/revisions"}],"predecessor-version":[{"id":11068,"href":"https:\/\/calita.ma\/fr\/wp-json\/wp\/v2\/product\/11066\/revisions\/11068"}],"wp:featuredmedia":[{"embeddable":true,"href":"https:\/\/calita.ma\/fr\/wp-json\/wp\/v2\/media\/11067"}],"wp:attachment":[{"href":"https:\/\/calita.ma\/fr\/wp-json\/wp\/v2\/media?parent=11066"}],"wp:term":[{"taxonomy":"brand","embeddable":true,"href":"https:\/\/calita.ma\/fr\/wp-json\/wp\/v2\/etheme_brands?post=11066"},{"taxonomy":"product_brand","embeddable":true,"href":"https:\/\/calita.ma\/fr\/wp-json\/wp\/v2\/product_brand?post=11066"},{"taxonomy":"product_cat","embeddable":true,"href":"https:\/\/calita.ma\/fr\/wp-json\/wp\/v2\/product_cat?post=11066"},{"taxonomy":"product_tag","embeddable":true,"href":"https:\/\/calita.ma\/fr\/wp-json\/wp\/v2\/product_tag?post=11066"}],"curies":[{"name":"wp","href":"https:\/\/api.w.org\/{rel}","templated":true}]}}