{"id":11063,"date":"2024-12-21T13:12:38","date_gmt":"2024-12-21T13:12:38","guid":{"rendered":"https:\/\/parapharmaciecalifornietah.ma\/?post_type=product&#038;p=11063"},"modified":"2024-12-21T13:12:38","modified_gmt":"2024-12-21T13:12:38","slug":"dodie-sucette-anatomique-attache-sucette-symmetric-shooter-ribbon-shooter-holder-18mois","status":"publish","type":"product","link":"https:\/\/calita.ma\/fr\/produit\/dodie-sucette-anatomique-attache-sucette-symmetric-shooter-ribbon-shooter-holder-18mois\/","title":{"rendered":"DODIE SUCETTE ANATOMIQUE + ATTACHE-SUCETTE SYMMETRIC SHOOTER + RIBBON SHOOTER HOLDER +18MOIS"},"content":{"rendered":"<p>Sucette anatomique en silicone pour les +18 mois \u2013 Attache sucette ruban avec une boucle en silicone adapt\u00e9e \u00e0 toutes les sucettes et un syst\u00e8me de fermeture s\u00e9curis\u00e9e<\/p>","protected":false},"excerpt":{"rendered":"<p>Sucette anatomique en silicone pour les +18 mois \u2013 Attache sucette ruban avec une boucle en silicone adapt\u00e9e \u00e0 toutes les sucettes et un syst\u00e8me&#8230;<\/p>","protected":false},"featured_media":11064,"comment_status":"open","ping_status":"closed","template":"","meta":[],"etheme_brands":[{"term_id":508,"name":"DODIE","slug":"dodie","term_group":0,"term_taxonomy_id":508,"taxonomy":"brand","description":"","parent":0,"count":38,"filter":"raw"}],"product_brand":[],"product_cat":[285,450,295,301],"product_tag":[],"class_list":{"0":"post-11063","1":"product","2":"type-product","3":"status-publish","4":"has-post-thumbnail","6":"brand-dodie","7":"product_cat-bebe-maman","8":"product_cat-bebe-nourrissons","9":"product_cat-repas","10":"product_cat-sucettes","12":"first","13":"instock","14":"sale","15":"shipping-taxable","16":"purchasable","17":"product-type-simple"},"_links":{"self":[{"href":"https:\/\/calita.ma\/fr\/wp-json\/wp\/v2\/product\/11063","targetHints":{"allow":["GET"]}}],"collection":[{"href":"https:\/\/calita.ma\/fr\/wp-json\/wp\/v2\/product"}],"about":[{"href":"https:\/\/calita.ma\/fr\/wp-json\/wp\/v2\/types\/product"}],"replies":[{"embeddable":true,"href":"https:\/\/calita.ma\/fr\/wp-json\/wp\/v2\/comments?post=11063"}],"version-history":[{"count":1,"href":"https:\/\/calita.ma\/fr\/wp-json\/wp\/v2\/product\/11063\/revisions"}],"predecessor-version":[{"id":11065,"href":"https:\/\/calita.ma\/fr\/wp-json\/wp\/v2\/product\/11063\/revisions\/11065"}],"wp:featuredmedia":[{"embeddable":true,"href":"https:\/\/calita.ma\/fr\/wp-json\/wp\/v2\/media\/11064"}],"wp:attachment":[{"href":"https:\/\/calita.ma\/fr\/wp-json\/wp\/v2\/media?parent=11063"}],"wp:term":[{"taxonomy":"brand","embeddable":true,"href":"https:\/\/calita.ma\/fr\/wp-json\/wp\/v2\/etheme_brands?post=11063"},{"taxonomy":"product_brand","embeddable":true,"href":"https:\/\/calita.ma\/fr\/wp-json\/wp\/v2\/product_brand?post=11063"},{"taxonomy":"product_cat","embeddable":true,"href":"https:\/\/calita.ma\/fr\/wp-json\/wp\/v2\/product_cat?post=11063"},{"taxonomy":"product_tag","embeddable":true,"href":"https:\/\/calita.ma\/fr\/wp-json\/wp\/v2\/product_tag?post=11063"}],"curies":[{"name":"wp","href":"https:\/\/api.w.org\/{rel}","templated":true}]}}