{"id":11057,"date":"2024-12-21T12:45:06","date_gmt":"2024-12-21T12:45:06","guid":{"rendered":"https:\/\/parapharmaciecalifornietah.ma\/?post_type=product&#038;p=11057"},"modified":"2024-12-21T12:45:06","modified_gmt":"2024-12-21T12:45:06","slug":"dodie-sucette-anatomique-duo-minnie-18mois","status":"publish","type":"product","link":"https:\/\/calita.ma\/fr\/produit\/dodie-sucette-anatomique-duo-minnie-18mois\/","title":{"rendered":"DODIE SUCETTE ANATOMIQUE DUO MINNIE +18MOIS"},"content":{"rendered":"<p>La sucette pour enfant de plus de 18 mois propos\u00e9e par la marque Dodie est respectueuse de la physiologie de l&#8217;enfant et de son instinct naturel de succion. Son bouclier en tritan dispose d&#8217;une qualit\u00e9 de confort et de l\u00e9g\u00e8ret\u00e9 pour que le b\u00e9b\u00e9 puisse la garder facilement en bouche. Sa forme anatomique est garantie pour un bon positionnement.<\/p>","protected":false},"excerpt":{"rendered":"<p>La sucette pour enfant de plus de 18 mois propos\u00e9e par la marque Dodie est respectueuse de la physiologie de l&#8217;enfant et de son instinct&#8230;<\/p>","protected":false},"featured_media":11058,"comment_status":"open","ping_status":"closed","template":"","meta":[],"etheme_brands":[{"term_id":508,"name":"DODIE","slug":"dodie","term_group":0,"term_taxonomy_id":508,"taxonomy":"brand","description":"","parent":0,"count":38,"filter":"raw"}],"product_brand":[],"product_cat":[285,450,295,301],"product_tag":[],"class_list":{"0":"post-11057","1":"product","2":"type-product","3":"status-publish","4":"has-post-thumbnail","6":"brand-dodie","7":"product_cat-bebe-maman","8":"product_cat-bebe-nourrissons","9":"product_cat-repas","10":"product_cat-sucettes","12":"first","13":"instock","14":"sale","15":"shipping-taxable","16":"purchasable","17":"product-type-simple"},"_links":{"self":[{"href":"https:\/\/calita.ma\/fr\/wp-json\/wp\/v2\/product\/11057","targetHints":{"allow":["GET"]}}],"collection":[{"href":"https:\/\/calita.ma\/fr\/wp-json\/wp\/v2\/product"}],"about":[{"href":"https:\/\/calita.ma\/fr\/wp-json\/wp\/v2\/types\/product"}],"replies":[{"embeddable":true,"href":"https:\/\/calita.ma\/fr\/wp-json\/wp\/v2\/comments?post=11057"}],"version-history":[{"count":1,"href":"https:\/\/calita.ma\/fr\/wp-json\/wp\/v2\/product\/11057\/revisions"}],"predecessor-version":[{"id":11059,"href":"https:\/\/calita.ma\/fr\/wp-json\/wp\/v2\/product\/11057\/revisions\/11059"}],"wp:featuredmedia":[{"embeddable":true,"href":"https:\/\/calita.ma\/fr\/wp-json\/wp\/v2\/media\/11058"}],"wp:attachment":[{"href":"https:\/\/calita.ma\/fr\/wp-json\/wp\/v2\/media?parent=11057"}],"wp:term":[{"taxonomy":"brand","embeddable":true,"href":"https:\/\/calita.ma\/fr\/wp-json\/wp\/v2\/etheme_brands?post=11057"},{"taxonomy":"product_brand","embeddable":true,"href":"https:\/\/calita.ma\/fr\/wp-json\/wp\/v2\/product_brand?post=11057"},{"taxonomy":"product_cat","embeddable":true,"href":"https:\/\/calita.ma\/fr\/wp-json\/wp\/v2\/product_cat?post=11057"},{"taxonomy":"product_tag","embeddable":true,"href":"https:\/\/calita.ma\/fr\/wp-json\/wp\/v2\/product_tag?post=11057"}],"curies":[{"name":"wp","href":"https:\/\/api.w.org\/{rel}","templated":true}]}}