{"id":11051,"date":"2024-12-21T12:01:03","date_gmt":"2024-12-21T12:01:03","guid":{"rendered":"https:\/\/parapharmaciecalifornietah.ma\/?post_type=product&#038;p=11051"},"modified":"2024-12-21T12:01:03","modified_gmt":"2024-12-21T12:01:03","slug":"dodie-sucette-anatomique-train-dinosaure-pompier-6mois","status":"publish","type":"product","link":"https:\/\/calita.ma\/fr\/produit\/dodie-sucette-anatomique-train-dinosaure-pompier-6mois\/","title":{"rendered":"DODIE SUCETTE ANATOMIQUE TRAIN DINOSAURE POMPIER +6MOIS"},"content":{"rendered":"<p>Cette sucette anatomique convient aux b\u00e9b\u00e9s de plus de 6 mois. Son bouton devient phosphorescent la nuit et vous permet de retrouver facilement la sucette de b\u00e9b\u00e9 ! Son bouclier est en tritan permet \u00e0 b\u00e9b\u00e9 de la garder en bouche facilement. Sa t\u00e9terelle en silicone de forme anatomique est r\u00e9versible et reste toujours bien positionn\u00e9e dans la bouche de b\u00e9b\u00e9. Sa finesse respecte le d\u00e9veloppement naturel de la bouche de b\u00e9b\u00e9. Les trous de ventilation permettent une meilleure circulation de l\u2019air et \u00e9vitent que de b\u00e9b\u00e9 s\u2019irrite. Le syst\u00e8me du bouton permet un retrait facile et s\u00e9curis\u00e9 de la sucette. Conseils d\u2019utilisation : St\u00e9rilisez la sucette avant la premi\u00e8re utilisation<\/p>","protected":false},"excerpt":{"rendered":"<p>Cette sucette anatomique convient aux b\u00e9b\u00e9s de plus de 6 mois. Son bouton devient phosphorescent la nuit et vous permet de retrouver facilement la sucette&#8230;<\/p>","protected":false},"featured_media":11052,"comment_status":"open","ping_status":"closed","template":"","meta":[],"etheme_brands":[{"term_id":508,"name":"DODIE","slug":"dodie","term_group":0,"term_taxonomy_id":508,"taxonomy":"brand","description":"","parent":0,"count":38,"filter":"raw"}],"product_brand":[],"product_cat":[285,450,295,301],"product_tag":[],"class_list":{"0":"post-11051","1":"product","2":"type-product","3":"status-publish","4":"has-post-thumbnail","6":"brand-dodie","7":"product_cat-bebe-maman","8":"product_cat-bebe-nourrissons","9":"product_cat-repas","10":"product_cat-sucettes","12":"first","13":"instock","14":"sale","15":"shipping-taxable","16":"purchasable","17":"product-type-simple"},"_links":{"self":[{"href":"https:\/\/calita.ma\/fr\/wp-json\/wp\/v2\/product\/11051","targetHints":{"allow":["GET"]}}],"collection":[{"href":"https:\/\/calita.ma\/fr\/wp-json\/wp\/v2\/product"}],"about":[{"href":"https:\/\/calita.ma\/fr\/wp-json\/wp\/v2\/types\/product"}],"replies":[{"embeddable":true,"href":"https:\/\/calita.ma\/fr\/wp-json\/wp\/v2\/comments?post=11051"}],"version-history":[{"count":1,"href":"https:\/\/calita.ma\/fr\/wp-json\/wp\/v2\/product\/11051\/revisions"}],"predecessor-version":[{"id":11053,"href":"https:\/\/calita.ma\/fr\/wp-json\/wp\/v2\/product\/11051\/revisions\/11053"}],"wp:featuredmedia":[{"embeddable":true,"href":"https:\/\/calita.ma\/fr\/wp-json\/wp\/v2\/media\/11052"}],"wp:attachment":[{"href":"https:\/\/calita.ma\/fr\/wp-json\/wp\/v2\/media?parent=11051"}],"wp:term":[{"taxonomy":"brand","embeddable":true,"href":"https:\/\/calita.ma\/fr\/wp-json\/wp\/v2\/etheme_brands?post=11051"},{"taxonomy":"product_brand","embeddable":true,"href":"https:\/\/calita.ma\/fr\/wp-json\/wp\/v2\/product_brand?post=11051"},{"taxonomy":"product_cat","embeddable":true,"href":"https:\/\/calita.ma\/fr\/wp-json\/wp\/v2\/product_cat?post=11051"},{"taxonomy":"product_tag","embeddable":true,"href":"https:\/\/calita.ma\/fr\/wp-json\/wp\/v2\/product_tag?post=11051"}],"curies":[{"name":"wp","href":"https:\/\/api.w.org\/{rel}","templated":true}]}}