{"id":11048,"date":"2024-12-21T11:40:28","date_gmt":"2024-12-21T11:40:28","guid":{"rendered":"https:\/\/parapharmaciecalifornietah.ma\/?post_type=product&#038;p=11048"},"modified":"2024-12-21T11:40:28","modified_gmt":"2024-12-21T11:40:28","slug":"dodie-sucette-anatomique-duo-papillon-et-princesse-6mois","status":"publish","type":"product","link":"https:\/\/calita.ma\/fr\/produit\/dodie-sucette-anatomique-duo-papillon-et-princesse-6mois\/","title":{"rendered":"DODIE SUCETTE ANATOMIQUE DUO PAPILLON ET PRINCESSE +6MOIS"},"content":{"rendered":"<p>D\u00e9velopp\u00e9 en collaboration avec des experts. Sp\u00e9cialement d\u00e9velopp\u00e9 pour les b\u00e9b\u00e9s \u00e0 partir de 6 mois.<\/p>\n<p>Piston en caoutchouc de forme anatomique (restaure lui-m\u00eame sa forme).<\/p>\n<p>Bon positionnement dans la bouche de b\u00e9b\u00e9 garanti.<\/p>\n<p>Shield laisse passer l\u2019air et r\u00e9duit ainsi les irritations cutan\u00e9es.<\/p>\n<p>Double emballage<\/p>","protected":false},"excerpt":{"rendered":"<p>D\u00e9velopp\u00e9 en collaboration avec des experts. Sp\u00e9cialement d\u00e9velopp\u00e9 pour les b\u00e9b\u00e9s \u00e0 partir de 6 mois. Piston en caoutchouc de forme anatomique (restaure lui-m\u00eame sa&#8230;<\/p>","protected":false},"featured_media":11049,"comment_status":"open","ping_status":"closed","template":"","meta":[],"etheme_brands":[{"term_id":508,"name":"DODIE","slug":"dodie","term_group":0,"term_taxonomy_id":508,"taxonomy":"brand","description":"","parent":0,"count":38,"filter":"raw"}],"product_brand":[],"product_cat":[285,450,295,301],"product_tag":[],"class_list":{"0":"post-11048","1":"product","2":"type-product","3":"status-publish","4":"has-post-thumbnail","6":"brand-dodie","7":"product_cat-bebe-maman","8":"product_cat-bebe-nourrissons","9":"product_cat-repas","10":"product_cat-sucettes","12":"first","13":"instock","14":"sale","15":"shipping-taxable","16":"purchasable","17":"product-type-simple"},"_links":{"self":[{"href":"https:\/\/calita.ma\/fr\/wp-json\/wp\/v2\/product\/11048","targetHints":{"allow":["GET"]}}],"collection":[{"href":"https:\/\/calita.ma\/fr\/wp-json\/wp\/v2\/product"}],"about":[{"href":"https:\/\/calita.ma\/fr\/wp-json\/wp\/v2\/types\/product"}],"replies":[{"embeddable":true,"href":"https:\/\/calita.ma\/fr\/wp-json\/wp\/v2\/comments?post=11048"}],"version-history":[{"count":1,"href":"https:\/\/calita.ma\/fr\/wp-json\/wp\/v2\/product\/11048\/revisions"}],"predecessor-version":[{"id":11050,"href":"https:\/\/calita.ma\/fr\/wp-json\/wp\/v2\/product\/11048\/revisions\/11050"}],"wp:featuredmedia":[{"embeddable":true,"href":"https:\/\/calita.ma\/fr\/wp-json\/wp\/v2\/media\/11049"}],"wp:attachment":[{"href":"https:\/\/calita.ma\/fr\/wp-json\/wp\/v2\/media?parent=11048"}],"wp:term":[{"taxonomy":"brand","embeddable":true,"href":"https:\/\/calita.ma\/fr\/wp-json\/wp\/v2\/etheme_brands?post=11048"},{"taxonomy":"product_brand","embeddable":true,"href":"https:\/\/calita.ma\/fr\/wp-json\/wp\/v2\/product_brand?post=11048"},{"taxonomy":"product_cat","embeddable":true,"href":"https:\/\/calita.ma\/fr\/wp-json\/wp\/v2\/product_cat?post=11048"},{"taxonomy":"product_tag","embeddable":true,"href":"https:\/\/calita.ma\/fr\/wp-json\/wp\/v2\/product_tag?post=11048"}],"curies":[{"name":"wp","href":"https:\/\/api.w.org\/{rel}","templated":true}]}}