{"id":11042,"date":"2024-12-21T11:27:28","date_gmt":"2024-12-21T11:27:28","guid":{"rendered":"https:\/\/parapharmaciecalifornietah.ma\/?post_type=product&#038;p=11042"},"modified":"2024-12-21T11:27:28","modified_gmt":"2024-12-21T11:27:28","slug":"dodie-tasse-paille-18mois-jaune-350ml","status":"publish","type":"product","link":"https:\/\/calita.ma\/fr\/produit\/dodie-tasse-paille-18mois-jaune-350ml\/","title":{"rendered":"DODIE TASSE PAILLE +18MOIS JAUNE 350ML"},"content":{"rendered":"<p><span style=\"color: #000000;\">La<strong>\u00a0Tasse paille jaune de DODIE\u00a0<\/strong>est destin\u00e9e aux b\u00e9b\u00e9s de\u00a0<strong>plus de 18 mois<\/strong>. Elle les accompagne pour \u00e9pancher leur soif en toute s\u00e9curit\u00e9.<\/span><\/p>\n<p><span style=\"color: #000000;\">Equip\u00e9e d&#8217;une paille en silicone souple, les b\u00e9b\u00e9s pourront boire plus facilement, a un d\u00e9bit mod\u00e9r\u00e9.<\/span><\/p>\n<p><span style=\"color: #000000;\">Ses anses amovibles et ergonomiques aident \u00e0 la bonne prise en main. Cette tasse s&#8217;ouvre et se referme sans difficult\u00e9, pour une manipulation rapide.<\/span><\/p>\n<p><span style=\"color: #000000;\">Elle est sp\u00e9cialement con\u00e7ue pour \u00e9viter les fuites de liquides.<\/span><\/p>\n<p><span style=\"color: #000000;\">Par ailleurs, elle est enti\u00e8rement d\u00e9montable, ce qui permet un nettoyage facile et plus pr\u00e9cis de chaque partie.<\/span><\/p>\n<p><span style=\"color: #000000;\">Ce produit est fabriqu\u00e9 en polypropyl\u00e8ne, sans BPA et sans BPS.<\/span><\/p>\n<p><b><span style=\"color: #000000;\">Conseil d&#8217;utilisation :\u00a0<\/span><\/b><\/p>\n<p><span style=\"color: #000000;\">Consulter la notice avant utilisation.<\/span><\/p>","protected":false},"excerpt":{"rendered":"<p>La\u00a0Tasse paille jaune de DODIE\u00a0est destin\u00e9e aux b\u00e9b\u00e9s de\u00a0plus de 18 mois. Elle les accompagne pour \u00e9pancher leur soif en toute s\u00e9curit\u00e9. Equip\u00e9e d&#8217;une paille&#8230;<\/p>","protected":false},"featured_media":11043,"comment_status":"open","ping_status":"closed","template":"","meta":[],"etheme_brands":[{"term_id":508,"name":"DODIE","slug":"dodie","term_group":0,"term_taxonomy_id":508,"taxonomy":"brand","description":"","parent":0,"count":38,"filter":"raw"}],"product_brand":[],"product_cat":[296,285,450,295],"product_tag":[],"class_list":{"0":"post-11042","1":"product","2":"type-product","3":"status-publish","4":"has-post-thumbnail","6":"brand-dodie","7":"product_cat-autre","8":"product_cat-bebe-maman","9":"product_cat-bebe-nourrissons","10":"product_cat-repas","12":"first","13":"instock","14":"sale","15":"shipping-taxable","16":"purchasable","17":"product-type-simple"},"_links":{"self":[{"href":"https:\/\/calita.ma\/fr\/wp-json\/wp\/v2\/product\/11042","targetHints":{"allow":["GET"]}}],"collection":[{"href":"https:\/\/calita.ma\/fr\/wp-json\/wp\/v2\/product"}],"about":[{"href":"https:\/\/calita.ma\/fr\/wp-json\/wp\/v2\/types\/product"}],"replies":[{"embeddable":true,"href":"https:\/\/calita.ma\/fr\/wp-json\/wp\/v2\/comments?post=11042"}],"version-history":[{"count":1,"href":"https:\/\/calita.ma\/fr\/wp-json\/wp\/v2\/product\/11042\/revisions"}],"predecessor-version":[{"id":11044,"href":"https:\/\/calita.ma\/fr\/wp-json\/wp\/v2\/product\/11042\/revisions\/11044"}],"wp:featuredmedia":[{"embeddable":true,"href":"https:\/\/calita.ma\/fr\/wp-json\/wp\/v2\/media\/11043"}],"wp:attachment":[{"href":"https:\/\/calita.ma\/fr\/wp-json\/wp\/v2\/media?parent=11042"}],"wp:term":[{"taxonomy":"brand","embeddable":true,"href":"https:\/\/calita.ma\/fr\/wp-json\/wp\/v2\/etheme_brands?post=11042"},{"taxonomy":"product_brand","embeddable":true,"href":"https:\/\/calita.ma\/fr\/wp-json\/wp\/v2\/product_brand?post=11042"},{"taxonomy":"product_cat","embeddable":true,"href":"https:\/\/calita.ma\/fr\/wp-json\/wp\/v2\/product_cat?post=11042"},{"taxonomy":"product_tag","embeddable":true,"href":"https:\/\/calita.ma\/fr\/wp-json\/wp\/v2\/product_tag?post=11042"}],"curies":[{"name":"wp","href":"https:\/\/api.w.org\/{rel}","templated":true}]}}