{"id":11036,"date":"2024-12-21T11:19:48","date_gmt":"2024-12-21T11:19:48","guid":{"rendered":"https:\/\/parapharmaciecalifornietah.ma\/?post_type=product&#038;p=11036"},"modified":"2024-12-21T11:19:48","modified_gmt":"2024-12-21T11:19:48","slug":"dodie-biberon-multi-perforee-anti-colique-rose-150ml-d1","status":"publish","type":"product","link":"https:\/\/calita.ma\/fr\/produit\/dodie-biberon-multi-perforee-anti-colique-rose-150ml-d1\/","title":{"rendered":"DODIE BIBERON MULTI PERFOREE ANTI-COLIQUE ROSE 150ML D1"},"content":{"rendered":"<p>Une pi\u00e8ce 2 en 1 unique et innovante : la t\u00e9tine en silicone et la bague sont indissociables.<\/p>\n<p>Le biberon avec 3 pi\u00e8ces seulement, qui reproduit les sp\u00e9cificit\u00e9s du sein maternel pour une t\u00e9t\u00e9e naturelle, tout en facilitant le quotidien des parents.<\/p>\n<p>150ML ROSE 0+ M T\u00c9T BIOMIMETISME D1<\/p>","protected":false},"excerpt":{"rendered":"<p>Une pi\u00e8ce 2 en 1 unique et innovante : la t\u00e9tine en silicone et la bague sont indissociables. Le biberon avec 3 pi\u00e8ces seulement, qui&#8230;<\/p>","protected":false},"featured_media":11037,"comment_status":"open","ping_status":"closed","template":"","meta":[],"etheme_brands":[{"term_id":508,"name":"DODIE","slug":"dodie","term_group":0,"term_taxonomy_id":508,"taxonomy":"brand","description":"","parent":0,"count":38,"filter":"raw"}],"product_brand":[],"product_cat":[285,450,298,295],"product_tag":[],"class_list":{"0":"post-11036","1":"product","2":"type-product","3":"status-publish","4":"has-post-thumbnail","6":"brand-dodie","7":"product_cat-bebe-maman","8":"product_cat-bebe-nourrissons","9":"product_cat-biberon","10":"product_cat-repas","12":"first","13":"instock","14":"sale","15":"shipping-taxable","16":"purchasable","17":"product-type-simple"},"_links":{"self":[{"href":"https:\/\/calita.ma\/fr\/wp-json\/wp\/v2\/product\/11036","targetHints":{"allow":["GET"]}}],"collection":[{"href":"https:\/\/calita.ma\/fr\/wp-json\/wp\/v2\/product"}],"about":[{"href":"https:\/\/calita.ma\/fr\/wp-json\/wp\/v2\/types\/product"}],"replies":[{"embeddable":true,"href":"https:\/\/calita.ma\/fr\/wp-json\/wp\/v2\/comments?post=11036"}],"version-history":[{"count":1,"href":"https:\/\/calita.ma\/fr\/wp-json\/wp\/v2\/product\/11036\/revisions"}],"predecessor-version":[{"id":11038,"href":"https:\/\/calita.ma\/fr\/wp-json\/wp\/v2\/product\/11036\/revisions\/11038"}],"wp:featuredmedia":[{"embeddable":true,"href":"https:\/\/calita.ma\/fr\/wp-json\/wp\/v2\/media\/11037"}],"wp:attachment":[{"href":"https:\/\/calita.ma\/fr\/wp-json\/wp\/v2\/media?parent=11036"}],"wp:term":[{"taxonomy":"brand","embeddable":true,"href":"https:\/\/calita.ma\/fr\/wp-json\/wp\/v2\/etheme_brands?post=11036"},{"taxonomy":"product_brand","embeddable":true,"href":"https:\/\/calita.ma\/fr\/wp-json\/wp\/v2\/product_brand?post=11036"},{"taxonomy":"product_cat","embeddable":true,"href":"https:\/\/calita.ma\/fr\/wp-json\/wp\/v2\/product_cat?post=11036"},{"taxonomy":"product_tag","embeddable":true,"href":"https:\/\/calita.ma\/fr\/wp-json\/wp\/v2\/product_tag?post=11036"}],"curies":[{"name":"wp","href":"https:\/\/api.w.org\/{rel}","templated":true}]}}