{"id":11033,"date":"2024-12-21T11:17:24","date_gmt":"2024-12-21T11:17:24","guid":{"rendered":"https:\/\/parapharmaciecalifornietah.ma\/?post_type=product&#038;p=11033"},"modified":"2024-12-21T11:17:24","modified_gmt":"2024-12-21T11:17:24","slug":"dodie-biberon-anti-colique-anses-mickey-bleu-6-tetine-ronde-3-vitesses-270ml","status":"publish","type":"product","link":"https:\/\/calita.ma\/fr\/produit\/dodie-biberon-anti-colique-anses-mickey-bleu-6-tetine-ronde-3-vitesses-270ml\/","title":{"rendered":"DODIE BIBERON ANTI-COLIQUE ANSES MICKEY BLEU+ 6 TETINE RONDE 3 VITESSES 270ML"},"content":{"rendered":"<p>LE BIBERON ANTI COLIQUE DISNEY BABY MICKEY 270ML DODIE DISPOSE :<\/p>\n<p>&#8211; d&#8217;un bout rond adapt\u00e9 \u00e0 la bouche de b\u00e9b\u00e9 pour une t\u00e9t\u00e9e confortable,<\/p>\n<p>&#8211; d&#8217;une valve anti-colique brevet\u00e9e pour favoriser la circulation d&#8217;air et r\u00e9duire les risques de coliques, de r\u00e9gurgitation et d&#8217;a\u00e9rophagie,<\/p>\n<p>&#8211; des stries pour \u00e9viter le collage des parois pour une t\u00e9t\u00e9e en continu,<\/p>\n<p>&#8211; de 3 vitesses qui s&#8217;adaptent rapidement au rythme de succion de b\u00e9b\u00e9,<\/p>\n<p>&#8211; d&#8217;une t\u00e9tine extra douce en silicone souple pour une t\u00e9t\u00e9e sans sa fatiguer,<\/p>\n<p>&#8211; d&#8217;une base large qui encourage l&#8217;ouverture de la bouche de b\u00e9b\u00e9.<\/p>\n<p>&nbsp;<\/p>\n<p>Les anses amovibles permettent la prise en main du biberon, et le capuchon ergonomique une protection anti-fuite.<\/p>\n<p>0% BPA. Fabriqu\u00e9 en France.<\/p>\n<p><strong>CONSEILS D&#8217;UTILISATION<\/strong><\/p>\n<p>Avant la 1ere utilisation, mettre le biberon d\u00e9mont\u00e9, la t\u00e9tine et les accessoires Dodie dans l&#8217;eau bouillante et les y laisser pendant 5 minutes.<\/p>\n<p>Avant chaque utilisation, nettoyer la t\u00e9tine \u00e0 la main. Examiner et tirer sur la t\u00e9tine dans tous les sens. La jeter d\u00e8s les premiers signes de d\u00e9t\u00e9rioration ou de fragilit\u00e9.<\/p>\n<p><strong>COMPOSITION<\/strong><\/p>\n<p>Biberon Anti-Colique + T\u00e9tine Ronde 3 Vitesses + Anses amovibles<\/p>","protected":false},"excerpt":{"rendered":"<p>LE BIBERON ANTI COLIQUE DISNEY BABY MICKEY 270ML DODIE DISPOSE : &#8211; d&#8217;un bout rond adapt\u00e9 \u00e0 la bouche de b\u00e9b\u00e9 pour une t\u00e9t\u00e9e confortable,&#8230;<\/p>","protected":false},"featured_media":11034,"comment_status":"open","ping_status":"closed","template":"","meta":[],"etheme_brands":[{"term_id":508,"name":"DODIE","slug":"dodie","term_group":0,"term_taxonomy_id":508,"taxonomy":"brand","description":"","parent":0,"count":38,"filter":"raw"}],"product_brand":[],"product_cat":[285,450,298,295],"product_tag":[],"class_list":{"0":"post-11033","1":"product","2":"type-product","3":"status-publish","4":"has-post-thumbnail","6":"brand-dodie","7":"product_cat-bebe-maman","8":"product_cat-bebe-nourrissons","9":"product_cat-biberon","10":"product_cat-repas","12":"first","13":"instock","14":"sale","15":"shipping-taxable","16":"purchasable","17":"product-type-simple"},"_links":{"self":[{"href":"https:\/\/calita.ma\/fr\/wp-json\/wp\/v2\/product\/11033","targetHints":{"allow":["GET"]}}],"collection":[{"href":"https:\/\/calita.ma\/fr\/wp-json\/wp\/v2\/product"}],"about":[{"href":"https:\/\/calita.ma\/fr\/wp-json\/wp\/v2\/types\/product"}],"replies":[{"embeddable":true,"href":"https:\/\/calita.ma\/fr\/wp-json\/wp\/v2\/comments?post=11033"}],"version-history":[{"count":1,"href":"https:\/\/calita.ma\/fr\/wp-json\/wp\/v2\/product\/11033\/revisions"}],"predecessor-version":[{"id":11035,"href":"https:\/\/calita.ma\/fr\/wp-json\/wp\/v2\/product\/11033\/revisions\/11035"}],"wp:featuredmedia":[{"embeddable":true,"href":"https:\/\/calita.ma\/fr\/wp-json\/wp\/v2\/media\/11034"}],"wp:attachment":[{"href":"https:\/\/calita.ma\/fr\/wp-json\/wp\/v2\/media?parent=11033"}],"wp:term":[{"taxonomy":"brand","embeddable":true,"href":"https:\/\/calita.ma\/fr\/wp-json\/wp\/v2\/etheme_brands?post=11033"},{"taxonomy":"product_brand","embeddable":true,"href":"https:\/\/calita.ma\/fr\/wp-json\/wp\/v2\/product_brand?post=11033"},{"taxonomy":"product_cat","embeddable":true,"href":"https:\/\/calita.ma\/fr\/wp-json\/wp\/v2\/product_cat?post=11033"},{"taxonomy":"product_tag","embeddable":true,"href":"https:\/\/calita.ma\/fr\/wp-json\/wp\/v2\/product_tag?post=11033"}],"curies":[{"name":"wp","href":"https:\/\/api.w.org\/{rel}","templated":true}]}}