{"id":11030,"date":"2024-12-21T11:10:33","date_gmt":"2024-12-21T11:10:33","guid":{"rendered":"https:\/\/parapharmaciecalifornietah.ma\/?post_type=product&#038;p=11030"},"modified":"2024-12-21T11:10:33","modified_gmt":"2024-12-21T11:10:33","slug":"dodie-biberon-sensation-mer-150ml","status":"publish","type":"product","link":"https:\/\/calita.ma\/fr\/produit\/dodie-biberon-sensation-mer-150ml\/","title":{"rendered":"DODIE BIBERON SENSATION+ MER 150ML"},"content":{"rendered":"<ol>\n<li>T\u00e9tine plate : favorise le passage du sein au biberon.<\/li>\n<li>Anti-colique : technologie anti-colique directement int\u00e9gr\u00e9e \u00e0 la t\u00e9tine.<\/li>\n<li>La t\u00e9tine poss\u00e8de une double valve qui favorise une circulation d\u2019air r\u00e9guli\u00e8re dans le biberon et non dans le ventre de b\u00e9b\u00e9.<\/li>\n<li>Anti-fuites : biberon en une seule pi\u00e8ce.<\/li>\n<li>Capuchon ergonomique : facile \u00e0 ouvrir d\u2019une seule main.<\/li>\n<li>Design exclusif, forme triangulaire con\u00e7ue pour la main de b\u00e9b\u00e9.<\/li>\n<li>0% BPA et 0% BPS<\/li>\n<li>100% fabriqu\u00e9 en France<\/li>\n<\/ol>","protected":false},"excerpt":{"rendered":"<p>T\u00e9tine plate : favorise le passage du sein au biberon. Anti-colique : technologie anti-colique directement int\u00e9gr\u00e9e \u00e0 la t\u00e9tine. La t\u00e9tine poss\u00e8de une double valve&#8230;<\/p>","protected":false},"featured_media":11031,"comment_status":"open","ping_status":"closed","template":"","meta":[],"etheme_brands":[{"term_id":508,"name":"DODIE","slug":"dodie","term_group":0,"term_taxonomy_id":508,"taxonomy":"brand","description":"","parent":0,"count":38,"filter":"raw"}],"product_brand":[],"product_cat":[285,450,298,295],"product_tag":[],"class_list":{"0":"post-11030","1":"product","2":"type-product","3":"status-publish","4":"has-post-thumbnail","6":"brand-dodie","7":"product_cat-bebe-maman","8":"product_cat-bebe-nourrissons","9":"product_cat-biberon","10":"product_cat-repas","12":"first","13":"instock","14":"sale","15":"shipping-taxable","16":"purchasable","17":"product-type-simple"},"_links":{"self":[{"href":"https:\/\/calita.ma\/fr\/wp-json\/wp\/v2\/product\/11030","targetHints":{"allow":["GET"]}}],"collection":[{"href":"https:\/\/calita.ma\/fr\/wp-json\/wp\/v2\/product"}],"about":[{"href":"https:\/\/calita.ma\/fr\/wp-json\/wp\/v2\/types\/product"}],"replies":[{"embeddable":true,"href":"https:\/\/calita.ma\/fr\/wp-json\/wp\/v2\/comments?post=11030"}],"version-history":[{"count":1,"href":"https:\/\/calita.ma\/fr\/wp-json\/wp\/v2\/product\/11030\/revisions"}],"predecessor-version":[{"id":11032,"href":"https:\/\/calita.ma\/fr\/wp-json\/wp\/v2\/product\/11030\/revisions\/11032"}],"wp:featuredmedia":[{"embeddable":true,"href":"https:\/\/calita.ma\/fr\/wp-json\/wp\/v2\/media\/11031"}],"wp:attachment":[{"href":"https:\/\/calita.ma\/fr\/wp-json\/wp\/v2\/media?parent=11030"}],"wp:term":[{"taxonomy":"brand","embeddable":true,"href":"https:\/\/calita.ma\/fr\/wp-json\/wp\/v2\/etheme_brands?post=11030"},{"taxonomy":"product_brand","embeddable":true,"href":"https:\/\/calita.ma\/fr\/wp-json\/wp\/v2\/product_brand?post=11030"},{"taxonomy":"product_cat","embeddable":true,"href":"https:\/\/calita.ma\/fr\/wp-json\/wp\/v2\/product_cat?post=11030"},{"taxonomy":"product_tag","embeddable":true,"href":"https:\/\/calita.ma\/fr\/wp-json\/wp\/v2\/product_tag?post=11030"}],"curies":[{"name":"wp","href":"https:\/\/api.w.org\/{rel}","templated":true}]}}