{"id":11027,"date":"2024-12-21T11:06:13","date_gmt":"2024-12-21T11:06:13","guid":{"rendered":"https:\/\/parapharmaciecalifornietah.ma\/?post_type=product&#038;p=11027"},"modified":"2024-12-21T11:06:13","modified_gmt":"2024-12-21T11:06:13","slug":"dodie-biberon-sensation-jardin-150ml","status":"publish","type":"product","link":"https:\/\/calita.ma\/fr\/produit\/dodie-biberon-sensation-jardin-150ml\/","title":{"rendered":"DODIE BIBERON SENSATION+ JARDIN 150ML"},"content":{"rendered":"<p>Biberon anti-colique 0-6 mois d\u00e9bit 1 Dodie, pour les nourrissons de 0 \u00e0 6 mois, reproduit la forme aplatie du sein lors de la t\u00e9t\u00e9e, id\u00e9ale pour passer du sein au biberon.<\/p>\n<p>Le syst\u00e8me anti-colique est int\u00e9gr\u00e9 \u00e0 la t\u00e9tine gr\u00e2ce \u00e0 une double valve brevet\u00e9e, qui favorise la circulation de l&#8217;air et r\u00e9duit les risques de coliques, d&#8217;a\u00e9rophagie et de r\u00e9gurgitations.<\/p>\n<p>La t\u00e9tine plate imite la forme aplatie du sein pendant la t\u00e9t\u00e9e, ce qui privil\u00e9gie le passage du sein au biberon, et elle est accept\u00e9e facilement par 95% des b\u00e9b\u00e9s.<\/p>\n<p>Ce biberon triangulaire est facile \u00e0 prendre en main et garanti sans bisph\u00e9nol A ni S (conform\u00e9ment \u00e0 la r\u00e9glementation en vigueur).<\/p>\n<p>Fabriqu\u00e9 en France.<\/p>\n<p>Propri\u00e9t\u00e9s<\/p>\n<p>Biberon 0-6 mois.<\/p>\n<p><strong>Conseils d utilisation<\/strong><\/p>\n<p>Avant la premi\u00e8re utilisation, faire bouillir le biberon, la t\u00e9tine et les accessoires pendant 5 minutes. Laver le biberon au savon \u00e0 l&#8217;aide d&#8217;un goupillon doux, puis rincer avant chaque utilisation.<\/p>\n<p><strong>Composition<\/strong><\/p>\n<p>Corps, bague et capot en polypropyl\u00e8ne et t\u00e9tine en silicone.<\/p>","protected":false},"excerpt":{"rendered":"<p>Biberon anti-colique 0-6 mois d\u00e9bit 1 Dodie, pour les nourrissons de 0 \u00e0 6 mois, reproduit la forme aplatie du sein lors de la t\u00e9t\u00e9e,&#8230;<\/p>","protected":false},"featured_media":11028,"comment_status":"open","ping_status":"closed","template":"","meta":[],"etheme_brands":[{"term_id":508,"name":"DODIE","slug":"dodie","term_group":0,"term_taxonomy_id":508,"taxonomy":"brand","description":"","parent":0,"count":38,"filter":"raw"}],"product_brand":[],"product_cat":[285,450,298,295],"product_tag":[],"class_list":{"0":"post-11027","1":"product","2":"type-product","3":"status-publish","4":"has-post-thumbnail","6":"brand-dodie","7":"product_cat-bebe-maman","8":"product_cat-bebe-nourrissons","9":"product_cat-biberon","10":"product_cat-repas","12":"first","13":"instock","14":"sale","15":"shipping-taxable","16":"purchasable","17":"product-type-simple"},"_links":{"self":[{"href":"https:\/\/calita.ma\/fr\/wp-json\/wp\/v2\/product\/11027","targetHints":{"allow":["GET"]}}],"collection":[{"href":"https:\/\/calita.ma\/fr\/wp-json\/wp\/v2\/product"}],"about":[{"href":"https:\/\/calita.ma\/fr\/wp-json\/wp\/v2\/types\/product"}],"replies":[{"embeddable":true,"href":"https:\/\/calita.ma\/fr\/wp-json\/wp\/v2\/comments?post=11027"}],"version-history":[{"count":1,"href":"https:\/\/calita.ma\/fr\/wp-json\/wp\/v2\/product\/11027\/revisions"}],"predecessor-version":[{"id":11029,"href":"https:\/\/calita.ma\/fr\/wp-json\/wp\/v2\/product\/11027\/revisions\/11029"}],"wp:featuredmedia":[{"embeddable":true,"href":"https:\/\/calita.ma\/fr\/wp-json\/wp\/v2\/media\/11028"}],"wp:attachment":[{"href":"https:\/\/calita.ma\/fr\/wp-json\/wp\/v2\/media?parent=11027"}],"wp:term":[{"taxonomy":"brand","embeddable":true,"href":"https:\/\/calita.ma\/fr\/wp-json\/wp\/v2\/etheme_brands?post=11027"},{"taxonomy":"product_brand","embeddable":true,"href":"https:\/\/calita.ma\/fr\/wp-json\/wp\/v2\/product_brand?post=11027"},{"taxonomy":"product_cat","embeddable":true,"href":"https:\/\/calita.ma\/fr\/wp-json\/wp\/v2\/product_cat?post=11027"},{"taxonomy":"product_tag","embeddable":true,"href":"https:\/\/calita.ma\/fr\/wp-json\/wp\/v2\/product_tag?post=11027"}],"curies":[{"name":"wp","href":"https:\/\/api.w.org\/{rel}","templated":true}]}}