{"id":11024,"date":"2024-12-21T10:49:13","date_gmt":"2024-12-21T10:49:13","guid":{"rendered":"https:\/\/parapharmaciecalifornietah.ma\/?post_type=product&#038;p=11024"},"modified":"2024-12-21T10:49:13","modified_gmt":"2024-12-21T10:49:13","slug":"dodie-biberon-sensation-air-150ml","status":"publish","type":"product","link":"https:\/\/calita.ma\/fr\/produit\/dodie-biberon-sensation-air-150ml\/","title":{"rendered":"DODIE BIBERON SENSATION+ AIR 150ML"},"content":{"rendered":"<p>BIBERON SENSATION+ 150ML, D\u00c9CORS AIR, \u00c9QUIP\u00c9 D\u2019UNE T\u00c9TINE PLATE D\u00c9BIT LENT POUR LES B\u00c9B\u00c9S D\u00c8S LA NAISSANCE.<\/p>\n<p>Son syst\u00e8me anti-colique est int\u00e9gr\u00e9 \u00e0 la t\u00e9tine gr\u00e2ce \u00e0 une double valve brevet\u00e9e, qui favorise la circulation de l&#8217;air et r\u00e9duit les risques de coliques, d&#8217;a\u00e9rophagie et de r\u00e9gurgitations.<\/p>\n<p>La t\u00e9tine plate imite la forme aplatie du sein pendant la t\u00e9t\u00e9e, ce qui favorise le passage du sein au biberon, et elle est accept\u00e9e facilement par 95% des b\u00e9b\u00e9s (test r\u00e9alis\u00e9 par l\u2019IDM en octobre 2014 aupr\u00e8s de 20 mamans d\u2019enfants \u00e2g\u00e9s de 0 \u00e0 12 mois).<\/p>\n<p>Ce biberon triangulaire est facile \u00e0 prendre en main et garanti sans bisph\u00e9nol A ni S (conform\u00e9ment \u00e0 la r\u00e9glementation en vigueur)<\/p>\n<p>Les + produit :<\/p>\n<p>&#8211; Syst\u00e8me anti-colique int\u00e9gr\u00e9 \u00e0 la t\u00e9tine gr\u00e2ce \u00e0 une double valve brevet\u00e9e<\/p>\n<p>&#8211; T\u00e9tine plate imitant la forme aplatie du sein pendant la t\u00e9t\u00e9e : favorise le passage du sein au biberon , accept\u00e9e facilement par 95% des b\u00e9b\u00e9s<\/p>\n<p>&#8211; Biberon triangulaire, facile \u00e0 prendre en main et garanti sans bisph\u00e9nol A ni S (conform\u00e9ment \u00e0 la r\u00e9glementation en vigueur)<\/p>\n<p><strong>Caract\u00e9ristiques produit :<\/strong><\/p>\n<p>&#8211; Contenance : 150ml<\/p>\n<p>&#8211; D\u00e9bit t\u00e9tine : Lent \/ S<\/p>\n<p>&#8211; Composition : Corps,\u00a0 bague et capot en polypropyl\u00e8ne \/ T\u00e9tine en silicone<\/p>\n<p>&#8211; Utilisation : D\u00e8s la naissance.<\/p>","protected":false},"excerpt":{"rendered":"<p>BIBERON SENSATION+ 150ML, D\u00c9CORS AIR, \u00c9QUIP\u00c9 D\u2019UNE T\u00c9TINE PLATE D\u00c9BIT LENT POUR LES B\u00c9B\u00c9S D\u00c8S LA NAISSANCE. Son syst\u00e8me anti-colique est int\u00e9gr\u00e9 \u00e0 la t\u00e9tine&#8230;<\/p>","protected":false},"featured_media":11025,"comment_status":"open","ping_status":"closed","template":"","meta":[],"etheme_brands":[{"term_id":508,"name":"DODIE","slug":"dodie","term_group":0,"term_taxonomy_id":508,"taxonomy":"brand","description":"","parent":0,"count":38,"filter":"raw"}],"product_brand":[],"product_cat":[285,450,298,295],"product_tag":[],"class_list":{"0":"post-11024","1":"product","2":"type-product","3":"status-publish","4":"has-post-thumbnail","6":"brand-dodie","7":"product_cat-bebe-maman","8":"product_cat-bebe-nourrissons","9":"product_cat-biberon","10":"product_cat-repas","12":"first","13":"instock","14":"sale","15":"shipping-taxable","16":"purchasable","17":"product-type-simple"},"_links":{"self":[{"href":"https:\/\/calita.ma\/fr\/wp-json\/wp\/v2\/product\/11024","targetHints":{"allow":["GET"]}}],"collection":[{"href":"https:\/\/calita.ma\/fr\/wp-json\/wp\/v2\/product"}],"about":[{"href":"https:\/\/calita.ma\/fr\/wp-json\/wp\/v2\/types\/product"}],"replies":[{"embeddable":true,"href":"https:\/\/calita.ma\/fr\/wp-json\/wp\/v2\/comments?post=11024"}],"version-history":[{"count":1,"href":"https:\/\/calita.ma\/fr\/wp-json\/wp\/v2\/product\/11024\/revisions"}],"predecessor-version":[{"id":11026,"href":"https:\/\/calita.ma\/fr\/wp-json\/wp\/v2\/product\/11024\/revisions\/11026"}],"wp:featuredmedia":[{"embeddable":true,"href":"https:\/\/calita.ma\/fr\/wp-json\/wp\/v2\/media\/11025"}],"wp:attachment":[{"href":"https:\/\/calita.ma\/fr\/wp-json\/wp\/v2\/media?parent=11024"}],"wp:term":[{"taxonomy":"brand","embeddable":true,"href":"https:\/\/calita.ma\/fr\/wp-json\/wp\/v2\/etheme_brands?post=11024"},{"taxonomy":"product_brand","embeddable":true,"href":"https:\/\/calita.ma\/fr\/wp-json\/wp\/v2\/product_brand?post=11024"},{"taxonomy":"product_cat","embeddable":true,"href":"https:\/\/calita.ma\/fr\/wp-json\/wp\/v2\/product_cat?post=11024"},{"taxonomy":"product_tag","embeddable":true,"href":"https:\/\/calita.ma\/fr\/wp-json\/wp\/v2\/product_tag?post=11024"}],"curies":[{"name":"wp","href":"https:\/\/api.w.org\/{rel}","templated":true}]}}