{"id":11021,"date":"2024-12-21T10:46:38","date_gmt":"2024-12-21T10:46:38","guid":{"rendered":"https:\/\/parapharmaciecalifornietah.ma\/?post_type=product&#038;p=11021"},"modified":"2024-12-21T10:46:38","modified_gmt":"2024-12-21T10:46:38","slug":"dodie-biberon-initiation-rose-licorne-270ml","status":"publish","type":"product","link":"https:\/\/calita.ma\/fr\/produit\/dodie-biberon-initiation-rose-licorne-270ml\/","title":{"rendered":"DODIE BIBERON INITIATION+ ROSE LICORNE 270ML"},"content":{"rendered":"<p>Biberon Dodie Anti-colique 270 ml rose Licorne est un biberon \u00e0 double valve anti-colique dot\u00e9 d\u2019une t\u00e9tine ronde \u00e0 3 vitesses. Ce type de t\u00e9tine permet \u00e0 b\u00e9b\u00e9 de t\u00e9ter efficacement et en continu \u00e0 son rythme sans se fatiguer. Biberon d\u00e9velopp\u00e9 par des experts, le Dodie Anti-Colique est parfait pour nourrir votre b\u00e9b\u00e9 de 0 \u00e0 6 mois.<\/p>\n<p>Biberon Dodie avec une t\u00e9tine \u00e0 bout rond et 3 vitesses (lente \u2013 moyenne \u2013 rapide) en fonction de l\u2019app\u00e9tit de b\u00e9b\u00e9 durant la t\u00e9t\u00e9.<\/p>","protected":false},"excerpt":{"rendered":"<p>Biberon Dodie Anti-colique 270 ml rose Licorne est un biberon \u00e0 double valve anti-colique dot\u00e9 d\u2019une t\u00e9tine ronde \u00e0 3 vitesses. Ce type de t\u00e9tine&#8230;<\/p>","protected":false},"featured_media":11022,"comment_status":"open","ping_status":"closed","template":"","meta":[],"etheme_brands":[{"term_id":508,"name":"DODIE","slug":"dodie","term_group":0,"term_taxonomy_id":508,"taxonomy":"brand","description":"","parent":0,"count":38,"filter":"raw"}],"product_brand":[],"product_cat":[285,450,298,295],"product_tag":[],"class_list":{"0":"post-11021","1":"product","2":"type-product","3":"status-publish","4":"has-post-thumbnail","6":"brand-dodie","7":"product_cat-bebe-maman","8":"product_cat-bebe-nourrissons","9":"product_cat-biberon","10":"product_cat-repas","12":"first","13":"instock","14":"sale","15":"shipping-taxable","16":"purchasable","17":"product-type-simple"},"_links":{"self":[{"href":"https:\/\/calita.ma\/fr\/wp-json\/wp\/v2\/product\/11021","targetHints":{"allow":["GET"]}}],"collection":[{"href":"https:\/\/calita.ma\/fr\/wp-json\/wp\/v2\/product"}],"about":[{"href":"https:\/\/calita.ma\/fr\/wp-json\/wp\/v2\/types\/product"}],"replies":[{"embeddable":true,"href":"https:\/\/calita.ma\/fr\/wp-json\/wp\/v2\/comments?post=11021"}],"version-history":[{"count":1,"href":"https:\/\/calita.ma\/fr\/wp-json\/wp\/v2\/product\/11021\/revisions"}],"predecessor-version":[{"id":11023,"href":"https:\/\/calita.ma\/fr\/wp-json\/wp\/v2\/product\/11021\/revisions\/11023"}],"wp:featuredmedia":[{"embeddable":true,"href":"https:\/\/calita.ma\/fr\/wp-json\/wp\/v2\/media\/11022"}],"wp:attachment":[{"href":"https:\/\/calita.ma\/fr\/wp-json\/wp\/v2\/media?parent=11021"}],"wp:term":[{"taxonomy":"brand","embeddable":true,"href":"https:\/\/calita.ma\/fr\/wp-json\/wp\/v2\/etheme_brands?post=11021"},{"taxonomy":"product_brand","embeddable":true,"href":"https:\/\/calita.ma\/fr\/wp-json\/wp\/v2\/product_brand?post=11021"},{"taxonomy":"product_cat","embeddable":true,"href":"https:\/\/calita.ma\/fr\/wp-json\/wp\/v2\/product_cat?post=11021"},{"taxonomy":"product_tag","embeddable":true,"href":"https:\/\/calita.ma\/fr\/wp-json\/wp\/v2\/product_tag?post=11021"}],"curies":[{"name":"wp","href":"https:\/\/api.w.org\/{rel}","templated":true}]}}