{"id":11018,"date":"2024-12-21T10:44:02","date_gmt":"2024-12-21T10:44:02","guid":{"rendered":"https:\/\/parapharmaciecalifornietah.ma\/?post_type=product&#038;p=11018"},"modified":"2024-12-21T10:44:02","modified_gmt":"2024-12-21T10:44:02","slug":"dodie-biberon-initiation-grorge-6mois-330ml","status":"publish","type":"product","link":"https:\/\/calita.ma\/fr\/produit\/dodie-biberon-initiation-grorge-6mois-330ml\/","title":{"rendered":"DODIE BIBERON INITIATION GRORGE +6MOIS 330ML"},"content":{"rendered":"<p>Biberon Initiation+ 330mL, d\u00e9cors GEORGE, \u00e9quip\u00e9 d\u2019une t\u00e9tine ronde 3 vitesses d\u00e9bit rapide. Son syst\u00e8me anti-colique est int\u00e9gr\u00e9 \u00e0 la t\u00e9tine gr\u00e2ce \u00e0 une valve brevet\u00e9e, qui favorise la circulation de l&#8217;air et r\u00e9duit les risques de coliques, d&#8217;a\u00e9rophagie et de r\u00e9gurgitations. La t\u00e9tine ronde 3 vitesse permet d&#8217;adapter le d\u00e9bit au rythme de succion de b\u00e9b\u00e9.<\/p>","protected":false},"excerpt":{"rendered":"<p>Biberon Initiation+ 330mL, d\u00e9cors GEORGE, \u00e9quip\u00e9 d\u2019une t\u00e9tine ronde 3 vitesses d\u00e9bit rapide. Son syst\u00e8me anti-colique est int\u00e9gr\u00e9 \u00e0 la t\u00e9tine gr\u00e2ce \u00e0 une valve&#8230;<\/p>","protected":false},"featured_media":11019,"comment_status":"open","ping_status":"closed","template":"","meta":[],"etheme_brands":[{"term_id":508,"name":"DODIE","slug":"dodie","term_group":0,"term_taxonomy_id":508,"taxonomy":"brand","description":"","parent":0,"count":38,"filter":"raw"}],"product_brand":[],"product_cat":[285,450,298,295],"product_tag":[],"class_list":{"0":"post-11018","1":"product","2":"type-product","3":"status-publish","4":"has-post-thumbnail","6":"brand-dodie","7":"product_cat-bebe-maman","8":"product_cat-bebe-nourrissons","9":"product_cat-biberon","10":"product_cat-repas","12":"first","13":"instock","14":"sale","15":"shipping-taxable","16":"purchasable","17":"product-type-simple"},"_links":{"self":[{"href":"https:\/\/calita.ma\/fr\/wp-json\/wp\/v2\/product\/11018","targetHints":{"allow":["GET"]}}],"collection":[{"href":"https:\/\/calita.ma\/fr\/wp-json\/wp\/v2\/product"}],"about":[{"href":"https:\/\/calita.ma\/fr\/wp-json\/wp\/v2\/types\/product"}],"replies":[{"embeddable":true,"href":"https:\/\/calita.ma\/fr\/wp-json\/wp\/v2\/comments?post=11018"}],"version-history":[{"count":1,"href":"https:\/\/calita.ma\/fr\/wp-json\/wp\/v2\/product\/11018\/revisions"}],"predecessor-version":[{"id":11020,"href":"https:\/\/calita.ma\/fr\/wp-json\/wp\/v2\/product\/11018\/revisions\/11020"}],"wp:featuredmedia":[{"embeddable":true,"href":"https:\/\/calita.ma\/fr\/wp-json\/wp\/v2\/media\/11019"}],"wp:attachment":[{"href":"https:\/\/calita.ma\/fr\/wp-json\/wp\/v2\/media?parent=11018"}],"wp:term":[{"taxonomy":"brand","embeddable":true,"href":"https:\/\/calita.ma\/fr\/wp-json\/wp\/v2\/etheme_brands?post=11018"},{"taxonomy":"product_brand","embeddable":true,"href":"https:\/\/calita.ma\/fr\/wp-json\/wp\/v2\/product_brand?post=11018"},{"taxonomy":"product_cat","embeddable":true,"href":"https:\/\/calita.ma\/fr\/wp-json\/wp\/v2\/product_cat?post=11018"},{"taxonomy":"product_tag","embeddable":true,"href":"https:\/\/calita.ma\/fr\/wp-json\/wp\/v2\/product_tag?post=11018"}],"curies":[{"name":"wp","href":"https:\/\/api.w.org\/{rel}","templated":true}]}}