{"id":11015,"date":"2024-12-21T10:41:18","date_gmt":"2024-12-21T10:41:18","guid":{"rendered":"https:\/\/parapharmaciecalifornietah.ma\/?post_type=product&#038;p=11015"},"modified":"2024-12-21T10:41:18","modified_gmt":"2024-12-21T10:41:18","slug":"dodie-biberon-sensation-anti-colique-verre-tetine-plate-london-270ml","status":"publish","type":"product","link":"https:\/\/calita.ma\/fr\/produit\/dodie-biberon-sensation-anti-colique-verre-tetine-plate-london-270ml\/","title":{"rendered":"DODIE BIBERON SENSATION ANTI-COLIQUE VERRE TETINE PLATE LONDON 270ML"},"content":{"rendered":"<p>Son syst\u00e8me anti-colique est int\u00e9gr\u00e9 \u00e0 la t\u00e9tine gr\u00e2ce \u00e0 une double valve brevet\u00e9e, qui favorise la circulation de l&#8217;air et r\u00e9duit les risques de coliques, d&#8217;a\u00e9rophagie et de r\u00e9gurgitations.<\/p>\n<div class=\"pagebuilder-column\" data-content-type=\"column\" data-appearance=\"full-height\" data-background-images=\"{}\" data-element=\"main\">\n<div data-content-type=\"text\" data-appearance=\"default\" data-element=\"main\">\n<ul>\n<li>T\u00e9tine plate qui imite la forme aplatie du sein pendant la t\u00e9t\u00e9e, ce qui favorise le passage du sein au biberon<\/li>\n<li>T\u00e9tine accept\u00e9e facilement par 95% des b\u00e9b\u00e9s (test r\u00e9alis\u00e9 par l\u2019IDM en octobre 2014 aupr\u00e8s de 20 enfants \u00e2g\u00e9s de 0 \u00e0 12 mois)<\/li>\n<li>Syst\u00e8me anti-colique<\/li>\n<li>Forme triangulaire pour faciliter la prise en main et \u00e9viter de rouler<\/li>\n<li>Biberon en verre borosilicate de qualit\u00e9 pharmaceutique, ultra-r\u00e9sistant aux chocs thermiques<\/li>\n<li>Garanti sans bisph\u00e9nol A* ni S (*conform\u00e9ment \u00e0 la r\u00e9glementation en vigueur)<\/li>\n<\/ul>\n<\/div>\n<\/div>","protected":false},"excerpt":{"rendered":"<p>Son syst\u00e8me anti-colique est int\u00e9gr\u00e9 \u00e0 la t\u00e9tine gr\u00e2ce \u00e0 une double valve brevet\u00e9e, qui favorise la circulation de l&#8217;air et r\u00e9duit les risques de&#8230;<\/p>","protected":false},"featured_media":11016,"comment_status":"open","ping_status":"closed","template":"","meta":[],"etheme_brands":[{"term_id":508,"name":"DODIE","slug":"dodie","term_group":0,"term_taxonomy_id":508,"taxonomy":"brand","description":"","parent":0,"count":38,"filter":"raw"}],"product_brand":[],"product_cat":[285,450,298,295],"product_tag":[],"class_list":{"0":"post-11015","1":"product","2":"type-product","3":"status-publish","4":"has-post-thumbnail","6":"brand-dodie","7":"product_cat-bebe-maman","8":"product_cat-bebe-nourrissons","9":"product_cat-biberon","10":"product_cat-repas","12":"first","13":"instock","14":"sale","15":"shipping-taxable","16":"purchasable","17":"product-type-simple"},"_links":{"self":[{"href":"https:\/\/calita.ma\/fr\/wp-json\/wp\/v2\/product\/11015","targetHints":{"allow":["GET"]}}],"collection":[{"href":"https:\/\/calita.ma\/fr\/wp-json\/wp\/v2\/product"}],"about":[{"href":"https:\/\/calita.ma\/fr\/wp-json\/wp\/v2\/types\/product"}],"replies":[{"embeddable":true,"href":"https:\/\/calita.ma\/fr\/wp-json\/wp\/v2\/comments?post=11015"}],"version-history":[{"count":1,"href":"https:\/\/calita.ma\/fr\/wp-json\/wp\/v2\/product\/11015\/revisions"}],"predecessor-version":[{"id":11017,"href":"https:\/\/calita.ma\/fr\/wp-json\/wp\/v2\/product\/11015\/revisions\/11017"}],"wp:featuredmedia":[{"embeddable":true,"href":"https:\/\/calita.ma\/fr\/wp-json\/wp\/v2\/media\/11016"}],"wp:attachment":[{"href":"https:\/\/calita.ma\/fr\/wp-json\/wp\/v2\/media?parent=11015"}],"wp:term":[{"taxonomy":"brand","embeddable":true,"href":"https:\/\/calita.ma\/fr\/wp-json\/wp\/v2\/etheme_brands?post=11015"},{"taxonomy":"product_brand","embeddable":true,"href":"https:\/\/calita.ma\/fr\/wp-json\/wp\/v2\/product_brand?post=11015"},{"taxonomy":"product_cat","embeddable":true,"href":"https:\/\/calita.ma\/fr\/wp-json\/wp\/v2\/product_cat?post=11015"},{"taxonomy":"product_tag","embeddable":true,"href":"https:\/\/calita.ma\/fr\/wp-json\/wp\/v2\/product_tag?post=11015"}],"curies":[{"name":"wp","href":"https:\/\/api.w.org\/{rel}","templated":true}]}}