{"id":11012,"date":"2024-12-21T10:36:30","date_gmt":"2024-12-21T10:36:30","guid":{"rendered":"https:\/\/parapharmaciecalifornietah.ma\/?post_type=product&#038;p=11012"},"modified":"2024-12-21T10:36:30","modified_gmt":"2024-12-21T10:36:30","slug":"dodie-biberon-initiation-verre-anti-colique-vert-oiseaux-0-6mois-tetine-ronde-3-vitesses-270ml","status":"publish","type":"product","link":"https:\/\/calita.ma\/fr\/produit\/dodie-biberon-initiation-verre-anti-colique-vert-oiseaux-0-6mois-tetine-ronde-3-vitesses-270ml\/","title":{"rendered":"DODIE BIBERON INITIATION VERRE ANTI-COLIQUE VERT OISEAUX 0-6MOIS TETINE RONDE 3 VITESSES 270ML"},"content":{"rendered":"<p style=\"font-weight: 400;\">Dodie Biberon Verre Initiation+ 270 ml D\u00e9bit 2 0-6 Mois est un biberon qui poss\u00e8de une t\u00e9tine ronde 3 vitesses avec une valve brevet\u00e9e anti-colique qui permet \u00e0 b\u00e9b\u00e9 de t\u00e9ter efficacement et en continu \u00e0 son rythme, sans se fatiguer.<\/p>\n<p style=\"font-weight: 400;\">La t\u00e9tine \u00e0 bout rond est adapt\u00e9e \u00e0 la bouche de b\u00e9b\u00e9 pour une t\u00e9t\u00e9e confortable.<\/p>\n<p style=\"font-weight: 400;\">La double valve anti-colique brevet\u00e9 favorise une circulation d&#8217;air r\u00e9guli\u00e8re r\u00e9duisant les risques de coliques, de r\u00e9gurgitations et d&#8217;a\u00e9rophagie.<\/p>\n<p style=\"font-weight: 400;\">Les stries \u00e9vitent le collage des parois pour une t\u00e9t\u00e9e en continu.<\/p>\n<p style=\"font-weight: 400;\">La texture douce en silicone extra souple permet une t\u00e9t\u00e9e sans se fatiguer.<\/p>\n<p style=\"font-weight: 400;\">La base large encourage l&#8217;ouverture de la bouche.<\/p>\n<p style=\"font-weight: 400;\">Le capuchon ergonomique est facile \u00e0 ouvrir d&#8217;une seule main.<\/p>\n<p style=\"font-weight: 400;\">Le verre de qualit\u00e9 pharmaceutique (borosilicate) est fabriqu\u00e9 dans un verre pur et ultra-r\u00e9sistant aux chocs thermiques. La mati\u00e8re est s\u00fbre et durable, enti\u00e8rement recyclable, st\u00e9rilisable \u00e0 tr\u00e8s haute temp\u00e9rature.<\/p>\n<p style=\"font-weight: 400;\">0% BPA.<\/p>\n<p style=\"font-weight: 400;\"><strong>Conseils d&#8217;utilisation<\/strong><\/p>\n<p style=\"font-weight: 400;\">Bien nettoyer le biberon et toujours le st\u00e9riliser avant usage. La st\u00e9rilisation permet de prot\u00e9ger votre b\u00e9b\u00e9 des bact\u00e9ries pr\u00e9sentes dans le lait particuli\u00e8rement nocives, jusqu&#8217;\u00e0 ce que son syst\u00e8me immunitaire soit assez solide.<\/p>\n<p style=\"font-weight: 400;\">Placer les rep\u00e8res de vitesse sous le nez de b\u00e9b\u00e9.<\/p>\n<p style=\"font-weight: 400;\"><b><strong>Indication<\/strong><\/b>\u00a0:\u00a0Repas de b\u00e9b\u00e9 de 0 \u00e0 6 mois.<\/p>","protected":false},"excerpt":{"rendered":"<p>Dodie Biberon Verre Initiation+ 270 ml D\u00e9bit 2 0-6 Mois est un biberon qui poss\u00e8de une t\u00e9tine ronde 3 vitesses avec une valve brevet\u00e9e anti-colique&#8230;<\/p>","protected":false},"featured_media":11013,"comment_status":"open","ping_status":"closed","template":"","meta":[],"etheme_brands":[{"term_id":508,"name":"DODIE","slug":"dodie","term_group":0,"term_taxonomy_id":508,"taxonomy":"brand","description":"","parent":0,"count":38,"filter":"raw"}],"product_brand":[],"product_cat":[285,450,298,295],"product_tag":[],"class_list":{"0":"post-11012","1":"product","2":"type-product","3":"status-publish","4":"has-post-thumbnail","6":"brand-dodie","7":"product_cat-bebe-maman","8":"product_cat-bebe-nourrissons","9":"product_cat-biberon","10":"product_cat-repas","12":"first","13":"instock","14":"sale","15":"shipping-taxable","16":"purchasable","17":"product-type-simple"},"_links":{"self":[{"href":"https:\/\/calita.ma\/fr\/wp-json\/wp\/v2\/product\/11012","targetHints":{"allow":["GET"]}}],"collection":[{"href":"https:\/\/calita.ma\/fr\/wp-json\/wp\/v2\/product"}],"about":[{"href":"https:\/\/calita.ma\/fr\/wp-json\/wp\/v2\/types\/product"}],"replies":[{"embeddable":true,"href":"https:\/\/calita.ma\/fr\/wp-json\/wp\/v2\/comments?post=11012"}],"version-history":[{"count":1,"href":"https:\/\/calita.ma\/fr\/wp-json\/wp\/v2\/product\/11012\/revisions"}],"predecessor-version":[{"id":11014,"href":"https:\/\/calita.ma\/fr\/wp-json\/wp\/v2\/product\/11012\/revisions\/11014"}],"wp:featuredmedia":[{"embeddable":true,"href":"https:\/\/calita.ma\/fr\/wp-json\/wp\/v2\/media\/11013"}],"wp:attachment":[{"href":"https:\/\/calita.ma\/fr\/wp-json\/wp\/v2\/media?parent=11012"}],"wp:term":[{"taxonomy":"brand","embeddable":true,"href":"https:\/\/calita.ma\/fr\/wp-json\/wp\/v2\/etheme_brands?post=11012"},{"taxonomy":"product_brand","embeddable":true,"href":"https:\/\/calita.ma\/fr\/wp-json\/wp\/v2\/product_brand?post=11012"},{"taxonomy":"product_cat","embeddable":true,"href":"https:\/\/calita.ma\/fr\/wp-json\/wp\/v2\/product_cat?post=11012"},{"taxonomy":"product_tag","embeddable":true,"href":"https:\/\/calita.ma\/fr\/wp-json\/wp\/v2\/product_tag?post=11012"}],"curies":[{"name":"wp","href":"https:\/\/api.w.org\/{rel}","templated":true}]}}