{"id":11006,"date":"2024-12-21T10:31:25","date_gmt":"2024-12-21T10:31:25","guid":{"rendered":"https:\/\/parapharmaciecalifornietah.ma\/?post_type=product&#038;p=11006"},"modified":"2024-12-21T10:31:25","modified_gmt":"2024-12-21T10:31:25","slug":"dodie-biberon-sensation-anti-colique-verre-tetine-plate-paris-150ml","status":"publish","type":"product","link":"https:\/\/calita.ma\/fr\/produit\/dodie-biberon-sensation-anti-colique-verre-tetine-plate-paris-150ml\/","title":{"rendered":"DODIE BIBERON SENSATION ANTI-COLIQUE VERRE TETINE PLATE PARIS 150ML"},"content":{"rendered":"<p>Le biberon DODIE Sensation+ 150 ml 0-6m est anti colique avec une t\u00e9tine plate. Il est parfait pour passer de l\u2019allaitement maternel au biberon. Biberon DODIE Anti-colique en verre 150 ml PARIS est un biberon \u00e0 double valve anti-colique dot\u00e9 d\u2019une t\u00e9tine plate d\u00e9bit 1. Ce type de t\u00e9tine permet \u00e0 b\u00e9b\u00e9 de t\u00e9ter efficacement et en continu \u00e0 son rythme sans se fatiguer. Biberon d\u00e9velopp\u00e9 par des experts, le DODIE Anti-Colique est parfait pour nourrir votre b\u00e9b\u00e9 de 0 \u00e0 6 mois.<\/p>\n<p><strong>Les + Produit :<\/strong><\/p>\n<ul>\n<li>Biberon DODIE\u00a0Anti-Colique en verre 150 ml<\/li>\n<li>Fente anti-d\u00e9chirure pour un maximum de s\u00e9curit\u00e9<\/li>\n<li>Biberon en verre 150 ml \u00e0 col large.<\/li>\n<li>T\u00e9tine plate d\u00e9bit 1 SENSATION+<\/li>\n<li>St\u00e9rilisable \u00e0 tr\u00e8s haute temp\u00e9rature.<\/li>\n<\/ul>","protected":false},"excerpt":{"rendered":"<p>Le biberon DODIE Sensation+ 150 ml 0-6m est anti colique avec une t\u00e9tine plate. Il est parfait pour passer de l\u2019allaitement maternel au biberon. Biberon&#8230;<\/p>","protected":false},"featured_media":11007,"comment_status":"open","ping_status":"closed","template":"","meta":[],"etheme_brands":[{"term_id":508,"name":"DODIE","slug":"dodie","term_group":0,"term_taxonomy_id":508,"taxonomy":"brand","description":"","parent":0,"count":38,"filter":"raw"}],"product_brand":[],"product_cat":[285,450,298,295],"product_tag":[],"class_list":{"0":"post-11006","1":"product","2":"type-product","3":"status-publish","4":"has-post-thumbnail","6":"brand-dodie","7":"product_cat-bebe-maman","8":"product_cat-bebe-nourrissons","9":"product_cat-biberon","10":"product_cat-repas","12":"first","13":"instock","14":"sale","15":"shipping-taxable","16":"purchasable","17":"product-type-simple"},"_links":{"self":[{"href":"https:\/\/calita.ma\/fr\/wp-json\/wp\/v2\/product\/11006","targetHints":{"allow":["GET"]}}],"collection":[{"href":"https:\/\/calita.ma\/fr\/wp-json\/wp\/v2\/product"}],"about":[{"href":"https:\/\/calita.ma\/fr\/wp-json\/wp\/v2\/types\/product"}],"replies":[{"embeddable":true,"href":"https:\/\/calita.ma\/fr\/wp-json\/wp\/v2\/comments?post=11006"}],"version-history":[{"count":1,"href":"https:\/\/calita.ma\/fr\/wp-json\/wp\/v2\/product\/11006\/revisions"}],"predecessor-version":[{"id":11008,"href":"https:\/\/calita.ma\/fr\/wp-json\/wp\/v2\/product\/11006\/revisions\/11008"}],"wp:featuredmedia":[{"embeddable":true,"href":"https:\/\/calita.ma\/fr\/wp-json\/wp\/v2\/media\/11007"}],"wp:attachment":[{"href":"https:\/\/calita.ma\/fr\/wp-json\/wp\/v2\/media?parent=11006"}],"wp:term":[{"taxonomy":"brand","embeddable":true,"href":"https:\/\/calita.ma\/fr\/wp-json\/wp\/v2\/etheme_brands?post=11006"},{"taxonomy":"product_brand","embeddable":true,"href":"https:\/\/calita.ma\/fr\/wp-json\/wp\/v2\/product_brand?post=11006"},{"taxonomy":"product_cat","embeddable":true,"href":"https:\/\/calita.ma\/fr\/wp-json\/wp\/v2\/product_cat?post=11006"},{"taxonomy":"product_tag","embeddable":true,"href":"https:\/\/calita.ma\/fr\/wp-json\/wp\/v2\/product_tag?post=11006"}],"curies":[{"name":"wp","href":"https:\/\/api.w.org\/{rel}","templated":true}]}}