{"id":11003,"date":"2024-12-21T10:27:25","date_gmt":"2024-12-21T10:27:25","guid":{"rendered":"https:\/\/parapharmaciecalifornietah.ma\/?post_type=product&#038;p=11003"},"modified":"2024-12-21T10:27:25","modified_gmt":"2024-12-21T10:27:25","slug":"dodie-biberon-anti-colique-verre-tetine-rond-3-vitesses-0-6mois-150ml","status":"publish","type":"product","link":"https:\/\/calita.ma\/fr\/produit\/dodie-biberon-anti-colique-verre-tetine-rond-3-vitesses-0-6mois-150ml\/","title":{"rendered":"DODIE BIBERON ANTI-COLIQUE VERRE TETINE ROND 3 VITESSES 0-6MOIS +150ML"},"content":{"rendered":"<ul>\n<li>Un biberon triangulaire col large en verre avec une t\u00e9tine ronde 3 vitesses anti-colique en silicone permettant de s\u2019adapter au rythme de succion de b\u00e9b\u00e9, Verre de qualit\u00e9 pharmaceutique, pur et ultra r\u00e9sistant t\u00e9tine 3 vitesses anti colique forme triangulaire unique pour un biberon sans grumeau et une prise en main facile de b\u00e9b\u00e9 anti fuite fabrication UE garanti sans bisph\u00e9nol a et s; valve brevet\u00e9e anti-colique directement int\u00e9gr\u00e9e \u00e0 la t\u00e9tine-forme triangulaire ergonomique unique<\/li>\n<\/ul>\n<p>&nbsp;<\/p>","protected":false},"excerpt":{"rendered":"<p>Un biberon triangulaire col large en verre avec une t\u00e9tine ronde 3 vitesses anti-colique en silicone permettant de s\u2019adapter au rythme de succion de b\u00e9b\u00e9,&#8230;<\/p>","protected":false},"featured_media":11004,"comment_status":"open","ping_status":"closed","template":"","meta":[],"etheme_brands":[{"term_id":508,"name":"DODIE","slug":"dodie","term_group":0,"term_taxonomy_id":508,"taxonomy":"brand","description":"","parent":0,"count":38,"filter":"raw"}],"product_brand":[],"product_cat":[285,450,298,295],"product_tag":[],"class_list":{"0":"post-11003","1":"product","2":"type-product","3":"status-publish","4":"has-post-thumbnail","6":"brand-dodie","7":"product_cat-bebe-maman","8":"product_cat-bebe-nourrissons","9":"product_cat-biberon","10":"product_cat-repas","12":"first","13":"instock","14":"sale","15":"shipping-taxable","16":"purchasable","17":"product-type-simple"},"_links":{"self":[{"href":"https:\/\/calita.ma\/fr\/wp-json\/wp\/v2\/product\/11003","targetHints":{"allow":["GET"]}}],"collection":[{"href":"https:\/\/calita.ma\/fr\/wp-json\/wp\/v2\/product"}],"about":[{"href":"https:\/\/calita.ma\/fr\/wp-json\/wp\/v2\/types\/product"}],"replies":[{"embeddable":true,"href":"https:\/\/calita.ma\/fr\/wp-json\/wp\/v2\/comments?post=11003"}],"version-history":[{"count":1,"href":"https:\/\/calita.ma\/fr\/wp-json\/wp\/v2\/product\/11003\/revisions"}],"predecessor-version":[{"id":11005,"href":"https:\/\/calita.ma\/fr\/wp-json\/wp\/v2\/product\/11003\/revisions\/11005"}],"wp:featuredmedia":[{"embeddable":true,"href":"https:\/\/calita.ma\/fr\/wp-json\/wp\/v2\/media\/11004"}],"wp:attachment":[{"href":"https:\/\/calita.ma\/fr\/wp-json\/wp\/v2\/media?parent=11003"}],"wp:term":[{"taxonomy":"brand","embeddable":true,"href":"https:\/\/calita.ma\/fr\/wp-json\/wp\/v2\/etheme_brands?post=11003"},{"taxonomy":"product_brand","embeddable":true,"href":"https:\/\/calita.ma\/fr\/wp-json\/wp\/v2\/product_brand?post=11003"},{"taxonomy":"product_cat","embeddable":true,"href":"https:\/\/calita.ma\/fr\/wp-json\/wp\/v2\/product_cat?post=11003"},{"taxonomy":"product_tag","embeddable":true,"href":"https:\/\/calita.ma\/fr\/wp-json\/wp\/v2\/product_tag?post=11003"}],"curies":[{"name":"wp","href":"https:\/\/api.w.org\/{rel}","templated":true}]}}