{"id":11000,"date":"2024-12-21T10:23:00","date_gmt":"2024-12-21T10:23:00","guid":{"rendered":"https:\/\/parapharmaciecalifornietah.ma\/?post_type=product&#038;p=11000"},"modified":"2024-12-21T10:23:00","modified_gmt":"2024-12-21T10:23:00","slug":"dodie-biberon-sensation-anti-colique-verre-tetine-plate-paris-270ml","status":"publish","type":"product","link":"https:\/\/calita.ma\/fr\/produit\/dodie-biberon-sensation-anti-colique-verre-tetine-plate-paris-270ml\/","title":{"rendered":"DODIE BIBERON SENSATION ANTI-COLIQUE VERRE TETINE PLATE PARIS 270ML"},"content":{"rendered":"<p>Biberon anticolique &#8211; Verre de qualit\u00e9 pharmaceutique &#8211; Pur et ultra r\u00e9sistant &#8211; T\u00e9tine plate anticolique &#8211; Id\u00e9ale pour le passage du sein au biberon &#8211; Forme triangulaire unique pour un biberon sans grumeau et une prise en main facile &#8211; Anti-fuite &#8211; Fabrication UE &#8211; Garanti sans Bisph\u00e9nol A et S<\/p>","protected":false},"excerpt":{"rendered":"<p>Biberon anticolique &#8211; Verre de qualit\u00e9 pharmaceutique &#8211; Pur et ultra r\u00e9sistant &#8211; T\u00e9tine plate anticolique &#8211; Id\u00e9ale pour le passage du sein au biberon&#8230;<\/p>","protected":false},"featured_media":11001,"comment_status":"open","ping_status":"closed","template":"","meta":[],"etheme_brands":[{"term_id":508,"name":"DODIE","slug":"dodie","term_group":0,"term_taxonomy_id":508,"taxonomy":"brand","description":"","parent":0,"count":38,"filter":"raw"}],"product_brand":[],"product_cat":[285,450,298,295],"product_tag":[],"class_list":{"0":"post-11000","1":"product","2":"type-product","3":"status-publish","4":"has-post-thumbnail","6":"brand-dodie","7":"product_cat-bebe-maman","8":"product_cat-bebe-nourrissons","9":"product_cat-biberon","10":"product_cat-repas","12":"first","13":"instock","14":"sale","15":"shipping-taxable","16":"purchasable","17":"product-type-simple"},"_links":{"self":[{"href":"https:\/\/calita.ma\/fr\/wp-json\/wp\/v2\/product\/11000","targetHints":{"allow":["GET"]}}],"collection":[{"href":"https:\/\/calita.ma\/fr\/wp-json\/wp\/v2\/product"}],"about":[{"href":"https:\/\/calita.ma\/fr\/wp-json\/wp\/v2\/types\/product"}],"replies":[{"embeddable":true,"href":"https:\/\/calita.ma\/fr\/wp-json\/wp\/v2\/comments?post=11000"}],"version-history":[{"count":1,"href":"https:\/\/calita.ma\/fr\/wp-json\/wp\/v2\/product\/11000\/revisions"}],"predecessor-version":[{"id":11002,"href":"https:\/\/calita.ma\/fr\/wp-json\/wp\/v2\/product\/11000\/revisions\/11002"}],"wp:featuredmedia":[{"embeddable":true,"href":"https:\/\/calita.ma\/fr\/wp-json\/wp\/v2\/media\/11001"}],"wp:attachment":[{"href":"https:\/\/calita.ma\/fr\/wp-json\/wp\/v2\/media?parent=11000"}],"wp:term":[{"taxonomy":"brand","embeddable":true,"href":"https:\/\/calita.ma\/fr\/wp-json\/wp\/v2\/etheme_brands?post=11000"},{"taxonomy":"product_brand","embeddable":true,"href":"https:\/\/calita.ma\/fr\/wp-json\/wp\/v2\/product_brand?post=11000"},{"taxonomy":"product_cat","embeddable":true,"href":"https:\/\/calita.ma\/fr\/wp-json\/wp\/v2\/product_cat?post=11000"},{"taxonomy":"product_tag","embeddable":true,"href":"https:\/\/calita.ma\/fr\/wp-json\/wp\/v2\/product_tag?post=11000"}],"curies":[{"name":"wp","href":"https:\/\/api.w.org\/{rel}","templated":true}]}}