{"id":10997,"date":"2024-12-21T08:23:41","date_gmt":"2024-12-21T08:23:41","guid":{"rendered":"https:\/\/parapharmaciecalifornietah.ma\/?post_type=product&#038;p=10997"},"modified":"2024-12-21T08:23:42","modified_gmt":"2024-12-21T08:23:42","slug":"dodie-biberon-initiation-minnie-rose-tetine-ronde-3-vitesse-debit-2-0-6m-270ml","status":"publish","type":"product","link":"https:\/\/calita.ma\/fr\/produit\/dodie-biberon-initiation-minnie-rose-tetine-ronde-3-vitesse-debit-2-0-6m-270ml\/","title":{"rendered":"DODIE BIBERON INITIATION+ MINNIE ROSE TETINE RONDE 3 VITESSE DEBIT 2 0-6M 270ML"},"content":{"rendered":"<p>&#8211; \u00c9quip\u00e9 d&#8217;une t\u00e9tine ronde 3 vitesses d\u00e9bit 3.<\/p>\n<p>&#8211; Son syst\u00e8me anti-colique est int\u00e9gr\u00e9 \u00e0 la t\u00e9tine gr\u00e2ce \u00e0 une double valve brevet\u00e9e, qui favorise la circulation de l&#8217;air et r\u00e9duit les risques de coliques, d&#8217;a\u00e9rophagie et de r\u00e9gurgitations.<\/p>\n<p>&#8211; La t\u00e9tine ronde 3 vitesse permet d&#8217;adapter le d\u00e9bit au rythme de succion de b\u00e9b\u00e9, en alignant le rep\u00e8re avec le nez de b\u00e9b\u00e9 au cours du repas, et elle est adopt\u00e9e par 9 b\u00e9b\u00e9s sur 10 (test r\u00e9alis\u00e9 par l\u2019IDM en d\u00e9cembre 2018 aupr\u00e8s de 65 mamans d\u2019enfants \u00e2g\u00e9s de la naissance \u00e0 24 mois).<\/p>\n<p>&#8211; Ce biberon triangulaire est, facile \u00e0 prendre en main et garanti sans bisph\u00e9nol A ni S (conform\u00e9ment \u00e0 la r\u00e9glementation en vigueur)<\/p>","protected":false},"excerpt":{"rendered":"<p>&#8211; \u00c9quip\u00e9 d&#8217;une t\u00e9tine ronde 3 vitesses d\u00e9bit 3. &#8211; Son syst\u00e8me anti-colique est int\u00e9gr\u00e9 \u00e0 la t\u00e9tine gr\u00e2ce \u00e0 une double valve brevet\u00e9e, qui&#8230;<\/p>","protected":false},"featured_media":10998,"comment_status":"open","ping_status":"closed","template":"","meta":[],"etheme_brands":[{"term_id":508,"name":"DODIE","slug":"dodie","term_group":0,"term_taxonomy_id":508,"taxonomy":"brand","description":"","parent":0,"count":38,"filter":"raw"}],"product_brand":[],"product_cat":[285,450,298,295],"product_tag":[],"class_list":{"0":"post-10997","1":"product","2":"type-product","3":"status-publish","4":"has-post-thumbnail","6":"brand-dodie","7":"product_cat-bebe-maman","8":"product_cat-bebe-nourrissons","9":"product_cat-biberon","10":"product_cat-repas","12":"first","13":"instock","14":"sale","15":"shipping-taxable","16":"purchasable","17":"product-type-simple"},"_links":{"self":[{"href":"https:\/\/calita.ma\/fr\/wp-json\/wp\/v2\/product\/10997","targetHints":{"allow":["GET"]}}],"collection":[{"href":"https:\/\/calita.ma\/fr\/wp-json\/wp\/v2\/product"}],"about":[{"href":"https:\/\/calita.ma\/fr\/wp-json\/wp\/v2\/types\/product"}],"replies":[{"embeddable":true,"href":"https:\/\/calita.ma\/fr\/wp-json\/wp\/v2\/comments?post=10997"}],"version-history":[{"count":1,"href":"https:\/\/calita.ma\/fr\/wp-json\/wp\/v2\/product\/10997\/revisions"}],"predecessor-version":[{"id":10999,"href":"https:\/\/calita.ma\/fr\/wp-json\/wp\/v2\/product\/10997\/revisions\/10999"}],"wp:featuredmedia":[{"embeddable":true,"href":"https:\/\/calita.ma\/fr\/wp-json\/wp\/v2\/media\/10998"}],"wp:attachment":[{"href":"https:\/\/calita.ma\/fr\/wp-json\/wp\/v2\/media?parent=10997"}],"wp:term":[{"taxonomy":"brand","embeddable":true,"href":"https:\/\/calita.ma\/fr\/wp-json\/wp\/v2\/etheme_brands?post=10997"},{"taxonomy":"product_brand","embeddable":true,"href":"https:\/\/calita.ma\/fr\/wp-json\/wp\/v2\/product_brand?post=10997"},{"taxonomy":"product_cat","embeddable":true,"href":"https:\/\/calita.ma\/fr\/wp-json\/wp\/v2\/product_cat?post=10997"},{"taxonomy":"product_tag","embeddable":true,"href":"https:\/\/calita.ma\/fr\/wp-json\/wp\/v2\/product_tag?post=10997"}],"curies":[{"name":"wp","href":"https:\/\/api.w.org\/{rel}","templated":true}]}}