{"id":10992,"date":"2024-12-20T10:03:19","date_gmt":"2024-12-20T10:03:19","guid":{"rendered":"https:\/\/parapharmaciecalifornietah.ma\/?post_type=product&#038;p=10992"},"modified":"2024-12-20T10:03:19","modified_gmt":"2024-12-20T10:03:19","slug":"dodie-lingettes-nettoyantes-bio-b50","status":"publish","type":"product","link":"https:\/\/calita.ma\/fr\/produit\/dodie-lingettes-nettoyantes-bio-b50\/","title":{"rendered":"DODIE LINGETTES NETTOYANTES BIO B50"},"content":{"rendered":"<p>Dodie Lingettes Nettoyantes Fibres d&#8217;Origine Botanique 70 Grandes Lingettes sont des lingettes sp\u00e9cialement cr\u00e9\u00e9es pour la peau sensible des b\u00e9b\u00e9s. Sans rin\u00e7age, ils nettoient efficacement et en douceur, pour laisser la peau propre, douce et souple.<\/p>\n<p>Ils prot\u00e8gent la peau des irritations, apaisent et hydratent.<\/p>\n<p>De grande taille, les lingettes conviennent \u00e0 un usage quotidien.<\/p>\n<p>R\u00e9sultat : une peau propre et fra\u00eeche qui sent bon b\u00e9b\u00e9.<\/p>\n<p>Test\u00e9 dermatologiquement.<\/p>\n<p>Fabriqu\u00e9 en France.<\/p>","protected":false},"excerpt":{"rendered":"<p>Dodie Lingettes Nettoyantes Fibres d&#8217;Origine Botanique 70 Grandes Lingettes sont des lingettes sp\u00e9cialement cr\u00e9\u00e9es pour la peau sensible des b\u00e9b\u00e9s. Sans rin\u00e7age, ils nettoient efficacement&#8230;<\/p>","protected":false},"featured_media":10993,"comment_status":"open","ping_status":"closed","template":"","meta":[],"etheme_brands":[{"term_id":508,"name":"DODIE","slug":"dodie","term_group":0,"term_taxonomy_id":508,"taxonomy":"brand","description":"","parent":0,"count":38,"filter":"raw"}],"product_brand":[],"product_cat":[285,450,286,509],"product_tag":[],"class_list":{"0":"post-10992","1":"product","2":"type-product","3":"status-publish","4":"has-post-thumbnail","6":"brand-dodie","7":"product_cat-bebe-maman","8":"product_cat-bebe-nourrissons","9":"product_cat-hygiene-bebe-maman","10":"product_cat-lingettes-hygiene-bebe-maman","12":"first","13":"instock","14":"sale","15":"shipping-taxable","16":"purchasable","17":"product-type-simple"},"_links":{"self":[{"href":"https:\/\/calita.ma\/fr\/wp-json\/wp\/v2\/product\/10992","targetHints":{"allow":["GET"]}}],"collection":[{"href":"https:\/\/calita.ma\/fr\/wp-json\/wp\/v2\/product"}],"about":[{"href":"https:\/\/calita.ma\/fr\/wp-json\/wp\/v2\/types\/product"}],"replies":[{"embeddable":true,"href":"https:\/\/calita.ma\/fr\/wp-json\/wp\/v2\/comments?post=10992"}],"version-history":[{"count":1,"href":"https:\/\/calita.ma\/fr\/wp-json\/wp\/v2\/product\/10992\/revisions"}],"predecessor-version":[{"id":10994,"href":"https:\/\/calita.ma\/fr\/wp-json\/wp\/v2\/product\/10992\/revisions\/10994"}],"wp:featuredmedia":[{"embeddable":true,"href":"https:\/\/calita.ma\/fr\/wp-json\/wp\/v2\/media\/10993"}],"wp:attachment":[{"href":"https:\/\/calita.ma\/fr\/wp-json\/wp\/v2\/media?parent=10992"}],"wp:term":[{"taxonomy":"brand","embeddable":true,"href":"https:\/\/calita.ma\/fr\/wp-json\/wp\/v2\/etheme_brands?post=10992"},{"taxonomy":"product_brand","embeddable":true,"href":"https:\/\/calita.ma\/fr\/wp-json\/wp\/v2\/product_brand?post=10992"},{"taxonomy":"product_cat","embeddable":true,"href":"https:\/\/calita.ma\/fr\/wp-json\/wp\/v2\/product_cat?post=10992"},{"taxonomy":"product_tag","embeddable":true,"href":"https:\/\/calita.ma\/fr\/wp-json\/wp\/v2\/product_tag?post=10992"}],"curies":[{"name":"wp","href":"https:\/\/api.w.org\/{rel}","templated":true}]}}