{"id":10989,"date":"2024-12-20T10:01:28","date_gmt":"2024-12-20T10:01:28","guid":{"rendered":"https:\/\/parapharmaciecalifornietah.ma\/?post_type=product&#038;p=10989"},"modified":"2024-12-20T10:01:28","modified_gmt":"2024-12-20T10:01:28","slug":"dodie-lingettes-nettoyantes-a-leau-b50","status":"publish","type":"product","link":"https:\/\/calita.ma\/fr\/produit\/dodie-lingettes-nettoyantes-a-leau-b50\/","title":{"rendered":"DODIE LINGETTES NETTOYANTES A L&#8217;EAU B50"},"content":{"rendered":"<p>Lingettes 3 en 1 : si\u00e8ge, visage et mains<br \/>\nApprouv\u00e9 en cabinet p\u00e9diatrique<br \/>\nFormule hypoallerg\u00e9nique, sans paraben, sans ph\u00e9noxyethanol, sans alcool, sans MIT<br \/>\nParfum frais et d\u00e9licat qui respecte la peau sensible des b\u00e9b\u00e9s<br \/>\nTest\u00e9es dermatologiquement et ophtalmologiquement<\/p>","protected":false},"excerpt":{"rendered":"<p>Lingettes 3 en 1 : si\u00e8ge, visage et mains Approuv\u00e9 en cabinet p\u00e9diatrique Formule hypoallerg\u00e9nique, sans paraben, sans ph\u00e9noxyethanol, sans alcool, sans MIT Parfum frais&#8230;<\/p>","protected":false},"featured_media":10990,"comment_status":"open","ping_status":"closed","template":"","meta":[],"etheme_brands":[{"term_id":508,"name":"DODIE","slug":"dodie","term_group":0,"term_taxonomy_id":508,"taxonomy":"brand","description":"","parent":0,"count":38,"filter":"raw"}],"product_brand":[],"product_cat":[285,450,286,509],"product_tag":[],"class_list":{"0":"post-10989","1":"product","2":"type-product","3":"status-publish","4":"has-post-thumbnail","6":"brand-dodie","7":"product_cat-bebe-maman","8":"product_cat-bebe-nourrissons","9":"product_cat-hygiene-bebe-maman","10":"product_cat-lingettes-hygiene-bebe-maman","12":"first","13":"instock","14":"sale","15":"shipping-taxable","16":"purchasable","17":"product-type-simple"},"_links":{"self":[{"href":"https:\/\/calita.ma\/fr\/wp-json\/wp\/v2\/product\/10989","targetHints":{"allow":["GET"]}}],"collection":[{"href":"https:\/\/calita.ma\/fr\/wp-json\/wp\/v2\/product"}],"about":[{"href":"https:\/\/calita.ma\/fr\/wp-json\/wp\/v2\/types\/product"}],"replies":[{"embeddable":true,"href":"https:\/\/calita.ma\/fr\/wp-json\/wp\/v2\/comments?post=10989"}],"version-history":[{"count":1,"href":"https:\/\/calita.ma\/fr\/wp-json\/wp\/v2\/product\/10989\/revisions"}],"predecessor-version":[{"id":10991,"href":"https:\/\/calita.ma\/fr\/wp-json\/wp\/v2\/product\/10989\/revisions\/10991"}],"wp:featuredmedia":[{"embeddable":true,"href":"https:\/\/calita.ma\/fr\/wp-json\/wp\/v2\/media\/10990"}],"wp:attachment":[{"href":"https:\/\/calita.ma\/fr\/wp-json\/wp\/v2\/media?parent=10989"}],"wp:term":[{"taxonomy":"brand","embeddable":true,"href":"https:\/\/calita.ma\/fr\/wp-json\/wp\/v2\/etheme_brands?post=10989"},{"taxonomy":"product_brand","embeddable":true,"href":"https:\/\/calita.ma\/fr\/wp-json\/wp\/v2\/product_brand?post=10989"},{"taxonomy":"product_cat","embeddable":true,"href":"https:\/\/calita.ma\/fr\/wp-json\/wp\/v2\/product_cat?post=10989"},{"taxonomy":"product_tag","embeddable":true,"href":"https:\/\/calita.ma\/fr\/wp-json\/wp\/v2\/product_tag?post=10989"}],"curies":[{"name":"wp","href":"https:\/\/api.w.org\/{rel}","templated":true}]}}