{"id":10978,"date":"2024-12-20T09:51:31","date_gmt":"2024-12-20T09:51:31","guid":{"rendered":"https:\/\/parapharmaciecalifornietah.ma\/?post_type=product&#038;p=10978"},"modified":"2024-12-20T09:51:31","modified_gmt":"2024-12-20T09:51:31","slug":"dodie-eau-nettoyante-3en1-500ml","status":"publish","type":"product","link":"https:\/\/calita.ma\/fr\/produit\/dodie-eau-nettoyante-3en1-500ml\/","title":{"rendered":"DODIE EAU NETTOYANTE 3EN1 500ML"},"content":{"rendered":"<p>Compos\u00e9e d&#8217;un trio exclusif d&#8217;actifs (eau thermale d&#8217;hamam\u00e9lis bio + extrait d&#8217;aloe vera bio + extrait de coton bio), l&#8217;eau nettoyante Dodie prot\u00e8ge et apaise l&#8217;\u00e9piderme fragile de b\u00e9b\u00e9, tout en lui apportant confort et hydratation. Sans rin\u00e7age, elle nettoie efficacement et en douceur en \u00e9liminant toutes les impuret\u00e9s su si\u00e8ge, du visage ou du corps de b\u00e9b\u00e9, sans dess\u00e9cher, ni irriter. Sa texture fra\u00eeche et non collante laisse la peau de b\u00e9b\u00e9 douce, propre et nette, d\u00e9licatement parfum\u00e9e.<\/p>\n<p>Sp\u00e9cialement con\u00e7ue pour la peau sensible des touts-petits d\u00e8s la naissance, l&#8217;eau nettoyante 3en-1 Dodie est hypoallerg\u00e9nique, sans paraben, sans ph\u00e9noxyethanol, sans MIT, sans phtalates.<\/p>\n<p><strong>CONSEILS D&#8217;UTILISATION :<\/strong><br \/>\nAppliquer sur un coton puis nettoyer le si\u00e8ge, le visage et les mains de b\u00e9b\u00e9.<br \/>\nInutile de rincer le produit. Appliquer sur peau saine uniquement.<\/p>","protected":false},"excerpt":{"rendered":"<p>Compos\u00e9e d&#8217;un trio exclusif d&#8217;actifs (eau thermale d&#8217;hamam\u00e9lis bio + extrait d&#8217;aloe vera bio + extrait de coton bio), l&#8217;eau nettoyante Dodie prot\u00e8ge et apaise&#8230;<\/p>","protected":false},"featured_media":10979,"comment_status":"open","ping_status":"closed","template":"","meta":[],"etheme_brands":[{"term_id":508,"name":"DODIE","slug":"dodie","term_group":0,"term_taxonomy_id":508,"taxonomy":"brand","description":"","parent":0,"count":38,"filter":"raw"}],"product_brand":[],"product_cat":[285,450,289,286,438],"product_tag":[],"class_list":{"0":"post-10978","1":"product","2":"type-product","3":"status-publish","4":"has-post-thumbnail","6":"brand-dodie","7":"product_cat-bebe-maman","8":"product_cat-bebe-nourrissons","9":"product_cat-corps-hygiene-bebe-maman","10":"product_cat-hygiene-bebe-maman","11":"product_cat-visage-hygiene-bebe-maman","13":"first","14":"instock","15":"sale","16":"shipping-taxable","17":"purchasable","18":"product-type-simple"},"_links":{"self":[{"href":"https:\/\/calita.ma\/fr\/wp-json\/wp\/v2\/product\/10978","targetHints":{"allow":["GET"]}}],"collection":[{"href":"https:\/\/calita.ma\/fr\/wp-json\/wp\/v2\/product"}],"about":[{"href":"https:\/\/calita.ma\/fr\/wp-json\/wp\/v2\/types\/product"}],"replies":[{"embeddable":true,"href":"https:\/\/calita.ma\/fr\/wp-json\/wp\/v2\/comments?post=10978"}],"version-history":[{"count":1,"href":"https:\/\/calita.ma\/fr\/wp-json\/wp\/v2\/product\/10978\/revisions"}],"predecessor-version":[{"id":10980,"href":"https:\/\/calita.ma\/fr\/wp-json\/wp\/v2\/product\/10978\/revisions\/10980"}],"wp:featuredmedia":[{"embeddable":true,"href":"https:\/\/calita.ma\/fr\/wp-json\/wp\/v2\/media\/10979"}],"wp:attachment":[{"href":"https:\/\/calita.ma\/fr\/wp-json\/wp\/v2\/media?parent=10978"}],"wp:term":[{"taxonomy":"brand","embeddable":true,"href":"https:\/\/calita.ma\/fr\/wp-json\/wp\/v2\/etheme_brands?post=10978"},{"taxonomy":"product_brand","embeddable":true,"href":"https:\/\/calita.ma\/fr\/wp-json\/wp\/v2\/product_brand?post=10978"},{"taxonomy":"product_cat","embeddable":true,"href":"https:\/\/calita.ma\/fr\/wp-json\/wp\/v2\/product_cat?post=10978"},{"taxonomy":"product_tag","embeddable":true,"href":"https:\/\/calita.ma\/fr\/wp-json\/wp\/v2\/product_tag?post=10978"}],"curies":[{"name":"wp","href":"https:\/\/api.w.org\/{rel}","templated":true}]}}