{"id":10959,"date":"2024-12-19T08:45:59","date_gmt":"2024-12-19T08:45:59","guid":{"rendered":"https:\/\/parapharmaciecalifornietah.ma\/?post_type=product&#038;p=10959"},"modified":"2024-12-19T08:46:30","modified_gmt":"2024-12-19T08:46:30","slug":"bibs-sucettes-eloise-sage-mix-size-2-b2","status":"publish","type":"product","link":"https:\/\/calita.ma\/fr\/produit\/bibs-sucettes-eloise-sage-mix-size-2-b2\/","title":{"rendered":"BIBS SUCETTES ELOISE SAGE MIX SIZE 2 B2"},"content":{"rendered":"<p><strong>Caract\u00e9ristiques Principales :<\/strong><br \/>\nT\u00e9tine en Caoutchouc Naturel : Les sucettes sont \u00e9quip\u00e9es d\u2019une t\u00e9tine souple et douce fabriqu\u00e9e en caoutchouc naturel, garantissant une exp\u00e9rience agr\u00e9able pour b\u00e9b\u00e9. Ce mat\u00e9riau hypoallerg\u00e9nique respecte la peau d\u00e9licate de votre enfant, tout en \u00e9tant durable et r\u00e9sistant.<br \/>\nForme Anatomique et Confortable : La forme de la t\u00e9tine est sp\u00e9cialement con\u00e7ue pour imiter celle du sein maternel, facilitant ainsi la transition entre l\u2019allaitement et la sucette. Cette conception aide \u00e0 d\u00e9velopper une succion naturelle et soutient la croissance buccale de b\u00e9b\u00e9.<br \/>\nBouclier L\u00e9ger et Protecteur : Le bouclier large et arrondi est con\u00e7u pour offrir une protection maximale tout en \u00e9tant suffisamment l\u00e9ger pour ne pas g\u00eaner b\u00e9b\u00e9. Il est con\u00e7u pour minimiser les risques de rougeurs ou d\u2019irritations sur la peau sensible de votre b\u00e9b\u00e9.<br \/>\nDesign \u00c9l\u00e9gant et Tendance : Le Bibs Lot de 2 Sucettes Eloise Mix se distingue par ses teintes modernes et douces. Ce m\u00e9lange de couleurs \u00e9l\u00e9gantes apporte une touche de sophistication tout en restant discret et charmant pour b\u00e9b\u00e9.<br \/>\nSans BPA, Phtalates ni PVC : Ces sucettes sont fabriqu\u00e9es sans BPA, phtalates ni PVC, vous assurant ainsi qu\u2019elles sont s\u00fbres pour la sant\u00e9 de votre enfant. Vous pouvez avoir l\u2019esprit tranquille, sachant que votre b\u00e9b\u00e9 utilise un produit sans substances chimiques nocives.<br \/>\nFacilit\u00e9 d\u2019Entretien : Le Bibs Lot de 2 Sucettes Eloise Mix est facile \u00e0 nettoyer et \u00e0 st\u00e9riliser, garantissant une hygi\u00e8ne parfaite \u00e0 chaque utilisation. Un accessoire pratique et fonctionnel pour les parents occup\u00e9s.<br \/>\nLot Pratique : Ce lot de deux sucettes est id\u00e9al pour avoir toujours une sucette propre et pr\u00eate \u00e0 l\u2019emploi. Vous pouvez en garder une \u00e0 la maison et l\u2019autre dans votre sac \u00e0 langer pour les d\u00e9placements.<\/p>","protected":false},"excerpt":{"rendered":"<p><strong>SIZE 2<\/strong><\/p>","protected":false},"featured_media":10950,"comment_status":"open","ping_status":"closed","template":"","meta":[],"etheme_brands":[{"term_id":501,"name":"BIBS","slug":"bibs","term_group":0,"term_taxonomy_id":501,"taxonomy":"brand","description":"","parent":0,"count":52,"filter":"raw"}],"product_brand":[],"product_cat":[285,450,295,301],"product_tag":[],"class_list":{"0":"post-10959","1":"product","2":"type-product","3":"status-publish","4":"has-post-thumbnail","6":"brand-bibs","7":"product_cat-bebe-maman","8":"product_cat-bebe-nourrissons","9":"product_cat-repas","10":"product_cat-sucettes","12":"first","13":"instock","14":"sale","15":"shipping-taxable","16":"purchasable","17":"product-type-simple"},"_links":{"self":[{"href":"https:\/\/calita.ma\/fr\/wp-json\/wp\/v2\/product\/10959","targetHints":{"allow":["GET"]}}],"collection":[{"href":"https:\/\/calita.ma\/fr\/wp-json\/wp\/v2\/product"}],"about":[{"href":"https:\/\/calita.ma\/fr\/wp-json\/wp\/v2\/types\/product"}],"replies":[{"embeddable":true,"href":"https:\/\/calita.ma\/fr\/wp-json\/wp\/v2\/comments?post=10959"}],"version-history":[{"count":1,"href":"https:\/\/calita.ma\/fr\/wp-json\/wp\/v2\/product\/10959\/revisions"}],"predecessor-version":[{"id":10960,"href":"https:\/\/calita.ma\/fr\/wp-json\/wp\/v2\/product\/10959\/revisions\/10960"}],"wp:featuredmedia":[{"embeddable":true,"href":"https:\/\/calita.ma\/fr\/wp-json\/wp\/v2\/media\/10950"}],"wp:attachment":[{"href":"https:\/\/calita.ma\/fr\/wp-json\/wp\/v2\/media?parent=10959"}],"wp:term":[{"taxonomy":"brand","embeddable":true,"href":"https:\/\/calita.ma\/fr\/wp-json\/wp\/v2\/etheme_brands?post=10959"},{"taxonomy":"product_brand","embeddable":true,"href":"https:\/\/calita.ma\/fr\/wp-json\/wp\/v2\/product_brand?post=10959"},{"taxonomy":"product_cat","embeddable":true,"href":"https:\/\/calita.ma\/fr\/wp-json\/wp\/v2\/product_cat?post=10959"},{"taxonomy":"product_tag","embeddable":true,"href":"https:\/\/calita.ma\/fr\/wp-json\/wp\/v2\/product_tag?post=10959"}],"curies":[{"name":"wp","href":"https:\/\/api.w.org\/{rel}","templated":true}]}}