{"id":10952,"date":"2024-12-19T08:44:23","date_gmt":"2024-12-19T08:44:23","guid":{"rendered":"https:\/\/parapharmaciecalifornietah.ma\/?post_type=product&#038;p=10952"},"modified":"2024-12-19T08:44:23","modified_gmt":"2024-12-19T08:44:23","slug":"bibs-try-it-collection-colour-ivory-b3","status":"publish","type":"product","link":"https:\/\/calita.ma\/fr\/produit\/bibs-try-it-collection-colour-ivory-b3\/","title":{"rendered":"BIBS TRY IT COLLECTION COLOUR IVORY B3"},"content":{"rendered":"<p><strong>Vari\u00e9t\u00e9 de T\u00e9tines :<\/strong> Ce lot comprend trois sucettes avec des formes de t\u00e9tines diff\u00e9rentes (ronde, sym\u00e9trique et anatomique) pour vous permettre de trouver celle qui convient le mieux \u00e0 votre b\u00e9b\u00e9.<br \/>\n<strong>Mat\u00e9riaux de Haute Qualit\u00e9 :<\/strong> Fabriqu\u00e9es en silicone m\u00e9dical et en caoutchouc naturel, ces sucettes sont douces et respectueuses de la peau d\u00e9licate de votre enfant.<br \/>\n<strong>Design \u00c9l\u00e9gant :<\/strong> La couleur Ivory apporte une touche de simplicit\u00e9 et d\u2019\u00e9l\u00e9gance, convenant aussi bien aux petites filles qu\u2019aux petits gar\u00e7ons.<br \/>\n<strong>S\u00e9curit\u00e9 Certifi\u00e9e :<\/strong> Conformes aux normes europ\u00e9ennes strictes, ces sucettes garantissent une utilisation en toute s\u00e9curit\u00e9.<\/p>\n<h2><strong>Avantages du Lot de 3 Sucettes<\/strong><\/h2>\n<p><strong>D\u00e9couverte Facilit\u00e9e :<\/strong> Identifiez rapidement la t\u00e9tine que votre b\u00e9b\u00e9 pr\u00e9f\u00e8re, facilitant ainsi son apaisement et son confort.<br \/>\n<strong>\u00c9conomie et Praticit\u00e9 :<\/strong> Ayez toujours une sucette de rechange \u00e0 port\u00e9e de main pour \u00e9viter les situations stressantes.<br \/>\n<strong>Hygi\u00e8ne Optimale :<\/strong> Chaque sucette est individuellement emball\u00e9e pour garantir une propret\u00e9 irr\u00e9prochable.<\/p>","protected":false},"excerpt":{"rendered":"<p>Vari\u00e9t\u00e9 de T\u00e9tines : Ce lot comprend trois sucettes avec des formes de t\u00e9tines diff\u00e9rentes (ronde, sym\u00e9trique et anatomique) pour vous permettre de trouver celle&#8230;<\/p>","protected":false},"featured_media":10954,"comment_status":"open","ping_status":"closed","template":"","meta":[],"etheme_brands":[{"term_id":501,"name":"BIBS","slug":"bibs","term_group":0,"term_taxonomy_id":501,"taxonomy":"brand","description":"","parent":0,"count":52,"filter":"raw"}],"product_brand":[],"product_cat":[285,450,295,301],"product_tag":[],"class_list":{"0":"post-10952","1":"product","2":"type-product","3":"status-publish","4":"has-post-thumbnail","6":"brand-bibs","7":"product_cat-bebe-maman","8":"product_cat-bebe-nourrissons","9":"product_cat-repas","10":"product_cat-sucettes","12":"first","13":"instock","14":"sale","15":"shipping-taxable","16":"purchasable","17":"product-type-simple"},"_links":{"self":[{"href":"https:\/\/calita.ma\/fr\/wp-json\/wp\/v2\/product\/10952","targetHints":{"allow":["GET"]}}],"collection":[{"href":"https:\/\/calita.ma\/fr\/wp-json\/wp\/v2\/product"}],"about":[{"href":"https:\/\/calita.ma\/fr\/wp-json\/wp\/v2\/types\/product"}],"replies":[{"embeddable":true,"href":"https:\/\/calita.ma\/fr\/wp-json\/wp\/v2\/comments?post=10952"}],"version-history":[{"count":1,"href":"https:\/\/calita.ma\/fr\/wp-json\/wp\/v2\/product\/10952\/revisions"}],"predecessor-version":[{"id":10955,"href":"https:\/\/calita.ma\/fr\/wp-json\/wp\/v2\/product\/10952\/revisions\/10955"}],"wp:featuredmedia":[{"embeddable":true,"href":"https:\/\/calita.ma\/fr\/wp-json\/wp\/v2\/media\/10954"}],"wp:attachment":[{"href":"https:\/\/calita.ma\/fr\/wp-json\/wp\/v2\/media?parent=10952"}],"wp:term":[{"taxonomy":"brand","embeddable":true,"href":"https:\/\/calita.ma\/fr\/wp-json\/wp\/v2\/etheme_brands?post=10952"},{"taxonomy":"product_brand","embeddable":true,"href":"https:\/\/calita.ma\/fr\/wp-json\/wp\/v2\/product_brand?post=10952"},{"taxonomy":"product_cat","embeddable":true,"href":"https:\/\/calita.ma\/fr\/wp-json\/wp\/v2\/product_cat?post=10952"},{"taxonomy":"product_tag","embeddable":true,"href":"https:\/\/calita.ma\/fr\/wp-json\/wp\/v2\/product_tag?post=10952"}],"curies":[{"name":"wp","href":"https:\/\/api.w.org\/{rel}","templated":true}]}}