{"id":10922,"date":"2024-12-18T13:09:23","date_gmt":"2024-12-18T13:09:23","guid":{"rendered":"https:\/\/parapharmaciecalifornietah.ma\/?post_type=product&#038;p=10922"},"modified":"2024-12-18T13:09:23","modified_gmt":"2024-12-18T13:09:23","slug":"bibs-colour-anatomical-baby-blue-petrol-size-1","status":"publish","type":"product","link":"https:\/\/calita.ma\/fr\/produit\/bibs-colour-anatomical-baby-blue-petrol-size-1\/","title":{"rendered":"BIBS COLOUR ANATOMICAL BABY BLUE PETROL SIZE 1"},"content":{"rendered":"<p>Caract\u00e9ristiques Principales :<br \/>\nT\u00e9tine Anatomique en Caoutchouc Naturel : Le Bibs Lot de 2 Sucettes Anatomique Glow est \u00e9quip\u00e9 d\u2019une t\u00e9tine en caoutchouc naturel, un mat\u00e9riau doux, souple et hypoallerg\u00e9nique, parfait pour la peau d\u00e9licate de b\u00e9b\u00e9. La forme anatomique de la t\u00e9tine est con\u00e7ue pour \u00e9pouser la bouche de l\u2019enfant et favoriser une succion naturelle, respectant ainsi son d\u00e9veloppement buccal.<br \/>\nDesign Glow : Ces sucettes sont \u00e9quip\u00e9es d\u2019un effet glow, ce qui permet de les retrouver facilement la nuit, une fonctionnalit\u00e9 tr\u00e8s pratique pour les parents et les b\u00e9b\u00e9s. Vous n\u2019aurez plus jamais \u00e0 chercher une sucette tomb\u00e9e dans le noir !<br \/>\nCouleurs \u00c9l\u00e9gantes Sage \/ Cloud : Les couleurs douces Sage \/ Cloud apportent une touche d\u00e9licate et moderne aux accessoires de b\u00e9b\u00e9. Ces teintes s\u2019accordent parfaitement avec tous les styles et sont id\u00e9ales pour les petits gar\u00e7ons et filles.<br \/>\nConception S\u00e9curis\u00e9e : Le bouclier de la sucette est con\u00e7u pour garantir un ajustement parfait et confortable tout en \u00e9vitant les irritations de la peau d\u00e9licate de b\u00e9b\u00e9. Il est l\u00e9ger, ergonomique et suffisamment large pour prot\u00e9ger contre les risques de rougeurs.<br \/>\nSans BPA, Phtalates ni PVC : Les sucettes Bibs Anatomique Glow sont garanties sans BPA, phtalates ni PVC, vous offrant une s\u00e9curit\u00e9 maximale pour la sant\u00e9 de votre b\u00e9b\u00e9.<br \/>\nFacilit\u00e9 d\u2019Entretien : Le caoutchouc naturel est facilement nettoyable et peut \u00eatre st\u00e9rilis\u00e9. Ces sucettes sont id\u00e9ales pour une utilisation quotidienne, tout en assurant une hygi\u00e8ne parfaite.<br \/>\nLot de 2 Pratique : Ce lot comprend deux sucettes, vous permettant d\u2019avoir toujours une sucette propre \u00e0 port\u00e9e de main, \u00e0 la maison comme en d\u00e9placement. Id\u00e9al pour les parents occup\u00e9s.<\/p>","protected":false},"excerpt":{"rendered":"<p><strong>SIZE 1:<\/strong>\u00a00-6 moi<\/p>\n<p><strong>Type de mamelon:<\/strong> ANATOMICAL<\/p>\n<p>&nbsp;<\/p>","protected":false},"featured_media":10924,"comment_status":"open","ping_status":"closed","template":"","meta":[],"etheme_brands":[{"term_id":501,"name":"BIBS","slug":"bibs","term_group":0,"term_taxonomy_id":501,"taxonomy":"brand","description":"","parent":0,"count":52,"filter":"raw"}],"product_brand":[],"product_cat":[285,450,295,301],"product_tag":[],"class_list":{"0":"post-10922","1":"product","2":"type-product","3":"status-publish","4":"has-post-thumbnail","6":"brand-bibs","7":"product_cat-bebe-maman","8":"product_cat-bebe-nourrissons","9":"product_cat-repas","10":"product_cat-sucettes","12":"first","13":"instock","14":"sale","15":"shipping-taxable","16":"purchasable","17":"product-type-simple"},"_links":{"self":[{"href":"https:\/\/calita.ma\/fr\/wp-json\/wp\/v2\/product\/10922","targetHints":{"allow":["GET"]}}],"collection":[{"href":"https:\/\/calita.ma\/fr\/wp-json\/wp\/v2\/product"}],"about":[{"href":"https:\/\/calita.ma\/fr\/wp-json\/wp\/v2\/types\/product"}],"replies":[{"embeddable":true,"href":"https:\/\/calita.ma\/fr\/wp-json\/wp\/v2\/comments?post=10922"}],"version-history":[{"count":1,"href":"https:\/\/calita.ma\/fr\/wp-json\/wp\/v2\/product\/10922\/revisions"}],"predecessor-version":[{"id":10925,"href":"https:\/\/calita.ma\/fr\/wp-json\/wp\/v2\/product\/10922\/revisions\/10925"}],"wp:featuredmedia":[{"embeddable":true,"href":"https:\/\/calita.ma\/fr\/wp-json\/wp\/v2\/media\/10924"}],"wp:attachment":[{"href":"https:\/\/calita.ma\/fr\/wp-json\/wp\/v2\/media?parent=10922"}],"wp:term":[{"taxonomy":"brand","embeddable":true,"href":"https:\/\/calita.ma\/fr\/wp-json\/wp\/v2\/etheme_brands?post=10922"},{"taxonomy":"product_brand","embeddable":true,"href":"https:\/\/calita.ma\/fr\/wp-json\/wp\/v2\/product_brand?post=10922"},{"taxonomy":"product_cat","embeddable":true,"href":"https:\/\/calita.ma\/fr\/wp-json\/wp\/v2\/product_cat?post=10922"},{"taxonomy":"product_tag","embeddable":true,"href":"https:\/\/calita.ma\/fr\/wp-json\/wp\/v2\/product_tag?post=10922"}],"curies":[{"name":"wp","href":"https:\/\/api.w.org\/{rel}","templated":true}]}}