{"id":10909,"date":"2024-12-18T12:13:44","date_gmt":"2024-12-18T12:13:44","guid":{"rendered":"https:\/\/parapharmaciecalifornietah.ma\/?post_type=product&#038;p=10909"},"modified":"2024-12-18T12:13:44","modified_gmt":"2024-12-18T12:13:44","slug":"bibs-sucettes-symetrical-blush-glow-vanilla-size-1-b2","status":"publish","type":"product","link":"https:\/\/calita.ma\/fr\/produit\/bibs-sucettes-symetrical-blush-glow-vanilla-size-1-b2\/","title":{"rendered":"BIBS SUCETTES SYMETRICAL BLUSH GLOW VANILLA SIZE 1 B2"},"content":{"rendered":"<p>Les sucettes BIBS avec une t\u00e9tine plate et sym\u00e9trique en forme de goutte conviennent aux b\u00e9b\u00e9s qui pr\u00e9f\u00e8rent la forme plate et sym\u00e9trique de la t\u00e9tine. La t\u00e9tine en forme de goutte favorise un placement de la langue et une technique de succion o\u00f9 la langue est plate et presse la t\u00e9tine \u00e0 plat contre le palais, ce qui signifie que le b\u00e9b\u00e9 n&#8217;a pas besoin de t\u00e9ter aussi fort, comme avec une t\u00e9tine ronde, pour que la t\u00e9tine s&#8217;aplatisse dans la bouche.<\/p>\n<p>Comme les autres sucettes BIBS, la t\u00e9tine est \u00e9quip\u00e9e d&#8217;une valve qui laisse sortir l&#8217;air lorsque le b\u00e9b\u00e9 ferme la t\u00e9tine. Ce syst\u00e8me de ventilation fait sortir l&#8217;air de l&#8217;int\u00e9rieur de la t\u00e9tine par la valve, aplatissant ainsi la t\u00e9tine pour qu&#8217;elle prenne la forme naturelle de la cavit\u00e9 buccale du b\u00e9b\u00e9. La valve est \u00e9galement la raison pour laquelle de l&#8217;eau peut \u00eatre pr\u00e9sente \u00e0 l&#8217;int\u00e9rieur de la t\u00e9tine apr\u00e8s le nettoyage et la st\u00e9rilisation. Si c&#8217;est le cas, pressez simplement la t\u00e9tine \u00e0 plat pour faire sortir l&#8217;exc\u00e8s d&#8217;eau.<\/p>\n<p>Les sucettes BIBS sont sur le march\u00e9 depuis plus de 40 ans. La couleur pr\u00e9sente le bouclier rond embl\u00e9matique de BIBS avec trois trous d&#8217;a\u00e9ration et un anneau de poign\u00e9e rond grav\u00e9 BIBS. La t\u00e9terelle est soigneusement con\u00e7ue pour \u00e9pouser la peau sensible et d\u00e9licate autour de la bouche du b\u00e9b\u00e9 afin d&#8217;\u00e9viter l&#8217;accumulation d&#8217;humidit\u00e9. La t\u00e9terelle est disponible en une seule taille, quelle que soit la taille de la t\u00e9tine. La couleur est disponible en latex de caoutchouc naturel dans les tailles 0-6 mois et 6-18 mois.<\/p>","protected":false},"excerpt":{"rendered":"<p>Les sucettes BIBS avec une t\u00e9tine plate et sym\u00e9trique en forme de goutte conviennent aux b\u00e9b\u00e9s qui pr\u00e9f\u00e8rent la forme plate et sym\u00e9trique de la&#8230;<\/p>","protected":false},"featured_media":10910,"comment_status":"open","ping_status":"closed","template":"","meta":[],"etheme_brands":[{"term_id":501,"name":"BIBS","slug":"bibs","term_group":0,"term_taxonomy_id":501,"taxonomy":"brand","description":"","parent":0,"count":52,"filter":"raw"}],"product_brand":[],"product_cat":[285,450,295,301],"product_tag":[],"class_list":{"0":"post-10909","1":"product","2":"type-product","3":"status-publish","4":"has-post-thumbnail","6":"brand-bibs","7":"product_cat-bebe-maman","8":"product_cat-bebe-nourrissons","9":"product_cat-repas","10":"product_cat-sucettes","12":"first","13":"instock","14":"sale","15":"shipping-taxable","16":"purchasable","17":"product-type-simple"},"_links":{"self":[{"href":"https:\/\/calita.ma\/fr\/wp-json\/wp\/v2\/product\/10909","targetHints":{"allow":["GET"]}}],"collection":[{"href":"https:\/\/calita.ma\/fr\/wp-json\/wp\/v2\/product"}],"about":[{"href":"https:\/\/calita.ma\/fr\/wp-json\/wp\/v2\/types\/product"}],"replies":[{"embeddable":true,"href":"https:\/\/calita.ma\/fr\/wp-json\/wp\/v2\/comments?post=10909"}],"version-history":[{"count":1,"href":"https:\/\/calita.ma\/fr\/wp-json\/wp\/v2\/product\/10909\/revisions"}],"predecessor-version":[{"id":10912,"href":"https:\/\/calita.ma\/fr\/wp-json\/wp\/v2\/product\/10909\/revisions\/10912"}],"wp:featuredmedia":[{"embeddable":true,"href":"https:\/\/calita.ma\/fr\/wp-json\/wp\/v2\/media\/10910"}],"wp:attachment":[{"href":"https:\/\/calita.ma\/fr\/wp-json\/wp\/v2\/media?parent=10909"}],"wp:term":[{"taxonomy":"brand","embeddable":true,"href":"https:\/\/calita.ma\/fr\/wp-json\/wp\/v2\/etheme_brands?post=10909"},{"taxonomy":"product_brand","embeddable":true,"href":"https:\/\/calita.ma\/fr\/wp-json\/wp\/v2\/product_brand?post=10909"},{"taxonomy":"product_cat","embeddable":true,"href":"https:\/\/calita.ma\/fr\/wp-json\/wp\/v2\/product_cat?post=10909"},{"taxonomy":"product_tag","embeddable":true,"href":"https:\/\/calita.ma\/fr\/wp-json\/wp\/v2\/product_tag?post=10909"}],"curies":[{"name":"wp","href":"https:\/\/api.w.org\/{rel}","templated":true}]}}