{"id":10860,"date":"2024-12-18T08:59:42","date_gmt":"2024-12-18T08:59:42","guid":{"rendered":"https:\/\/parapharmaciecalifornietah.ma\/?post_type=product&#038;p=10860"},"modified":"2024-12-18T08:59:43","modified_gmt":"2024-12-18T08:59:43","slug":"bibs-sucette-pink-plum-elderberry-6-18mois-b2-2","status":"publish","type":"product","link":"https:\/\/calita.ma\/fr\/produit\/bibs-sucette-pink-plum-elderberry-6-18mois-b2-2\/","title":{"rendered":"BIBS SUCETTE PINK PLUM ELDERBERRY 6-18MOIS B2"},"content":{"rendered":"<p>La sucette BIBS est fabriqu\u00e9e dans un caoutchouc naturel sans danger pour votre bout de chou. T\u00e9tine con\u00e7ue dans un beau design et de magnifiques couleurs qui peuvent \u00eatre assorties avec les jolies tenues de vos enfants.<\/p>\n<p>Un bouclier rond et l\u00e9ger permet d\u2019assurer une excellente ventilation pendant son utilisation et un l\u00e9ger contact avec le nez et la bouche de l\u2019enfant. Le risque d\u2019irritation cutan\u00e9e autour de la bouche est ainsi limit\u00e9. Les t\u00e9tines BIBS sont de taille 1 (0 \u00e0 6 mois) et de taille 2 (6 mois et plus), et taille 3 (18 mois et plus).<\/p>","protected":false},"excerpt":{"rendered":"<p>La sucette BIBS est fabriqu\u00e9e dans un caoutchouc naturel sans danger pour votre bout de chou. T\u00e9tine con\u00e7ue dans un beau design et de magnifiques&#8230;<\/p>","protected":false},"featured_media":10861,"comment_status":"open","ping_status":"closed","template":"","meta":[],"etheme_brands":[{"term_id":501,"name":"BIBS","slug":"bibs","term_group":0,"term_taxonomy_id":501,"taxonomy":"brand","description":"","parent":0,"count":52,"filter":"raw"}],"product_brand":[],"product_cat":[285,450,295,301],"product_tag":[],"class_list":{"0":"post-10860","1":"product","2":"type-product","3":"status-publish","4":"has-post-thumbnail","6":"brand-bibs","7":"product_cat-bebe-maman","8":"product_cat-bebe-nourrissons","9":"product_cat-repas","10":"product_cat-sucettes","12":"first","13":"instock","14":"sale","15":"shipping-taxable","16":"purchasable","17":"product-type-simple"},"_links":{"self":[{"href":"https:\/\/calita.ma\/fr\/wp-json\/wp\/v2\/product\/10860","targetHints":{"allow":["GET"]}}],"collection":[{"href":"https:\/\/calita.ma\/fr\/wp-json\/wp\/v2\/product"}],"about":[{"href":"https:\/\/calita.ma\/fr\/wp-json\/wp\/v2\/types\/product"}],"replies":[{"embeddable":true,"href":"https:\/\/calita.ma\/fr\/wp-json\/wp\/v2\/comments?post=10860"}],"version-history":[{"count":1,"href":"https:\/\/calita.ma\/fr\/wp-json\/wp\/v2\/product\/10860\/revisions"}],"predecessor-version":[{"id":10863,"href":"https:\/\/calita.ma\/fr\/wp-json\/wp\/v2\/product\/10860\/revisions\/10863"}],"wp:featuredmedia":[{"embeddable":true,"href":"https:\/\/calita.ma\/fr\/wp-json\/wp\/v2\/media\/10861"}],"wp:attachment":[{"href":"https:\/\/calita.ma\/fr\/wp-json\/wp\/v2\/media?parent=10860"}],"wp:term":[{"taxonomy":"brand","embeddable":true,"href":"https:\/\/calita.ma\/fr\/wp-json\/wp\/v2\/etheme_brands?post=10860"},{"taxonomy":"product_brand","embeddable":true,"href":"https:\/\/calita.ma\/fr\/wp-json\/wp\/v2\/product_brand?post=10860"},{"taxonomy":"product_cat","embeddable":true,"href":"https:\/\/calita.ma\/fr\/wp-json\/wp\/v2\/product_cat?post=10860"},{"taxonomy":"product_tag","embeddable":true,"href":"https:\/\/calita.ma\/fr\/wp-json\/wp\/v2\/product_tag?post=10860"}],"curies":[{"name":"wp","href":"https:\/\/api.w.org\/{rel}","templated":true}]}}