{"id":10839,"date":"2024-12-17T14:11:20","date_gmt":"2024-12-17T14:11:20","guid":{"rendered":"https:\/\/parapharmaciecalifornietah.ma\/?post_type=product&#038;p=10839"},"modified":"2024-12-17T14:11:20","modified_gmt":"2024-12-17T14:11:20","slug":"bibs-sucettes-iron-glow-baby-blue-glow-size-2-b2","status":"publish","type":"product","link":"https:\/\/calita.ma\/fr\/produit\/bibs-sucettes-iron-glow-baby-blue-glow-size-2-b2\/","title":{"rendered":"BIBS SUCETTES IRON GLOW BABY BLUE GLOW SIZE 2 B2"},"content":{"rendered":"<p>T\u00e9tines BIBS au design rond classique et intemporel. Con\u00e7ues et fabriqu\u00e9es au Danemark. Couleurs vanille et ch\u00eane fonc\u00e9.<\/p>\n<p>Les t\u00e9tines BIBS sont sur le march\u00e9 depuis plus de 40 ans &#8211; les t\u00e9tines pr\u00e9f\u00e9r\u00e9es de tous les temps ! Tr\u00e8s appr\u00e9ci\u00e9es par de nombreux enfants en raison de la t\u00e9tine en forme de cerise. En raison de la forme du bouclier et de la t\u00e9tine, ces t\u00e9tines ressemblent au sein d&#8217;une m\u00e8re, elles reproduisent donc de mani\u00e8re optimale les r\u00e9flexes naturels de succion et d&#8217;allaitement.<\/p>\n<p>La t\u00e9tine de la t\u00e9tine est en latex de caoutchouc 100 % naturel, qui est doux et flexible. Elle est dot\u00e9e d&#8217;un \u00e9vent qui laisse entrer l&#8217;air pour rendre la forme de la t\u00e9tine aussi naturelle que possible. En raison du mat\u00e9riau naturel, la couleur et la transparence peuvent varier &#8211; n&#8217;oubliez pas de changer les t\u00e9tines toutes les 4 \u00e0 6 semaines d&#8217;utilisation normale ! Le panneau est convexe, de sorte que le flux d&#8217;air ventile la peau sensible du b\u00e9b\u00e9 autour de la bouche et des joues. Le panneau est en polypropyl\u00e8ne (PP), un mat\u00e9riau plastique tr\u00e8s l\u00e9ger et tr\u00e8s r\u00e9sistant, et est tr\u00e8s r\u00e9sistant \u00e0 l&#8217;abrasion.<\/p>\n<p>Convient aux enfants de la naissance \u00e0 6 mois.<br \/>\nL&#8217;\u00e2ge indiqu\u00e9 est approximatif. L&#8217;anatomie de chaque enfant est diff\u00e9rente, certains enfants souhaitent une t\u00e9tine plus ou moins grande.<br \/>\nIl est donc conseill\u00e9 de s&#8217;orienter en fonction de l&#8217;\u00e2ge indiqu\u00e9, mais si n\u00e9cessaire, essayez les t\u00e9tines qui conviennent le mieux \u00e0 votre b\u00e9b\u00e9.<\/p>\n<p>Le paquet BIBS d&#8217;origine contient 2 t\u00e9tines.<\/p>\n<p><strong>Caract\u00e9ristiques des t\u00e9tines :<\/strong><\/p>\n<p>T\u00e9tine en latex de caoutchouc naturel.<br \/>\n100 % sans BPA et sans PVC.<br \/>\nT\u00e9tine en forme de cerise.<br \/>\nNe laisse pas de traces sur le visage de b\u00e9b\u00e9.<br \/>\nParticuli\u00e8rement facile.<br \/>\nDesign danois classique.<br \/>\nBrille dans le noir.<\/p>","protected":false},"excerpt":{"rendered":"<p>T\u00e9tines BIBS au design rond classique et intemporel. Con\u00e7ues et fabriqu\u00e9es au Danemark. Couleurs vanille et ch\u00eane fonc\u00e9. Les t\u00e9tines BIBS sont sur le march\u00e9&#8230;<\/p>","protected":false},"featured_media":10841,"comment_status":"open","ping_status":"closed","template":"","meta":[],"etheme_brands":[{"term_id":501,"name":"BIBS","slug":"bibs","term_group":0,"term_taxonomy_id":501,"taxonomy":"brand","description":"","parent":0,"count":52,"filter":"raw"}],"product_brand":[],"product_cat":[285,450,295,301],"product_tag":[],"class_list":{"0":"post-10839","1":"product","2":"type-product","3":"status-publish","4":"has-post-thumbnail","6":"brand-bibs","7":"product_cat-bebe-maman","8":"product_cat-bebe-nourrissons","9":"product_cat-repas","10":"product_cat-sucettes","12":"first","13":"instock","14":"sale","15":"shipping-taxable","16":"purchasable","17":"product-type-simple"},"_links":{"self":[{"href":"https:\/\/calita.ma\/fr\/wp-json\/wp\/v2\/product\/10839","targetHints":{"allow":["GET"]}}],"collection":[{"href":"https:\/\/calita.ma\/fr\/wp-json\/wp\/v2\/product"}],"about":[{"href":"https:\/\/calita.ma\/fr\/wp-json\/wp\/v2\/types\/product"}],"replies":[{"embeddable":true,"href":"https:\/\/calita.ma\/fr\/wp-json\/wp\/v2\/comments?post=10839"}],"version-history":[{"count":1,"href":"https:\/\/calita.ma\/fr\/wp-json\/wp\/v2\/product\/10839\/revisions"}],"predecessor-version":[{"id":10842,"href":"https:\/\/calita.ma\/fr\/wp-json\/wp\/v2\/product\/10839\/revisions\/10842"}],"wp:featuredmedia":[{"embeddable":true,"href":"https:\/\/calita.ma\/fr\/wp-json\/wp\/v2\/media\/10841"}],"wp:attachment":[{"href":"https:\/\/calita.ma\/fr\/wp-json\/wp\/v2\/media?parent=10839"}],"wp:term":[{"taxonomy":"brand","embeddable":true,"href":"https:\/\/calita.ma\/fr\/wp-json\/wp\/v2\/etheme_brands?post=10839"},{"taxonomy":"product_brand","embeddable":true,"href":"https:\/\/calita.ma\/fr\/wp-json\/wp\/v2\/product_brand?post=10839"},{"taxonomy":"product_cat","embeddable":true,"href":"https:\/\/calita.ma\/fr\/wp-json\/wp\/v2\/product_cat?post=10839"},{"taxonomy":"product_tag","embeddable":true,"href":"https:\/\/calita.ma\/fr\/wp-json\/wp\/v2\/product_tag?post=10839"}],"curies":[{"name":"wp","href":"https:\/\/api.w.org\/{rel}","templated":true}]}}