{"id":10800,"date":"2024-12-17T13:33:51","date_gmt":"2024-12-17T13:33:51","guid":{"rendered":"https:\/\/parapharmaciecalifornietah.ma\/?post_type=product&#038;p=10800"},"modified":"2024-12-17T13:33:51","modified_gmt":"2024-12-17T13:33:51","slug":"bibs-sucette-nordic-mint-pack-0-6mois-b2","status":"publish","type":"product","link":"https:\/\/calita.ma\/fr\/produit\/bibs-sucette-nordic-mint-pack-0-6mois-b2\/","title":{"rendered":"BIBS SUCETTE NORDIC MINT PACK 0-6MOIS B2"},"content":{"rendered":"<p>La t\u00e9tine\u00a0<strong>BIBS Supreme Silicone Symmetrical Size 1<\/strong>\u00a0est le compagnon id\u00e9al pour les nuits paisibles et les journ\u00e9es sereines. Con\u00e7ue pour offrir un\u00a0<strong>confort optimal<\/strong>, elle dispose de g\u00e9n\u00e9reuses ouvertures de ventilation qui emp\u00eachent l\u2019accumulation d\u2019humidit\u00e9 et \u00e9vitent ainsi les irritations autour de la bouche d\u00e9licate de votre b\u00e9b\u00e9. Gr\u00e2ce \u00e0 sa\u00a0<strong>forme sym\u00e9trique en silicone<\/strong>, elle est adapt\u00e9e \u00e0 la morphologie buccale, soutenant le bon d\u00e9veloppement dentaire.<\/p>\n<p>Le v\u00e9ritable atout ? Son effet\u00a0<strong>phosphorescent<\/strong>\u00a0! Avec le pack de 2 couleurs\u00a0<strong>Blush Glow<\/strong>\u00a0et\u00a0<strong>Vanilla Glow<\/strong>, dites adieu aux recherches nocturnes stressantes. Ces t\u00e9tines brillent doucement dans le noir pour que vous puissiez les retrouver facilement, m\u00eame dans l\u2019obscurit\u00e9. Cela garantit une tranquillit\u00e9 d\u2019esprit pour les parents et un sommeil ininterrompu pour les tout-petits.<\/p>\n<p>La mati\u00e8re en silicone garantit une t\u00e9tine\u00a0<strong>durable et hygi\u00e9nique<\/strong>, sans BPA ni phtalates. Parfaite pour les b\u00e9b\u00e9s d\u00e8s 0 mois, cette t\u00e9tine allie praticit\u00e9, s\u00e9curit\u00e9 et confort, tout en apportant une touche de style gr\u00e2ce \u00e0 ses couleurs douces et modernes. Avec\u00a0<strong>BIBS Supreme Glow in the Dark<\/strong>, les nuits deviennent plus faciles et les journ\u00e9es plus joyeuses !<\/p>\n<h3>Conseils d\u2019utilisation<\/h3>\n<ol>\n<li><strong>St\u00e9rilisez avant usage<\/strong>\u00a0: Placez la t\u00e9tine dans l&#8217;eau bouillante pendant 5 minutes avant la premi\u00e8re utilisation.<\/li>\n<li><strong>Nettoyez r\u00e9guli\u00e8rement<\/strong>\u00a0: Lavez la t\u00e9tine \u00e0 l\u2019eau chaude savonneuse apr\u00e8s chaque utilisation.<\/li>\n<li><strong>Chargez l\u2019effet phosphorescent<\/strong>\u00a0: Exposez la t\u00e9tine \u00e0 la lumi\u00e8re pendant quelques minutes pour maximiser l\u2019effet lumineux.<\/li>\n<li><strong>Remplacez fr\u00e9quemment<\/strong>\u00a0: Changez de t\u00e9tine toutes les 4-6 semaines pour assurer une s\u00e9curit\u00e9 optimale.<\/li>\n<\/ol>","protected":false},"excerpt":{"rendered":"<p>La t\u00e9tine\u00a0BIBS Supreme Silicone Symmetrical Size 1\u00a0est le compagnon id\u00e9al pour les nuits paisibles et les journ\u00e9es sereines. Con\u00e7ue pour offrir un\u00a0confort optimal, elle dispose&#8230;<\/p>","protected":false},"featured_media":10802,"comment_status":"open","ping_status":"closed","template":"","meta":[],"etheme_brands":[{"term_id":501,"name":"BIBS","slug":"bibs","term_group":0,"term_taxonomy_id":501,"taxonomy":"brand","description":"","parent":0,"count":52,"filter":"raw"}],"product_brand":[],"product_cat":[285,450,295,301],"product_tag":[],"class_list":{"0":"post-10800","1":"product","2":"type-product","3":"status-publish","4":"has-post-thumbnail","6":"brand-bibs","7":"product_cat-bebe-maman","8":"product_cat-bebe-nourrissons","9":"product_cat-repas","10":"product_cat-sucettes","12":"first","13":"instock","14":"sale","15":"shipping-taxable","16":"purchasable","17":"product-type-simple"},"_links":{"self":[{"href":"https:\/\/calita.ma\/fr\/wp-json\/wp\/v2\/product\/10800","targetHints":{"allow":["GET"]}}],"collection":[{"href":"https:\/\/calita.ma\/fr\/wp-json\/wp\/v2\/product"}],"about":[{"href":"https:\/\/calita.ma\/fr\/wp-json\/wp\/v2\/types\/product"}],"replies":[{"embeddable":true,"href":"https:\/\/calita.ma\/fr\/wp-json\/wp\/v2\/comments?post=10800"}],"version-history":[{"count":1,"href":"https:\/\/calita.ma\/fr\/wp-json\/wp\/v2\/product\/10800\/revisions"}],"predecessor-version":[{"id":10803,"href":"https:\/\/calita.ma\/fr\/wp-json\/wp\/v2\/product\/10800\/revisions\/10803"}],"wp:featuredmedia":[{"embeddable":true,"href":"https:\/\/calita.ma\/fr\/wp-json\/wp\/v2\/media\/10802"}],"wp:attachment":[{"href":"https:\/\/calita.ma\/fr\/wp-json\/wp\/v2\/media?parent=10800"}],"wp:term":[{"taxonomy":"brand","embeddable":true,"href":"https:\/\/calita.ma\/fr\/wp-json\/wp\/v2\/etheme_brands?post=10800"},{"taxonomy":"product_brand","embeddable":true,"href":"https:\/\/calita.ma\/fr\/wp-json\/wp\/v2\/product_brand?post=10800"},{"taxonomy":"product_cat","embeddable":true,"href":"https:\/\/calita.ma\/fr\/wp-json\/wp\/v2\/product_cat?post=10800"},{"taxonomy":"product_tag","embeddable":true,"href":"https:\/\/calita.ma\/fr\/wp-json\/wp\/v2\/product_tag?post=10800"}],"curies":[{"name":"wp","href":"https:\/\/api.w.org\/{rel}","templated":true}]}}