{"id":10761,"date":"2024-12-17T12:21:52","date_gmt":"2024-12-17T12:21:52","guid":{"rendered":"https:\/\/parapharmaciecalifornietah.ma\/?post_type=product&#038;p=10761"},"modified":"2024-12-17T12:21:52","modified_gmt":"2024-12-17T12:21:52","slug":"bibs-pacifier-boheme-violet-sky-pumpkin-size-1-b2","status":"publish","type":"product","link":"https:\/\/calita.ma\/fr\/produit\/bibs-pacifier-boheme-violet-sky-pumpkin-size-1-b2\/","title":{"rendered":"BIBS PACIFIER BOHEME VIOLET SKY PUMPKIN SIZE 1 B2"},"content":{"rendered":"<p>\u2022 Dispose d\u2019une t\u00e9tine en caoutchouc naturel, un mat\u00e9riau extr\u00eamement souple et r\u00e9sistant \u00e0 la succion, dont la texture douce, semblable \u00e0 la peau, est tr\u00e8s appr\u00e9ci\u00e9e des b\u00e9b\u00e9s.<br \/>\n\u2022 La forme, la taille et le mouvement de la t\u00e9tine rappellent ceux du mamelon de la m\u00e8re lors de l\u2019allaitement au sein, et favorisent une prise naturelle de la t\u00e9tine.<br \/>\n\u2022 Les t\u00e9tines et les biberons BIBS disposent de la m\u00eame t\u00e9tine pour une transition facile de la t\u00e9tine \u00e0 l\u2019allaitement au biberon et au sein.<br \/>\n\u2022 La jolie collerette a \u00e9t\u00e9 sp\u00e9cialement con\u00e7ue pour \u00e9viter toute irritation de la peau et accumulation de salive.<br \/>\n\u2022 En des mat\u00e9riaux de qualit\u00e9 alimentaire s\u00fbrs, sans bisph\u00e9nol A.<br \/>\n\u2022 Con\u00e7ue et fabriqu\u00e9e au Danemark.<\/p>\n<p><strong>Mat\u00e9riaux<\/strong><br \/>\nCollerette : PP de qualit\u00e9 alimentaire.<br \/>\nT\u00e9tine : caoutchouc naturel.<\/p>\n<p><strong>Guide de taille<\/strong><br \/>\nIl est conseill\u00e9 de commencer par une taille en fonction de l\u2019\u00e2ge de votre b\u00e9b\u00e9 ; cependant, il finira par naturellement choisir celle qui lui convient le mieux. Au fur et \u00e0 mesure que votre b\u00e9b\u00e9 grandit, pensez \u00e0 passer \u00e0 une taille plus grande, pour davantage de s\u00e9curit\u00e9 et de confort.<\/p>\n<p><strong>Avant la premi\u00e8re utilisation<\/strong><br \/>\n\u2022 Tirez doucement sur la t\u00e9tine dans toutes les directions et inspectez-la soigneusement pour d\u00e9tecter tout signe de faiblesse ou de dommage<br \/>\n\u2022 St\u00e9rilisez toujours les nouvelles sucettes apr\u00e8s les avoir sorties de l\u2019emballage<\/p>\n<p><strong>Remplacement<\/strong><br \/>\n\u2022 V\u00e9rifiez r\u00e9guli\u00e8rement les sucettes de votre b\u00e9b\u00e9 et remplacez-les toutes les 4 \u00e0 6 semaines ou d\u00e8s le premier signe de dommage ou de faiblesse.<br \/>\n\u2022 Une t\u00e9tine \u00e9largie ou collante signifie qu\u2019il est temps de la remplacer<\/p>\n<p><strong>Nettoyage<\/strong><br \/>\n\u2022 St\u00e9rilisez r\u00e9guli\u00e8rement les t\u00e9tines en latex de caoutchouc naturel en les \u00e9bouillantant \u2013 read more here<\/p>","protected":false},"excerpt":{"rendered":"<p>\u2022 Dispose d\u2019une t\u00e9tine en caoutchouc naturel, un mat\u00e9riau extr\u00eamement souple et r\u00e9sistant \u00e0 la succion, dont la texture douce, semblable \u00e0 la peau, est&#8230;<\/p>","protected":false},"featured_media":10764,"comment_status":"open","ping_status":"closed","template":"","meta":[],"etheme_brands":[{"term_id":501,"name":"BIBS","slug":"bibs","term_group":0,"term_taxonomy_id":501,"taxonomy":"brand","description":"","parent":0,"count":52,"filter":"raw"}],"product_brand":[],"product_cat":[285,450,295,301],"product_tag":[],"class_list":{"0":"post-10761","1":"product","2":"type-product","3":"status-publish","4":"has-post-thumbnail","6":"brand-bibs","7":"product_cat-bebe-maman","8":"product_cat-bebe-nourrissons","9":"product_cat-repas","10":"product_cat-sucettes","12":"first","13":"instock","14":"sale","15":"shipping-taxable","16":"purchasable","17":"product-type-simple"},"_links":{"self":[{"href":"https:\/\/calita.ma\/fr\/wp-json\/wp\/v2\/product\/10761","targetHints":{"allow":["GET"]}}],"collection":[{"href":"https:\/\/calita.ma\/fr\/wp-json\/wp\/v2\/product"}],"about":[{"href":"https:\/\/calita.ma\/fr\/wp-json\/wp\/v2\/types\/product"}],"replies":[{"embeddable":true,"href":"https:\/\/calita.ma\/fr\/wp-json\/wp\/v2\/comments?post=10761"}],"version-history":[{"count":1,"href":"https:\/\/calita.ma\/fr\/wp-json\/wp\/v2\/product\/10761\/revisions"}],"predecessor-version":[{"id":10765,"href":"https:\/\/calita.ma\/fr\/wp-json\/wp\/v2\/product\/10761\/revisions\/10765"}],"wp:featuredmedia":[{"embeddable":true,"href":"https:\/\/calita.ma\/fr\/wp-json\/wp\/v2\/media\/10764"}],"wp:attachment":[{"href":"https:\/\/calita.ma\/fr\/wp-json\/wp\/v2\/media?parent=10761"}],"wp:term":[{"taxonomy":"brand","embeddable":true,"href":"https:\/\/calita.ma\/fr\/wp-json\/wp\/v2\/etheme_brands?post=10761"},{"taxonomy":"product_brand","embeddable":true,"href":"https:\/\/calita.ma\/fr\/wp-json\/wp\/v2\/product_brand?post=10761"},{"taxonomy":"product_cat","embeddable":true,"href":"https:\/\/calita.ma\/fr\/wp-json\/wp\/v2\/product_cat?post=10761"},{"taxonomy":"product_tag","embeddable":true,"href":"https:\/\/calita.ma\/fr\/wp-json\/wp\/v2\/product_tag?post=10761"}],"curies":[{"name":"wp","href":"https:\/\/api.w.org\/{rel}","templated":true}]}}