{"id":10428,"date":"2024-12-09T08:03:01","date_gmt":"2024-12-09T08:03:01","guid":{"rendered":"https:\/\/parapharmaciecalifornietah.ma\/?post_type=product&#038;p=10428"},"modified":"2024-12-09T08:03:01","modified_gmt":"2024-12-09T08:03:01","slug":"klorane-pivoine-apres-shampooing-150ml","status":"publish","type":"product","link":"https:\/\/calita.ma\/fr\/produit\/klorane-pivoine-apres-shampooing-150ml\/","title":{"rendered":"KLORANE PIVOINE APRES SHAMPOOING 150ML"},"content":{"rendered":"<p>Gr\u00e2ce \u00e0 son extrait de Pivoine BIO traditionnellement utilis\u00e9 pour ses vertus apaisantes, cet apr\u00e8s-shampoing naturel* et v\u00e9gan** apaise d\u00e8s la premi\u00e8re utilisation et pendant 48h*** les sensations d\u2019irritations et d\u2019inconfort du cuir chevelu, tout en aidant \u00e0 l\u2019\u00e9quilibre du microbiome. Avec ou sans rin\u00e7age, sa formule biod\u00e9gradable**** \u00e0 la texture tr\u00e8s fondante hydrate le cuir chevelu et les longueurs. Les cheveux sont faciles \u00e0 d\u00e9m\u00ealer, plus doux et plus brillants, dans un d\u00e9licat parfum relaxant. Test\u00e9 sous contr\u00f4le dermatologique.<\/p>","protected":false},"excerpt":{"rendered":"<p>Gr\u00e2ce \u00e0 son extrait de Pivoine BIO traditionnellement utilis\u00e9 pour ses vertus apaisantes, cet apr\u00e8s-shampoing naturel* et v\u00e9gan** apaise d\u00e8s la premi\u00e8re utilisation et pendant&#8230;<\/p>","protected":false},"featured_media":10429,"comment_status":"open","ping_status":"closed","template":"","meta":[],"etheme_brands":[{"term_id":487,"name":"KLORANE","slug":"klorane","term_group":0,"term_taxonomy_id":487,"taxonomy":"brand","description":"","parent":0,"count":30,"filter":"raw"}],"product_brand":[],"product_cat":[276,249,232],"product_tag":[],"class_list":{"0":"post-10428","1":"product","2":"type-product","3":"status-publish","4":"has-post-thumbnail","6":"brand-klorane","7":"product_cat-apres-shampooing","8":"product_cat-apres-shampooings","9":"product_cat-cheveux","11":"first","12":"instock","13":"sale","14":"shipping-taxable","15":"purchasable","16":"product-type-simple"},"_links":{"self":[{"href":"https:\/\/calita.ma\/fr\/wp-json\/wp\/v2\/product\/10428","targetHints":{"allow":["GET"]}}],"collection":[{"href":"https:\/\/calita.ma\/fr\/wp-json\/wp\/v2\/product"}],"about":[{"href":"https:\/\/calita.ma\/fr\/wp-json\/wp\/v2\/types\/product"}],"replies":[{"embeddable":true,"href":"https:\/\/calita.ma\/fr\/wp-json\/wp\/v2\/comments?post=10428"}],"version-history":[{"count":1,"href":"https:\/\/calita.ma\/fr\/wp-json\/wp\/v2\/product\/10428\/revisions"}],"predecessor-version":[{"id":10432,"href":"https:\/\/calita.ma\/fr\/wp-json\/wp\/v2\/product\/10428\/revisions\/10432"}],"wp:featuredmedia":[{"embeddable":true,"href":"https:\/\/calita.ma\/fr\/wp-json\/wp\/v2\/media\/10429"}],"wp:attachment":[{"href":"https:\/\/calita.ma\/fr\/wp-json\/wp\/v2\/media?parent=10428"}],"wp:term":[{"taxonomy":"brand","embeddable":true,"href":"https:\/\/calita.ma\/fr\/wp-json\/wp\/v2\/etheme_brands?post=10428"},{"taxonomy":"product_brand","embeddable":true,"href":"https:\/\/calita.ma\/fr\/wp-json\/wp\/v2\/product_brand?post=10428"},{"taxonomy":"product_cat","embeddable":true,"href":"https:\/\/calita.ma\/fr\/wp-json\/wp\/v2\/product_cat?post=10428"},{"taxonomy":"product_tag","embeddable":true,"href":"https:\/\/calita.ma\/fr\/wp-json\/wp\/v2\/product_tag?post=10428"}],"curies":[{"name":"wp","href":"https:\/\/api.w.org\/{rel}","templated":true}]}}