{"id":10425,"date":"2024-12-09T07:53:46","date_gmt":"2024-12-09T07:53:46","guid":{"rendered":"https:\/\/parapharmaciecalifornietah.ma\/?post_type=product&#038;p=10425"},"modified":"2024-12-09T07:53:46","modified_gmt":"2024-12-09T07:53:46","slug":"klorane-camomille-baume-apres-shampooing-200ml","status":"publish","type":"product","link":"https:\/\/calita.ma\/fr\/produit\/klorane-camomille-baume-apres-shampooing-200ml\/","title":{"rendered":"KLORANE CAMOMILLE BAUME APRES SHAMPOOING 200ML"},"content":{"rendered":"<p>Ce soin cheveux, \u00e0 la formule biod\u00e9gradable et \u00e0 96 % d&#8217;ingr\u00e9dients d&#8217;origine naturelle, est enrichi en actifs ultra-nourrissants et acides gras. Sp\u00e9cialement formul\u00e9 pour les cheveux tr\u00e8s secs, cassants et ab\u00eem\u00e9s par les lissages, brossages ou colorations, l&#8217;apr\u00e8s-shampoing Klorane au Cupua\u00e7u BIO nourrit et r\u00e9pare les cheveux tr\u00e8s secs, ondul\u00e9s, boucl\u00e9s ou fris\u00e9s. En lissant la fibre capillaire, l&#8217;apr\u00e8s-shampoing facilite le d\u00e9m\u00ealage, pour des cheveux imm\u00e9diatement brillants, prot\u00e9g\u00e9s et r\u00e9sistants. Doux et nettoyant, il peut s&#8217;utiliser aussi comme baume lavant \u00e0 la place du shampoing habituel.<\/p>\n<p><strong>Les bienfaits :<\/strong><\/p>\n<p>D\u00e9m\u00eale : sa formule comprend des agents d\u00e9m\u00ealants doux pour d\u00e9m\u00ealer instantan\u00e9ment les cheveux sans les alourdir.<\/p>\n<p>R\u00e9pare : il r\u00e9pare en douceur la fibre capillaire et referme les \u00e9cailles.<\/p>\n<p>Ravive : illumine et r\u00e9v\u00e8le naturellement les reflets des cheveux blonds et ch\u00e2tains, naturels ou m\u00e9ch\u00e9s.<\/p>\n<p><strong>Conseils d&#8217;utilisation:<\/strong><\/p>\n<p><main role=\"main\">Appliquer apr\u00e8s le shampoing sur les longueurs et pointes rinc\u00e9es et essor\u00e9es. Laisser agir 2 \u00e0 3 minutes. Rincer.<\/p>\n<p><\/main><\/p>","protected":false},"excerpt":{"rendered":"<p>Ce soin cheveux, \u00e0 la formule biod\u00e9gradable et \u00e0 96 % d&#8217;ingr\u00e9dients d&#8217;origine naturelle, est enrichi en actifs ultra-nourrissants et acides gras. Sp\u00e9cialement formul\u00e9 pour&#8230;<\/p>","protected":false},"featured_media":10426,"comment_status":"open","ping_status":"closed","template":"","meta":[],"etheme_brands":[{"term_id":487,"name":"KLORANE","slug":"klorane","term_group":0,"term_taxonomy_id":487,"taxonomy":"brand","description":"","parent":0,"count":30,"filter":"raw"}],"product_brand":[],"product_cat":[276,249,232,246],"product_tag":[],"class_list":{"0":"post-10425","1":"product","2":"type-product","3":"status-publish","4":"has-post-thumbnail","6":"brand-klorane","7":"product_cat-apres-shampooing","8":"product_cat-apres-shampooings","9":"product_cat-cheveux","10":"product_cat-soins-des-cheveux","12":"first","13":"instock","14":"sale","15":"shipping-taxable","16":"purchasable","17":"product-type-simple"},"_links":{"self":[{"href":"https:\/\/calita.ma\/fr\/wp-json\/wp\/v2\/product\/10425","targetHints":{"allow":["GET"]}}],"collection":[{"href":"https:\/\/calita.ma\/fr\/wp-json\/wp\/v2\/product"}],"about":[{"href":"https:\/\/calita.ma\/fr\/wp-json\/wp\/v2\/types\/product"}],"replies":[{"embeddable":true,"href":"https:\/\/calita.ma\/fr\/wp-json\/wp\/v2\/comments?post=10425"}],"version-history":[{"count":1,"href":"https:\/\/calita.ma\/fr\/wp-json\/wp\/v2\/product\/10425\/revisions"}],"predecessor-version":[{"id":10427,"href":"https:\/\/calita.ma\/fr\/wp-json\/wp\/v2\/product\/10425\/revisions\/10427"}],"wp:featuredmedia":[{"embeddable":true,"href":"https:\/\/calita.ma\/fr\/wp-json\/wp\/v2\/media\/10426"}],"wp:attachment":[{"href":"https:\/\/calita.ma\/fr\/wp-json\/wp\/v2\/media?parent=10425"}],"wp:term":[{"taxonomy":"brand","embeddable":true,"href":"https:\/\/calita.ma\/fr\/wp-json\/wp\/v2\/etheme_brands?post=10425"},{"taxonomy":"product_brand","embeddable":true,"href":"https:\/\/calita.ma\/fr\/wp-json\/wp\/v2\/product_brand?post=10425"},{"taxonomy":"product_cat","embeddable":true,"href":"https:\/\/calita.ma\/fr\/wp-json\/wp\/v2\/product_cat?post=10425"},{"taxonomy":"product_tag","embeddable":true,"href":"https:\/\/calita.ma\/fr\/wp-json\/wp\/v2\/product_tag?post=10425"}],"curies":[{"name":"wp","href":"https:\/\/api.w.org\/{rel}","templated":true}]}}