{"id":10418,"date":"2024-12-08T17:15:57","date_gmt":"2024-12-08T17:15:57","guid":{"rendered":"https:\/\/parapharmaciecalifornietah.ma\/?post_type=product&#038;p=10418"},"modified":"2024-12-08T17:15:57","modified_gmt":"2024-12-08T17:15:57","slug":"klorane-quinine-force-apres-shampooing-anti-chute-et-edelweiss-bio-200ml","status":"publish","type":"product","link":"https:\/\/calita.ma\/fr\/produit\/klorane-quinine-force-apres-shampooing-anti-chute-et-edelweiss-bio-200ml\/","title":{"rendered":"KLORANE QUININE FORCE APRES-SHAMPOOING ANTI-CHUTE ET EDELWEISS BIO 200ML"},"content":{"rendered":"<p>L\u2019Apr\u00e8s-Shampooing Fortifiant Quinine &amp; Edelweiss Bio de Klorane est un soin capillaire con\u00e7u pour les cheveux fatigu\u00e9s et fragilis\u00e9s. Il facilite le d\u00e9m\u00ealage tout en fortifiant les cheveux, aidant ainsi \u00e0 limiter la casse due au brossage. Sa formule naturelle \u00e0 base d\u2019extrait de quinine revitalise les cheveux, leur apportant \u00e9nergie, douceur et souplesse.<\/p>\n<p><strong>Caract\u00e9ristiques :<\/strong><\/p>\n<ul>\n<li><strong>D\u00e9m\u00ealant :<\/strong>\u00a0Sa formule onctueuse permet un d\u00e9m\u00ealage facile de la chevelure une fois rinc\u00e9e.<\/li>\n<li><strong>\u00c9nergisant :<\/strong>\u00a0L\u2019apr\u00e8s-shampooing \u00e0 la quinine revitalise les cheveux, leur redonnant vigueur et brillance.<\/li>\n<li><strong>Renfor\u00e7ant :<\/strong>\u00a0Il fortifie la structure et la fibre des cheveux fatigu\u00e9s, redonnant force et r\u00e9sistance \u00e0 la chevelure.<\/li>\n<\/ul>\n<p><strong>R\u00e9sultats :<\/strong><\/p>\n<ul>\n<li>R\u00e9duit de 84% les cheveux cass\u00e9s au brossage.<\/li>\n<li>88% des utilisateurs ont constat\u00e9 que leurs cheveux \u00e9taient d\u00e9m\u00eal\u00e9s.<\/li>\n<li>85% ont constat\u00e9 que leurs cheveux \u00e9taient fortifi\u00e9s.<\/li>\n<\/ul>","protected":false},"excerpt":{"rendered":"<p>L\u2019Apr\u00e8s-Shampooing Fortifiant Quinine &amp; Edelweiss Bio de Klorane est un soin capillaire con\u00e7u pour les cheveux fatigu\u00e9s et fragilis\u00e9s. Il facilite le d\u00e9m\u00ealage tout en&#8230;<\/p>","protected":false},"featured_media":10419,"comment_status":"open","ping_status":"closed","template":"","meta":[],"etheme_brands":[{"term_id":487,"name":"KLORANE","slug":"klorane","term_group":0,"term_taxonomy_id":487,"taxonomy":"brand","description":"","parent":0,"count":30,"filter":"raw"}],"product_brand":[],"product_cat":[274,247,232,246],"product_tag":[],"class_list":{"0":"post-10418","1":"product","2":"type-product","3":"status-publish","4":"has-post-thumbnail","6":"brand-klorane","7":"product_cat-anti-chute-cheveux","8":"product_cat-anti-chute-soins-des-cheveux","9":"product_cat-cheveux","10":"product_cat-soins-des-cheveux","12":"first","13":"instock","14":"sale","15":"shipping-taxable","16":"purchasable","17":"product-type-simple"},"_links":{"self":[{"href":"https:\/\/calita.ma\/fr\/wp-json\/wp\/v2\/product\/10418","targetHints":{"allow":["GET"]}}],"collection":[{"href":"https:\/\/calita.ma\/fr\/wp-json\/wp\/v2\/product"}],"about":[{"href":"https:\/\/calita.ma\/fr\/wp-json\/wp\/v2\/types\/product"}],"replies":[{"embeddable":true,"href":"https:\/\/calita.ma\/fr\/wp-json\/wp\/v2\/comments?post=10418"}],"version-history":[{"count":1,"href":"https:\/\/calita.ma\/fr\/wp-json\/wp\/v2\/product\/10418\/revisions"}],"predecessor-version":[{"id":10422,"href":"https:\/\/calita.ma\/fr\/wp-json\/wp\/v2\/product\/10418\/revisions\/10422"}],"wp:featuredmedia":[{"embeddable":true,"href":"https:\/\/calita.ma\/fr\/wp-json\/wp\/v2\/media\/10419"}],"wp:attachment":[{"href":"https:\/\/calita.ma\/fr\/wp-json\/wp\/v2\/media?parent=10418"}],"wp:term":[{"taxonomy":"brand","embeddable":true,"href":"https:\/\/calita.ma\/fr\/wp-json\/wp\/v2\/etheme_brands?post=10418"},{"taxonomy":"product_brand","embeddable":true,"href":"https:\/\/calita.ma\/fr\/wp-json\/wp\/v2\/product_brand?post=10418"},{"taxonomy":"product_cat","embeddable":true,"href":"https:\/\/calita.ma\/fr\/wp-json\/wp\/v2\/product_cat?post=10418"},{"taxonomy":"product_tag","embeddable":true,"href":"https:\/\/calita.ma\/fr\/wp-json\/wp\/v2\/product_tag?post=10418"}],"curies":[{"name":"wp","href":"https:\/\/api.w.org\/{rel}","templated":true}]}}