{"id":10415,"date":"2024-12-08T11:24:21","date_gmt":"2024-12-08T11:24:21","guid":{"rendered":"https:\/\/parapharmaciecalifornietah.ma\/?post_type=product&#038;p=10415"},"modified":"2024-12-08T11:24:21","modified_gmt":"2024-12-08T11:24:21","slug":"klorane-cupuacu-masque-reparation-3-en-1-150ml","status":"publish","type":"product","link":"https:\/\/calita.ma\/fr\/produit\/klorane-cupuacu-masque-reparation-3-en-1-150ml\/","title":{"rendered":"KLORANE CUPUACU MASQUE REPARATION 3 EN 1 150ML"},"content":{"rendered":"<p>Le Masque R\u00e9paration au Cupua\u00e7u de Klorane est un soin intensif con\u00e7u pour nourrir et r\u00e9g\u00e9n\u00e9rer en profondeur les cheveux tr\u00e8s secs, ab\u00eem\u00e9s ou cassants. Formul\u00e9 avec du beurre de cupua\u00e7u bio, ce masque riche et onctueux p\u00e9n\u00e8tre la fibre capillaire pour la r\u00e9parer et la renforcer. Il enveloppe les cheveux d\u2019une douceur incomparable, les rendant plus r\u00e9sistants, souples et brillants, tout en facilitant le coiffage.<\/p>\n<p><strong>Ingr\u00e9dients :<\/strong><br \/>\n-90% Eau : maintient l\u2019hydratation essentielle des cheveux<br \/>\n-Beurre de cupua\u00e7u bio (10%) : nourrit et r\u00e9pare intens\u00e9ment<br \/>\n-Agents \u00e9mollients naturels : adoucissent et prot\u00e8gent les cheveux<\/p>\n<p><strong>Bienfaits :<\/strong><br \/>\n-R\u00e9pare et renforce la fibre capillaire<br \/>\n-Nourrit en profondeur les cheveux tr\u00e8s secs<br \/>\n-Laisse les cheveux souples, doux et brillants<\/p>\n<p>Avec son format pratique de 150 ml, ce masque est id\u00e9al pour une utilisation hebdomadaire, offrant un soin r\u00e9parateur longue dur\u00e9e aux cheveux tr\u00e8s secs.<\/p>\n<p>Commandez d\u00e8s maintenant sur notre site Monrituel ou visitez notre magasin \u00e0 Casablanca pour offrir \u00e0 vos cheveux un soin nourrissant et r\u00e9g\u00e9n\u00e9rant.<\/p>","protected":false},"excerpt":{"rendered":"<p>Le Masque R\u00e9paration au Cupua\u00e7u de Klorane est un soin intensif con\u00e7u pour nourrir et r\u00e9g\u00e9n\u00e9rer en profondeur les cheveux tr\u00e8s secs, ab\u00eem\u00e9s ou cassants&#8230;.<\/p>","protected":false},"featured_media":10416,"comment_status":"open","ping_status":"closed","template":"","meta":[],"etheme_brands":[{"term_id":487,"name":"KLORANE","slug":"klorane","term_group":0,"term_taxonomy_id":487,"taxonomy":"brand","description":"","parent":0,"count":30,"filter":"raw"}],"product_brand":[],"product_cat":[232,281],"product_tag":[],"class_list":{"0":"post-10415","1":"product","2":"type-product","3":"status-publish","4":"has-post-thumbnail","6":"brand-klorane","7":"product_cat-cheveux","8":"product_cat-masque-cheveux","10":"first","11":"instock","12":"sale","13":"shipping-taxable","14":"purchasable","15":"product-type-simple"},"_links":{"self":[{"href":"https:\/\/calita.ma\/fr\/wp-json\/wp\/v2\/product\/10415","targetHints":{"allow":["GET"]}}],"collection":[{"href":"https:\/\/calita.ma\/fr\/wp-json\/wp\/v2\/product"}],"about":[{"href":"https:\/\/calita.ma\/fr\/wp-json\/wp\/v2\/types\/product"}],"replies":[{"embeddable":true,"href":"https:\/\/calita.ma\/fr\/wp-json\/wp\/v2\/comments?post=10415"}],"version-history":[{"count":1,"href":"https:\/\/calita.ma\/fr\/wp-json\/wp\/v2\/product\/10415\/revisions"}],"predecessor-version":[{"id":10417,"href":"https:\/\/calita.ma\/fr\/wp-json\/wp\/v2\/product\/10415\/revisions\/10417"}],"wp:featuredmedia":[{"embeddable":true,"href":"https:\/\/calita.ma\/fr\/wp-json\/wp\/v2\/media\/10416"}],"wp:attachment":[{"href":"https:\/\/calita.ma\/fr\/wp-json\/wp\/v2\/media?parent=10415"}],"wp:term":[{"taxonomy":"brand","embeddable":true,"href":"https:\/\/calita.ma\/fr\/wp-json\/wp\/v2\/etheme_brands?post=10415"},{"taxonomy":"product_brand","embeddable":true,"href":"https:\/\/calita.ma\/fr\/wp-json\/wp\/v2\/product_brand?post=10415"},{"taxonomy":"product_cat","embeddable":true,"href":"https:\/\/calita.ma\/fr\/wp-json\/wp\/v2\/product_cat?post=10415"},{"taxonomy":"product_tag","embeddable":true,"href":"https:\/\/calita.ma\/fr\/wp-json\/wp\/v2\/product_tag?post=10415"}],"curies":[{"name":"wp","href":"https:\/\/api.w.org\/{rel}","templated":true}]}}