{"id":10412,"date":"2024-12-08T11:18:00","date_gmt":"2024-12-08T11:18:00","guid":{"rendered":"https:\/\/parapharmaciecalifornietah.ma\/?post_type=product&#038;p=10412"},"modified":"2024-12-08T11:18:00","modified_gmt":"2024-12-08T11:18:00","slug":"klorane-beurre-de-mangue-masque-150ml","status":"publish","type":"product","link":"https:\/\/calita.ma\/fr\/produit\/klorane-beurre-de-mangue-masque-150ml\/","title":{"rendered":"KLORANE BEURRE DE MANGUE MASQUE 150ML"},"content":{"rendered":"<p style=\"font-weight: 400;\">Geste soin d\u2019exception hautement nutritif, onctueux et g\u00e9n\u00e9reux, ce masque au beurre de Mangue redonne vie \u00e0 la fibre capillaire. Nourrit durablement et profond\u00e9ment sans alourdir le cheveu. Apporte souplesse, douceur et brillance en 5 minutes chrono.<\/p>\n<p style=\"font-weight: 400;\">Moins ab\u00eem\u00e9s &#8211; 88% de satisfaction*, Nourris durablement &#8211; 91% de satisfaction*<\/p>\n<p style=\"font-weight: 400;\">*Test de satisfaction &#8211; 69 personnes &#8211; apr\u00e8s 15 jours d\u2019utilisation. Test\u00e9 sous contr\u00f4le dermatologique.<\/p>\n<p style=\"font-weight: 400;\"><b><strong>Conseils d\u2019Utilisation<\/strong><\/b><\/p>\n<p style=\"font-weight: 400;\">Appliquer g\u00e9n\u00e9reusement sur les longueurs et les pointes rinc\u00e9es et essor\u00e9es apr\u00e8s le shampooing nutritif au beurre de mangue KLORANE. Laisser agir 5 minutes, peigner, puis rincer \u00e0 l\u2019eau claire. Utiliser le masque une fois par semaine en soin profond ou plus fr\u00e9quemment si les cheveux sont tr\u00e8s secs. Pour une action renforc\u00e9e, laisser poser 20 minutes sous une serviette chaude avant de rincer.<\/p>\n<p style=\"font-weight: 400;\"><b><strong>Composition<\/strong><\/b><b><strong><br \/>\n<\/strong><\/b>WATER (AQUA), BEHENYL ALCOHOL, ETHYLHEXYL PALMITATE, MANGIFERA INDICA (MANGO) SEED BUTTER (MANGIFERA INDICA SEED BUTTER), BEHENTRIMONIUM CHLORIDE, PROPYLENE GLYCOL, DICAPRYLYL CARBONATE, CETEARYL ALCOHOL, CETEARYL GLUCOSIDE, FRAGRANCE (PARFUM), GERANIOL, GUAR HYDROXYPROPYLTRIMONIUM CHLORIDE, ISOPROPYL ALCOHOL, LINALOOL, PHENOXYETHANOL, SODIUM HYDROXIDE, SORBIC ACID, TOCOPHEROL, YELLOW 5 (CI 19140), YELLOW 6 (CI 15985)<\/p>","protected":false},"excerpt":{"rendered":"<p>Geste soin d\u2019exception hautement nutritif, onctueux et g\u00e9n\u00e9reux, ce masque au beurre de Mangue redonne vie \u00e0 la fibre capillaire. Nourrit durablement et profond\u00e9ment sans&#8230;<\/p>","protected":false},"featured_media":10413,"comment_status":"open","ping_status":"closed","template":"","meta":[],"etheme_brands":[{"term_id":487,"name":"KLORANE","slug":"klorane","term_group":0,"term_taxonomy_id":487,"taxonomy":"brand","description":"","parent":0,"count":30,"filter":"raw"}],"product_brand":[],"product_cat":[232,281],"product_tag":[],"class_list":{"0":"post-10412","1":"product","2":"type-product","3":"status-publish","4":"has-post-thumbnail","6":"brand-klorane","7":"product_cat-cheveux","8":"product_cat-masque-cheveux","10":"first","11":"instock","12":"sale","13":"shipping-taxable","14":"purchasable","15":"product-type-simple"},"_links":{"self":[{"href":"https:\/\/calita.ma\/fr\/wp-json\/wp\/v2\/product\/10412","targetHints":{"allow":["GET"]}}],"collection":[{"href":"https:\/\/calita.ma\/fr\/wp-json\/wp\/v2\/product"}],"about":[{"href":"https:\/\/calita.ma\/fr\/wp-json\/wp\/v2\/types\/product"}],"replies":[{"embeddable":true,"href":"https:\/\/calita.ma\/fr\/wp-json\/wp\/v2\/comments?post=10412"}],"version-history":[{"count":1,"href":"https:\/\/calita.ma\/fr\/wp-json\/wp\/v2\/product\/10412\/revisions"}],"predecessor-version":[{"id":10414,"href":"https:\/\/calita.ma\/fr\/wp-json\/wp\/v2\/product\/10412\/revisions\/10414"}],"wp:featuredmedia":[{"embeddable":true,"href":"https:\/\/calita.ma\/fr\/wp-json\/wp\/v2\/media\/10413"}],"wp:attachment":[{"href":"https:\/\/calita.ma\/fr\/wp-json\/wp\/v2\/media?parent=10412"}],"wp:term":[{"taxonomy":"brand","embeddable":true,"href":"https:\/\/calita.ma\/fr\/wp-json\/wp\/v2\/etheme_brands?post=10412"},{"taxonomy":"product_brand","embeddable":true,"href":"https:\/\/calita.ma\/fr\/wp-json\/wp\/v2\/product_brand?post=10412"},{"taxonomy":"product_cat","embeddable":true,"href":"https:\/\/calita.ma\/fr\/wp-json\/wp\/v2\/product_cat?post=10412"},{"taxonomy":"product_tag","embeddable":true,"href":"https:\/\/calita.ma\/fr\/wp-json\/wp\/v2\/product_tag?post=10412"}],"curies":[{"name":"wp","href":"https:\/\/api.w.org\/{rel}","templated":true}]}}