{"id":10110,"date":"2024-12-05T10:00:42","date_gmt":"2024-12-05T10:00:42","guid":{"rendered":"https:\/\/parapharmaciecalifornietah.ma\/?post_type=product&#038;p=10110"},"modified":"2024-12-05T10:00:42","modified_gmt":"2024-12-05T10:00:42","slug":"dermeden-specific-protocole-soin-vergetures-200ml","status":"publish","type":"product","link":"https:\/\/calita.ma\/fr\/produit\/dermeden-specific-protocole-soin-vergetures-200ml\/","title":{"rendered":"DERMEDEN SPECIFIC PROTOCOLE SOIN VERGETURES 200ML"},"content":{"rendered":"<p>Ce traitement vergetures offre une solution compl\u00e8te en nourrissant et en revitalisant votre peau, ciblant efficacement les vergetures tout en favorisant une peau plus ferme et repulp\u00e9e. Contrairement aux produits cosm\u00e9tiques ordinaires qui prennent environ trois mois pour montrer des r\u00e9sultats d\u00e9pigmentants, notre gamme Day Protocole se distingue en r\u00e9v\u00e9lant des r\u00e9sultats visibles d\u00e8s le premier mois, d\u2019apr\u00e8s des \u00e9tudes men\u00e9es. Les vergetures peuvent surgir suite \u00e0 des changements rapides de poids, \u00e0 une croissance rapide ou \u00e0 des transformations corporelles majeures, telles que la pubert\u00e9, la grossesse ou la m\u00e9nopause, affectant diverses parties du corps, comme les hanches, les bras, les fesses et la poitrine. Notre traitement intensif \u00e0 triple action offre une solution puissante. Gr\u00e2ce \u00e0 sa formule concentr\u00e9e d\u2019actifs, il hydrate profond\u00e9ment la peau, pr\u00e9vient l\u2019apparition de nouvelles vergetures et att\u00e9nue celles d\u00e9j\u00e0 pr\u00e9sentes. De plus, il repulpe et tonifie la peau de mani\u00e8re significative. Ce qui distingue notre produit, c\u2019est l\u2019association unique de l\u2019Acide Glycolique, du Centella Asiatica et du R\u00e9tinol, des actifs qui ont fait leurs preuves dans le traitement des vergetures. L\u2019Acide Glycolique, le R\u00e9tinol et le Centella Asiatica agissent efficacement en tant qu\u2019agents anti-vergetures et raffermissants, stimulant la production de collag\u00e8ne et favorisant la cicatrisation. L\u2019huile de Macadamia et l\u2019Acide Hyaluronique, pr\u00e9sents dans notre formule, garantissent une hydratation intense, tandis que l\u2019Acide Dio\u00efque agit en tant qu\u2019anti-\u00e2ge, offrant une solution globale pour la sant\u00e9 et la beaut\u00e9 de votre peau.<\/p>\n<p><strong>Les r\u00e9sultats parlent d\u2019eux-m\u00eames, comme en t\u00e9moignent notre \u00e9tude d\u2019efficacit\u00e9 men\u00e9e sur 28 jours :<\/strong><\/p>\n<ul>\n<li>82% des participants ont constat\u00e9 une peau repulp\u00e9e.<\/li>\n<li>100% ont b\u00e9n\u00e9fici\u00e9 d\u2019une hydratation intense.<\/li>\n<li>82% ont vu leur peau raffermie.<\/li>\n<li>Aucune nouvelle vergeture n\u2019est apparue pour 100% des utilisateurs.<\/li>\n<li>L\u2019aspect des vergetures r\u00e9centes a \u00e9t\u00e9 r\u00e9duit de mani\u00e8re significative pour 82% des participants.<\/li>\n<\/ul>\n<p>Choisissez notre traitement vergetures intensif pour une peau revitalis\u00e9e, repulp\u00e9e et \u00e9clatante de sant\u00e9.<\/p>\n<p><strong>Conseils d\u2019application<\/strong><\/p>\n<ul>\n<li>Pour une efficacit\u00e9 optimale, appliquez notre cr\u00e8me sur une peau bien s\u00e8che de 1 \u00e0 2 fois par jour, en ciblant les zones sensibles telles que le ventre, les cuisses, les hanches et la poitrine.<\/li>\n<li>Effectuez un massage circulaire doux jusqu\u2019\u00e0 ce que la cr\u00e8me soit enti\u00e8rement absorb\u00e9e.<\/li>\n<li>Le massage joue un r\u00f4le crucial, son impact positif sur l\u2019am\u00e9lioration des vergetures ayant \u00e9t\u00e9 prouv\u00e9.<\/li>\n<li>Il est important de noter que notre formule contient des actifs chauffants, ce qui peut provoquer une sensation d\u2019\u00e9chauffement passager.<\/li>\n<li>Soyez rassur\u00e9, cette r\u00e9action est tout \u00e0 fait normale et t\u00e9moigne de l\u2019activation des ingr\u00e9dients pour une meilleure absorption et des r\u00e9sultats optimaux.<\/li>\n<li>Cependant, veuillez prendre en compte que ce produit n\u2019est pas recommand\u00e9 aux femmes enceintes et \u00e0 celles qui allaitent en raison de la pr\u00e9sence de R\u00e9tinol.<\/li>\n<li>La s\u00e9curit\u00e9 de vous et de votre b\u00e9b\u00e9 est notre priorit\u00e9, donc veuillez consulter un professionnel de la sant\u00e9 pour des alternatives s\u00fbres et adapt\u00e9es \u00e0 votre situation.<\/li>\n<li>Pour une exp\u00e9rience compl\u00e8te et des r\u00e9sultats visibles, suivez attentivement ces instructions et offrez \u00e0 votre peau le soin qu\u2019elle m\u00e9rite.<\/li>\n<\/ul>","protected":false},"excerpt":{"rendered":"<p>Ce traitement vergetures offre une solution compl\u00e8te en nourrissant et en revitalisant votre peau, ciblant efficacement les vergetures tout en favorisant une peau plus ferme&#8230;<\/p>","protected":false},"featured_media":10111,"comment_status":"open","ping_status":"closed","template":"","meta":[],"etheme_brands":[{"term_id":491,"name":"DERMEDEN","slug":"dermeden","term_group":0,"term_taxonomy_id":491,"taxonomy":"brand","description":"","parent":0,"count":4,"filter":"raw"}],"product_brand":[],"product_cat":[208,191,448,199,211,143,173,167,192,114],"product_tag":[],"class_list":{"0":"post-10110","1":"product","2":"type-product","3":"status-publish","4":"has-post-thumbnail","6":"brand-dermeden","7":"product_cat-buste-et-jambes","8":"product_cat-corps","9":"product_cat-cremee","10":"product_cat-hydratant","11":"product_cat-hydratant-et-secheresse","12":"product_cat-hydratants-exfoliants","13":"product_cat-reparateurs-anti-bacteriens","14":"product_cat-soins-cibles","15":"product_cat-soins-corps","16":"product_cat-visage","18":"first","19":"instock","20":"sale","21":"shipping-taxable","22":"purchasable","23":"product-type-simple"},"_links":{"self":[{"href":"https:\/\/calita.ma\/fr\/wp-json\/wp\/v2\/product\/10110","targetHints":{"allow":["GET"]}}],"collection":[{"href":"https:\/\/calita.ma\/fr\/wp-json\/wp\/v2\/product"}],"about":[{"href":"https:\/\/calita.ma\/fr\/wp-json\/wp\/v2\/types\/product"}],"replies":[{"embeddable":true,"href":"https:\/\/calita.ma\/fr\/wp-json\/wp\/v2\/comments?post=10110"}],"version-history":[{"count":1,"href":"https:\/\/calita.ma\/fr\/wp-json\/wp\/v2\/product\/10110\/revisions"}],"predecessor-version":[{"id":10112,"href":"https:\/\/calita.ma\/fr\/wp-json\/wp\/v2\/product\/10110\/revisions\/10112"}],"wp:featuredmedia":[{"embeddable":true,"href":"https:\/\/calita.ma\/fr\/wp-json\/wp\/v2\/media\/10111"}],"wp:attachment":[{"href":"https:\/\/calita.ma\/fr\/wp-json\/wp\/v2\/media?parent=10110"}],"wp:term":[{"taxonomy":"brand","embeddable":true,"href":"https:\/\/calita.ma\/fr\/wp-json\/wp\/v2\/etheme_brands?post=10110"},{"taxonomy":"product_brand","embeddable":true,"href":"https:\/\/calita.ma\/fr\/wp-json\/wp\/v2\/product_brand?post=10110"},{"taxonomy":"product_cat","embeddable":true,"href":"https:\/\/calita.ma\/fr\/wp-json\/wp\/v2\/product_cat?post=10110"},{"taxonomy":"product_tag","embeddable":true,"href":"https:\/\/calita.ma\/fr\/wp-json\/wp\/v2\/product_tag?post=10110"}],"curies":[{"name":"wp","href":"https:\/\/api.w.org\/{rel}","templated":true}]}}