{"id":10033,"date":"2024-12-04T10:46:11","date_gmt":"2024-12-04T10:46:11","guid":{"rendered":"https:\/\/parapharmaciecalifornietah.ma\/?post_type=product&#038;p=10033"},"modified":"2024-12-04T10:48:27","modified_gmt":"2024-12-04T10:48:27","slug":"neutraderm-gel-douche-surgras-dermo-protecteur-pompe-500ml","status":"publish","type":"product","link":"https:\/\/calita.ma\/fr\/produit\/neutraderm-gel-douche-surgras-dermo-protecteur-pompe-500ml\/","title":{"rendered":"NEUTRADERM GEL DOUCHE SURGRAS DERMO PROTECTEUR POMPE 500ML"},"content":{"rendered":"<p>Le Gel Douche Surgras Dermo-Protecteur offre un soin quotidien id\u00e9al pour toute la famille, nettoyant la peau en douceur tout en pr\u00e9servant le film hydrolipidique essentiel. Con\u00e7u pour renforcer la barri\u00e8re cutan\u00e9e et prot\u00e9ger l\u2019\u00e9piderme des effets dess\u00e9chants du calcaire, ce gel douche assure une exp\u00e9rience agr\u00e9able et laisse la peau confortable, nourrie et douce.<\/p>\n<p>Sa formule sans savon, au pH neutre, est enrichie en actifs et ingr\u00e9dients qui respectent l\u2019\u00e9quilibre naturel de votre peau :<\/p>\n<p>L\u2019huile d\u2019amande douce, agent hydratant, am\u00e9liore l\u2019extensibilit\u00e9 et la souplesse de la peau.<br \/>\nLa provitamine B5, hydratante, apaise la peau et am\u00e9liore son hydratation.<br \/>\nLe Gel Douche Surgras Dermo-Protecteur se distingue par sa composition respectueuse de l\u2019environnement, avec 96% d\u2019ingr\u00e9dients biod\u00e9gradables et 10% d\u2019Active Oligo Skin Complex.<\/p>\n<p>Retrouvez la douceur et l\u2019\u00e9lasticit\u00e9 de votre peau gr\u00e2ce \u00e0 ce gel douche anti-dess\u00e8chement.<\/p>\n<p>Tests d\u2019efficacit\u00e9:<\/p>\n<p>95% de satisfaction selon un test d\u2019usage dermatologique sur 107 volontaires, \u00e2g\u00e9s de 21 \u00e0 69 ans, pendant 21 jours, indiquant :<\/p>\n<p>95% de nettoyage en douceur et de rin\u00e7age facile.<br \/>\n93% de peau douce apr\u00e8s la douche.<br \/>\n89% de respect du film hydrolipidique de la peau.<br \/>\n88% de non-tiraillement de la peau apr\u00e8s la douche.<br \/>\nConseils d\u2019Application:<\/p>\n<p>Appliquer sur la peau humide.<br \/>\nFaire mousser g\u00e9n\u00e9reusement.<br \/>\nRincer abondamment.<\/p>","protected":false},"excerpt":{"rendered":"<p>Le Gel Douche Surgras Dermo-Protecteur offre un soin quotidien id\u00e9al pour toute la famille, nettoyant la peau en douceur tout en pr\u00e9servant le film hydrolipidique&#8230;<\/p>","protected":false},"featured_media":10034,"comment_status":"open","ping_status":"closed","template":"","meta":[],"etheme_brands":[{"term_id":488,"name":"NEUTRADERM","slug":"neutraderm","term_group":0,"term_taxonomy_id":488,"taxonomy":"brand","description":"","parent":0,"count":11,"filter":"raw"}],"product_brand":[],"product_cat":[285,450,208,191,289,211,286,444,307,304,430,192,438],"product_tag":[],"class_list":{"0":"post-10033","1":"product","2":"type-product","3":"status-publish","4":"has-post-thumbnail","6":"brand-neutraderm","7":"product_cat-bebe-maman","8":"product_cat-bebe-nourrissons","9":"product_cat-buste-et-jambes","10":"product_cat-corps","11":"product_cat-corps-hygiene-bebe-maman","12":"product_cat-hydratant-et-secheresse","13":"product_cat-hygiene-bebe-maman","14":"product_cat-hygiene-soins-corps","15":"product_cat-hygiene-maman","16":"product_cat-maman","17":"product_cat-nettoyant-soins-corps","18":"product_cat-soins-corps","19":"product_cat-visage-hygiene-bebe-maman","21":"first","22":"instock","23":"sale","24":"shipping-taxable","25":"purchasable","26":"product-type-simple"},"_links":{"self":[{"href":"https:\/\/calita.ma\/fr\/wp-json\/wp\/v2\/product\/10033","targetHints":{"allow":["GET"]}}],"collection":[{"href":"https:\/\/calita.ma\/fr\/wp-json\/wp\/v2\/product"}],"about":[{"href":"https:\/\/calita.ma\/fr\/wp-json\/wp\/v2\/types\/product"}],"replies":[{"embeddable":true,"href":"https:\/\/calita.ma\/fr\/wp-json\/wp\/v2\/comments?post=10033"}],"version-history":[{"count":1,"href":"https:\/\/calita.ma\/fr\/wp-json\/wp\/v2\/product\/10033\/revisions"}],"predecessor-version":[{"id":10035,"href":"https:\/\/calita.ma\/fr\/wp-json\/wp\/v2\/product\/10033\/revisions\/10035"}],"wp:featuredmedia":[{"embeddable":true,"href":"https:\/\/calita.ma\/fr\/wp-json\/wp\/v2\/media\/10034"}],"wp:attachment":[{"href":"https:\/\/calita.ma\/fr\/wp-json\/wp\/v2\/media?parent=10033"}],"wp:term":[{"taxonomy":"brand","embeddable":true,"href":"https:\/\/calita.ma\/fr\/wp-json\/wp\/v2\/etheme_brands?post=10033"},{"taxonomy":"product_brand","embeddable":true,"href":"https:\/\/calita.ma\/fr\/wp-json\/wp\/v2\/product_brand?post=10033"},{"taxonomy":"product_cat","embeddable":true,"href":"https:\/\/calita.ma\/fr\/wp-json\/wp\/v2\/product_cat?post=10033"},{"taxonomy":"product_tag","embeddable":true,"href":"https:\/\/calita.ma\/fr\/wp-json\/wp\/v2\/product_tag?post=10033"}],"curies":[{"name":"wp","href":"https:\/\/api.w.org\/{rel}","templated":true}]}}