{"id":10020,"date":"2024-12-04T10:28:19","date_gmt":"2024-12-04T10:28:19","guid":{"rendered":"https:\/\/parapharmaciecalifornietah.ma\/?post_type=product&#038;p=10020"},"modified":"2024-12-04T10:28:20","modified_gmt":"2024-12-04T10:28:20","slug":"codexial-enocare-gel-lavant-surgras-400ml","status":"publish","type":"product","link":"https:\/\/calita.ma\/fr\/produit\/codexial-enocare-gel-lavant-surgras-400ml\/","title":{"rendered":"CODEXIAL ENOCARE GEL LAVANT SURGRAS 400ML"},"content":{"rendered":"<p>D\u00e9couvrez notre Gel Lavant Surgras, un nettoyant doux et protecteur sans savon con\u00e7u pour nourrir, prot\u00e9ger et nettoyer en douceur la peau et les cheveux.<\/p>\n<p>Ce gel nettoyant, d\u2019une couleur bleut\u00e9e naturelle et d\u00e9pourvu de savon, \u00e9limine efficacement toutes les impuret\u00e9s tout en pr\u00e9servant l\u2019\u00e9quilibre des peaux les plus sensibles. Gr\u00e2ce \u00e0 ses propri\u00e9t\u00e9s apaisantes, il r\u00e9duit les sensations d\u2019inconfort cutan\u00e9, laissant la peau propre, douce et hydrat\u00e9e.<\/p>\n<p>Pour une peau parfaitement propre sans irritation ni agression, notre Gel Lavant Surgras associe des propri\u00e9t\u00e9s assainissantes et hydratantes pour nettoyer la peau en douceur tout en pr\u00e9servant son film hydrolipidique.<\/p>\n<p>Id\u00e9al pour les peaux s\u00e8ches et sensibles sujettes aux inconforts cutan\u00e9s, telles que les tiraillements, les picotements et les d\u00e9mangeaisons, ce gel lavant offre une protection et un nettoyage tout en douceur, adapt\u00e9 \u00e0 toute la famille, y compris les nourrissons.<\/p>\n<ul>\n<li>Sa formule sans savon permet de nettoyer efficacement le corps, le visage et le cuir chevelu, tout en se rin\u00e7ant facilement et sans irriter les yeux.<\/li>\n<li>Test\u00e9 sous contr\u00f4le dermatologique, notre Gel Lavant Surgras offre une tr\u00e8s bonne tol\u00e9rance, m\u00eame sur les peaux les plus sensibles, pour une sensation de propret\u00e9 et de confort au quotidien.<\/li>\n<\/ul>\n<p><strong>Mode d\u2019emploi :\u00a0<\/strong><\/p>\n<ul>\n<li>Pour l\u2019utilisation, pr\u00e9levez une quantit\u00e9 suffisante de gel dans vos mains, appliquez en massages circulaires sur la peau humide du corps, du visage ou des cheveux, puis rincez abondamment \u00e0 l\u2019eau claire.<\/li>\n<li>\u00c9vitez le contact avec les yeux, et en cas de contact accidentel, rincez imm\u00e9diatement et abondamment \u00e0 l\u2019eau claire.<\/li>\n<\/ul>","protected":false},"excerpt":{"rendered":"<p>D\u00e9couvrez notre Gel Lavant Surgras, un nettoyant doux et protecteur sans savon con\u00e7u pour nourrir, prot\u00e9ger et nettoyer en douceur la peau et les cheveux&#8230;.<\/p>","protected":false},"featured_media":10025,"comment_status":"open","ping_status":"closed","template":"","meta":[],"etheme_brands":[{"term_id":489,"name":"CODEXIAL","slug":"codexial","term_group":0,"term_taxonomy_id":489,"taxonomy":"brand","description":"","parent":0,"count":10,"filter":"raw"}],"product_brand":[],"product_cat":[191,87,444,113,111,192],"product_tag":[],"class_list":{"0":"post-10020","1":"product","2":"type-product","3":"status-publish","4":"has-post-thumbnail","6":"brand-codexial","7":"product_cat-corps","8":"product_cat-corps-et-visage","9":"product_cat-hygiene-soins-corps","10":"product_cat-hygiene","11":"product_cat-hygiene-corps","12":"product_cat-soins-corps","14":"first","15":"instock","16":"sale","17":"shipping-taxable","18":"purchasable","19":"product-type-simple"},"_links":{"self":[{"href":"https:\/\/calita.ma\/fr\/wp-json\/wp\/v2\/product\/10020","targetHints":{"allow":["GET"]}}],"collection":[{"href":"https:\/\/calita.ma\/fr\/wp-json\/wp\/v2\/product"}],"about":[{"href":"https:\/\/calita.ma\/fr\/wp-json\/wp\/v2\/types\/product"}],"replies":[{"embeddable":true,"href":"https:\/\/calita.ma\/fr\/wp-json\/wp\/v2\/comments?post=10020"}],"version-history":[{"count":1,"href":"https:\/\/calita.ma\/fr\/wp-json\/wp\/v2\/product\/10020\/revisions"}],"predecessor-version":[{"id":10026,"href":"https:\/\/calita.ma\/fr\/wp-json\/wp\/v2\/product\/10020\/revisions\/10026"}],"wp:featuredmedia":[{"embeddable":true,"href":"https:\/\/calita.ma\/fr\/wp-json\/wp\/v2\/media\/10025"}],"wp:attachment":[{"href":"https:\/\/calita.ma\/fr\/wp-json\/wp\/v2\/media?parent=10020"}],"wp:term":[{"taxonomy":"brand","embeddable":true,"href":"https:\/\/calita.ma\/fr\/wp-json\/wp\/v2\/etheme_brands?post=10020"},{"taxonomy":"product_brand","embeddable":true,"href":"https:\/\/calita.ma\/fr\/wp-json\/wp\/v2\/product_brand?post=10020"},{"taxonomy":"product_cat","embeddable":true,"href":"https:\/\/calita.ma\/fr\/wp-json\/wp\/v2\/product_cat?post=10020"},{"taxonomy":"product_tag","embeddable":true,"href":"https:\/\/calita.ma\/fr\/wp-json\/wp\/v2\/product_tag?post=10020"}],"curies":[{"name":"wp","href":"https:\/\/api.w.org\/{rel}","templated":true}]}}